{"id":6563,"date":"2021-02-09T12:03:37","date_gmt":"2021-02-09T11:03:37","guid":{"rendered":"https:\/\/www.aristarco.it\/?page_id=6563"},"modified":"2021-02-09T14:57:25","modified_gmt":"2021-02-09T13:57:25","slug":"lave-vaisselles-convoyeur","status":"publish","type":"page","link":"https:\/\/www.aristarco.it\/fr\/lavage\/tipologie\/lave-vaisselles-convoyeur\/","title":{"rendered":"Lave-vaisselles Convoyeur"},"content":{"rendered":"<h3>Con\u00e7us pour garantir une efficacit\u00e9 maximale de lavage, les lave-vaisselle \u00e0 avancement automatique Aristarco repr\u00e9sentent la solution id\u00e9ale pour les charges de travail les plus exigeantes comme restaurants, cantines, \u00e9coles, h\u00f4pitaux, h\u00f4tels, grands bateaux, services de restauration et a\u00e9roports.<\/h3>\n<p>ls peuvent \u00eatre dot\u00e9s d\u2019une large gamme d\u2019accessoires, aussi bien en entr\u00e9e qu\u2019en sortie, pour permettre le lavage de grandes quantit\u00e9s de vaisselle avec un minimum de personnel.<\/p>\n","protected":false},"excerpt":{"rendered":"<p>Con\u00e7us pour garantir une efficacit\u00e9 maximale de lavage, les lave-vaisselle \u00e0 avancement automatique Aristarco repr\u00e9sentent la solution id\u00e9ale pour les charges de travail les plus exigeantes comme restaurants, cantines, \u00e9coles, h\u00f4pitaux, h\u00f4tels, grands bateaux, services de restauration et a\u00e9roports. ls peuvent \u00eatre dot\u00e9s d\u2019une large gamme d\u2019accessoires, aussi bien en entr\u00e9e qu\u2019en sortie, pour permettre [&hellip;]<\/p>\n","protected":false},"author":5,"featured_media":6619,"parent":4585,"menu_order":1177,"comment_status":"closed","ping_status":"closed","template":"type.php","meta":{"_acf_changed":false,"footnotes":""},"class_list":["post-6563","page","type-page","status-publish","has-post-thumbnail","hentry"],"acf":[],"yoast_head":"<!-- This site is optimized with the Yoast SEO plugin v27.4 - https:\/\/yoast.com\/product\/yoast-seo-wordpress\/ -->\n<title>Lave-vaisselles Convoyeur - Aristarco<\/title>\n<meta name=\"robots\" content=\"index, follow, max-snippet:-1, max-image-preview:large, max-video-preview:-1\" \/>\n<link rel=\"canonical\" href=\"https:\/\/www.aristarco.it\/fr\/lavage\/tipologie\/lave-vaisselles-convoyeur\/\" \/>\n<meta property=\"og:locale\" content=\"fr_FR\" \/>\n<meta property=\"og:type\" content=\"article\" \/>\n<meta property=\"og:title\" content=\"Lave-vaisselles Convoyeur - Aristarco\" \/>\n<meta property=\"og:description\" content=\"Con\u00e7us pour garantir une efficacit\u00e9 maximale de lavage, les lave-vaisselle \u00e0 avancement automatique Aristarco repr\u00e9sentent la solution id\u00e9ale pour les charges de travail les plus exigeantes comme restaurants, cantines, \u00e9coles, h\u00f4pitaux, h\u00f4tels, grands bateaux, services de restauration et a\u00e9roports. ls peuvent \u00eatre dot\u00e9s d\u2019une large gamme d\u2019accessoires, aussi bien en entr\u00e9e qu\u2019en sortie, pour permettre [&hellip;]\" \/>\n<meta property=\"og:url\" content=\"https:\/\/www.aristarco.it\/fr\/lavage\/tipologie\/lave-vaisselles-convoyeur\/\" \/>\n<meta property=\"og:site_name\" content=\"Aristarco\" \/>\n<meta property=\"article:publisher\" content=\"https:\/\/www.facebook.com\/aristarcospa\" \/>\n<meta property=\"article:modified_time\" content=\"2021-02-09T13:57:25+00:00\" \/>\n<meta property=\"og:image\" content=\"https:\/\/www.aristarco.it\/wp-content\/uploads\/2020\/06\/AFX_LIST2-1024x868.png\" \/>\n\t<meta property=\"og:image:width\" content=\"1024\" \/>\n\t<meta property=\"og:image:height\" content=\"868\" \/>\n\t<meta property=\"og:image:type\" content=\"image\/png\" \/>\n<meta name=\"twitter:card\" content=\"summary_large_image\" \/>\n<script type=\"application\/ld+json\" class=\"yoast-schema-graph\">{\"@context\":\"https:\\\/\\\/schema.org\",\"@graph\":[{\"@type\":\"WebPage\",\"@id\":\"https:\\\/\\\/www.aristarco.it\\\/fr\\\/lavage\\\/tipologie\\\/lave-vaisselles-convoyeur\\\/\",\"url\":\"https:\\\/\\\/www.aristarco.it\\\/fr\\\/lavage\\\/tipologie\\\/lave-vaisselles-convoyeur\\\/\",\"name\":\"Lave-vaisselles Convoyeur - Aristarco\",\"isPartOf\":{\"@id\":\"https:\\\/\\\/www.aristarco.it\\\/fr\\\/#website\"},\"primaryImageOfPage\":{\"@id\":\"https:\\\/\\\/www.aristarco.it\\\/fr\\\/lavage\\\/tipologie\\\/lave-vaisselles-convoyeur\\\/#primaryimage\"},\"image\":{\"@id\":\"https:\\\/\\\/www.aristarco.it\\\/fr\\\/lavage\\\/tipologie\\\/lave-vaisselles-convoyeur\\\/#primaryimage\"},\"thumbnailUrl\":\"https:\\\/\\\/www.aristarco.it\\\/wp-content\\\/uploads\\\/2020\\\/06\\\/AFX_LIST2.png\",\"datePublished\":\"2021-02-09T11:03:37+00:00\",\"dateModified\":\"2021-02-09T13:57:25+00:00\",\"breadcrumb\":{\"@id\":\"https:\\\/\\\/www.aristarco.it\\\/fr\\\/lavage\\\/tipologie\\\/lave-vaisselles-convoyeur\\\/#breadcrumb\"},\"inLanguage\":\"fr-FR\",\"potentialAction\":[{\"@type\":\"ReadAction\",\"target\":[\"https:\\\/\\\/www.aristarco.it\\\/fr\\\/lavage\\\/tipologie\\\/lave-vaisselles-convoyeur\\\/\"]}]},{\"@type\":\"ImageObject\",\"inLanguage\":\"fr-FR\",\"@id\":\"https:\\\/\\\/www.aristarco.it\\\/fr\\\/lavage\\\/tipologie\\\/lave-vaisselles-convoyeur\\\/#primaryimage\",\"url\":\"https:\\\/\\\/www.aristarco.it\\\/wp-content\\\/uploads\\\/2020\\\/06\\\/AFX_LIST2.png\",\"contentUrl\":\"https:\\\/\\\/www.aristarco.it\\\/wp-content\\\/uploads\\\/2020\\\/06\\\/AFX_LIST2.png\",\"width\":1770,\"height\":1500},{\"@type\":\"BreadcrumbList\",\"@id\":\"https:\\\/\\\/www.aristarco.it\\\/fr\\\/lavage\\\/tipologie\\\/lave-vaisselles-convoyeur\\\/#breadcrumb\",\"itemListElement\":[{\"@type\":\"ListItem\",\"position\":1,\"name\":\"Home\",\"item\":\"https:\\\/\\\/www.aristarco.it\\\/fr\\\/\"},{\"@type\":\"ListItem\",\"position\":2,\"name\":\"Lavage\",\"item\":\"https:\\\/\\\/www.aristarco.it\\\/fr\\\/lavage\\\/\"},{\"@type\":\"ListItem\",\"position\":3,\"name\":\"Typologie\",\"item\":\"https:\\\/\\\/www.aristarco.it\\\/fr\\\/lavage\\\/tipologie\\\/\"},{\"@type\":\"ListItem\",\"position\":4,\"name\":\"Lave-vaisselles Convoyeur\"}]},{\"@type\":\"WebSite\",\"@id\":\"https:\\\/\\\/www.aristarco.it\\\/fr\\\/#website\",\"url\":\"https:\\\/\\\/www.aristarco.it\\\/fr\\\/\",\"name\":\"Aristarco\",\"description\":\"A family of washing &amp; ice\",\"publisher\":{\"@id\":\"https:\\\/\\\/www.aristarco.it\\\/fr\\\/#organization\"},\"potentialAction\":[{\"@type\":\"SearchAction\",\"target\":{\"@type\":\"EntryPoint\",\"urlTemplate\":\"https:\\\/\\\/www.aristarco.it\\\/fr\\\/?s={search_term_string}\"},\"query-input\":{\"@type\":\"PropertyValueSpecification\",\"valueRequired\":true,\"valueName\":\"search_term_string\"}}],\"inLanguage\":\"fr-FR\"},{\"@type\":\"Organization\",\"@id\":\"https:\\\/\\\/www.aristarco.it\\\/fr\\\/#organization\",\"name\":\"Aristarco S.p.A.\",\"url\":\"https:\\\/\\\/www.aristarco.it\\\/fr\\\/\",\"logo\":{\"@type\":\"ImageObject\",\"inLanguage\":\"fr-FR\",\"@id\":\"https:\\\/\\\/www.aristarco.it\\\/fr\\\/#\\\/schema\\\/logo\\\/image\\\/\",\"url\":\"https:\\\/\\\/www.aristarco.it\\\/wp-content\\\/uploads\\\/2018\\\/09\\\/logo.png\",\"contentUrl\":\"https:\\\/\\\/www.aristarco.it\\\/wp-content\\\/uploads\\\/2018\\\/09\\\/logo.png\",\"width\":560,\"height\":99,\"caption\":\"Aristarco S.p.A.\"},\"image\":{\"@id\":\"https:\\\/\\\/www.aristarco.it\\\/fr\\\/#\\\/schema\\\/logo\\\/image\\\/\"},\"sameAs\":[\"https:\\\/\\\/www.facebook.com\\\/aristarcospa\",\"https:\\\/\\\/www.linkedin.com\\\/company\\\/24691537\\\/admin\\\/\",\"https:\\\/\\\/www.instagram.com\\\/aristarco_spa\\\/\"]}]}<\/script>\n<!-- \/ Yoast SEO plugin. -->","yoast_head_json":{"title":"Lave-vaisselles Convoyeur - Aristarco","robots":{"index":"index","follow":"follow","max-snippet":"max-snippet:-1","max-image-preview":"max-image-preview:large","max-video-preview":"max-video-preview:-1"},"canonical":"https:\/\/www.aristarco.it\/fr\/lavage\/tipologie\/lave-vaisselles-convoyeur\/","og_locale":"fr_FR","og_type":"article","og_title":"Lave-vaisselles Convoyeur - Aristarco","og_description":"Con\u00e7us pour garantir une efficacit\u00e9 maximale de lavage, les lave-vaisselle \u00e0 avancement automatique Aristarco repr\u00e9sentent la solution id\u00e9ale pour les charges de travail les plus exigeantes comme restaurants, cantines, \u00e9coles, h\u00f4pitaux, h\u00f4tels, grands bateaux, services de restauration et a\u00e9roports. ls peuvent \u00eatre dot\u00e9s d\u2019une large gamme d\u2019accessoires, aussi bien en entr\u00e9e qu\u2019en sortie, pour permettre [&hellip;]","og_url":"https:\/\/www.aristarco.it\/fr\/lavage\/tipologie\/lave-vaisselles-convoyeur\/","og_site_name":"Aristarco","article_publisher":"https:\/\/www.facebook.com\/aristarcospa","article_modified_time":"2021-02-09T13:57:25+00:00","og_image":[{"width":1024,"height":868,"url":"https:\/\/www.aristarco.it\/wp-content\/uploads\/2020\/06\/AFX_LIST2-1024x868.png","type":"image\/png"}],"twitter_card":"summary_large_image","schema":{"@context":"https:\/\/schema.org","@graph":[{"@type":"WebPage","@id":"https:\/\/www.aristarco.it\/fr\/lavage\/tipologie\/lave-vaisselles-convoyeur\/","url":"https:\/\/www.aristarco.it\/fr\/lavage\/tipologie\/lave-vaisselles-convoyeur\/","name":"Lave-vaisselles Convoyeur - Aristarco","isPartOf":{"@id":"https:\/\/www.aristarco.it\/fr\/#website"},"primaryImageOfPage":{"@id":"https:\/\/www.aristarco.it\/fr\/lavage\/tipologie\/lave-vaisselles-convoyeur\/#primaryimage"},"image":{"@id":"https:\/\/www.aristarco.it\/fr\/lavage\/tipologie\/lave-vaisselles-convoyeur\/#primaryimage"},"thumbnailUrl":"https:\/\/www.aristarco.it\/wp-content\/uploads\/2020\/06\/AFX_LIST2.png","datePublished":"2021-02-09T11:03:37+00:00","dateModified":"2021-02-09T13:57:25+00:00","breadcrumb":{"@id":"https:\/\/www.aristarco.it\/fr\/lavage\/tipologie\/lave-vaisselles-convoyeur\/#breadcrumb"},"inLanguage":"fr-FR","potentialAction":[{"@type":"ReadAction","target":["https:\/\/www.aristarco.it\/fr\/lavage\/tipologie\/lave-vaisselles-convoyeur\/"]}]},{"@type":"ImageObject","inLanguage":"fr-FR","@id":"https:\/\/www.aristarco.it\/fr\/lavage\/tipologie\/lave-vaisselles-convoyeur\/#primaryimage","url":"https:\/\/www.aristarco.it\/wp-content\/uploads\/2020\/06\/AFX_LIST2.png","contentUrl":"https:\/\/www.aristarco.it\/wp-content\/uploads\/2020\/06\/AFX_LIST2.png","width":1770,"height":1500},{"@type":"BreadcrumbList","@id":"https:\/\/www.aristarco.it\/fr\/lavage\/tipologie\/lave-vaisselles-convoyeur\/#breadcrumb","itemListElement":[{"@type":"ListItem","position":1,"name":"Home","item":"https:\/\/www.aristarco.it\/fr\/"},{"@type":"ListItem","position":2,"name":"Lavage","item":"https:\/\/www.aristarco.it\/fr\/lavage\/"},{"@type":"ListItem","position":3,"name":"Typologie","item":"https:\/\/www.aristarco.it\/fr\/lavage\/tipologie\/"},{"@type":"ListItem","position":4,"name":"Lave-vaisselles Convoyeur"}]},{"@type":"WebSite","@id":"https:\/\/www.aristarco.it\/fr\/#website","url":"https:\/\/www.aristarco.it\/fr\/","name":"Aristarco","description":"A family of washing &amp; ice","publisher":{"@id":"https:\/\/www.aristarco.it\/fr\/#organization"},"potentialAction":[{"@type":"SearchAction","target":{"@type":"EntryPoint","urlTemplate":"https:\/\/www.aristarco.it\/fr\/?s={search_term_string}"},"query-input":{"@type":"PropertyValueSpecification","valueRequired":true,"valueName":"search_term_string"}}],"inLanguage":"fr-FR"},{"@type":"Organization","@id":"https:\/\/www.aristarco.it\/fr\/#organization","name":"Aristarco S.p.A.","url":"https:\/\/www.aristarco.it\/fr\/","logo":{"@type":"ImageObject","inLanguage":"fr-FR","@id":"https:\/\/www.aristarco.it\/fr\/#\/schema\/logo\/image\/","url":"https:\/\/www.aristarco.it\/wp-content\/uploads\/2018\/09\/logo.png","contentUrl":"https:\/\/www.aristarco.it\/wp-content\/uploads\/2018\/09\/logo.png","width":560,"height":99,"caption":"Aristarco S.p.A."},"image":{"@id":"https:\/\/www.aristarco.it\/fr\/#\/schema\/logo\/image\/"},"sameAs":["https:\/\/www.facebook.com\/aristarcospa","https:\/\/www.linkedin.com\/company\/24691537\/admin\/","https:\/\/www.instagram.com\/aristarco_spa\/"]}]}},"_links":{"self":[{"href":"https:\/\/www.aristarco.it\/fr\/wp-json\/wp\/v2\/pages\/6563","targetHints":{"allow":["GET"]}}],"collection":[{"href":"https:\/\/www.aristarco.it\/fr\/wp-json\/wp\/v2\/pages"}],"about":[{"href":"https:\/\/www.aristarco.it\/fr\/wp-json\/wp\/v2\/types\/page"}],"author":[{"embeddable":true,"href":"https:\/\/www.aristarco.it\/fr\/wp-json\/wp\/v2\/users\/5"}],"replies":[{"embeddable":true,"href":"https:\/\/www.aristarco.it\/fr\/wp-json\/wp\/v2\/comments?post=6563"}],"version-history":[{"count":2,"href":"https:\/\/www.aristarco.it\/fr\/wp-json\/wp\/v2\/pages\/6563\/revisions"}],"predecessor-version":[{"id":12158,"href":"https:\/\/www.aristarco.it\/fr\/wp-json\/wp\/v2\/pages\/6563\/revisions\/12158"}],"up":[{"embeddable":true,"href":"https:\/\/www.aristarco.it\/fr\/wp-json\/wp\/v2\/pages\/4585"}],"wp:featuredmedia":[{"embeddable":true,"href":"https:\/\/www.aristarco.it\/fr\/wp-json\/wp\/v2\/media\/6619"}],"wp:attachment":[{"href":"https:\/\/www.aristarco.it\/fr\/wp-json\/wp\/v2\/media?parent=6563"}],"curies":[{"name":"wp","href":"https:\/\/api.w.org\/{rel}","templated":true}]}}