{"id":4883,"date":"2018-09-19T18:17:48","date_gmt":"2018-09-19T16:17:19","guid":{"rendered":"https:\/\/www.aristarco.it\/ghiaccio\/applicazioni\/hotel-ristorante\/"},"modified":"2021-02-19T13:45:34","modified_gmt":"2021-02-19T12:45:34","slug":"hotel-ristorante","status":"publish","type":"page","link":"https:\/\/www.aristarco.it\/fr\/glacon\/applicazioni\/hotel-ristorante\/","title":{"rendered":"H\u00f4tel\/Restaurant"},"content":{"rendered":"<h2>Conservation des aliments, boissons glac\u00e9es: les besoins des h\u00f4tels et restaurants sont nombreux et extr\u00eamement vari\u00e9s.<\/h2>\n<p id=\"tw-target-text\" class=\"tw-data-text tw-text-large XcVN5d tw-ta\" dir=\"ltr\" data-placeholder=\"Traduzione\"><span lang=\"fr\">Aristarco est en mesure de les satisfaire gr\u00e2ce \u00e0 des solutions technologiques et fiables qui mettent \u00e0 disposition de grandes quantit\u00e9s de glace tout au long de la journ\u00e9e de travail.<\/span><\/p>\n","protected":false},"excerpt":{"rendered":"<p>Conservation des aliments, boissons glac\u00e9es: les besoins des h\u00f4tels et restaurants sont nombreux et extr\u00eamement vari\u00e9s. Aristarco est en mesure de les satisfaire gr\u00e2ce \u00e0 des solutions technologiques et fiables qui mettent \u00e0 disposition de grandes quantit\u00e9s de glace tout au long de la journ\u00e9e de travail.<\/p>\n","protected":false},"author":3,"featured_media":7433,"parent":4830,"menu_order":1,"comment_status":"closed","ping_status":"closed","template":"applications.php","meta":{"_acf_changed":false,"footnotes":""},"class_list":["post-4883","page","type-page","status-publish","has-post-thumbnail","hentry"],"acf":[],"yoast_head":"<!-- This site is optimized with the Yoast SEO plugin v27.3 - https:\/\/yoast.com\/product\/yoast-seo-wordpress\/ -->\n<title>H\u00f4tel\/Restaurant - Aristarco<\/title>\n<meta name=\"robots\" content=\"index, follow, max-snippet:-1, max-image-preview:large, max-video-preview:-1\" \/>\n<link rel=\"canonical\" href=\"https:\/\/www.aristarco.it\/fr\/glacon\/applicazioni\/hotel-ristorante\/\" \/>\n<meta property=\"og:locale\" content=\"fr_FR\" \/>\n<meta property=\"og:type\" content=\"article\" \/>\n<meta property=\"og:title\" content=\"H\u00f4tel\/Restaurant - Aristarco\" \/>\n<meta property=\"og:description\" content=\"Conservation des aliments, boissons glac\u00e9es: les besoins des h\u00f4tels et restaurants sont nombreux et extr\u00eamement vari\u00e9s. Aristarco est en mesure de les satisfaire gr\u00e2ce \u00e0 des solutions technologiques et fiables qui mettent \u00e0 disposition de grandes quantit\u00e9s de glace tout au long de la journ\u00e9e de travail.\" \/>\n<meta property=\"og:url\" content=\"https:\/\/www.aristarco.it\/fr\/glacon\/applicazioni\/hotel-ristorante\/\" \/>\n<meta property=\"og:site_name\" content=\"Aristarco\" \/>\n<meta property=\"article:publisher\" content=\"https:\/\/www.facebook.com\/aristarcospa\" \/>\n<meta property=\"article:modified_time\" content=\"2021-02-19T12:45:34+00:00\" \/>\n<meta property=\"og:image\" content=\"https:\/\/www.aristarco.it\/wp-content\/uploads\/2020\/07\/2-1024x918.png\" \/>\n\t<meta property=\"og:image:width\" content=\"1024\" \/>\n\t<meta property=\"og:image:height\" content=\"918\" \/>\n\t<meta property=\"og:image:type\" content=\"image\/png\" \/>\n<meta name=\"twitter:card\" content=\"summary_large_image\" \/>\n<script type=\"application\/ld+json\" class=\"yoast-schema-graph\">{\"@context\":\"https:\\\/\\\/schema.org\",\"@graph\":[{\"@type\":\"WebPage\",\"@id\":\"https:\\\/\\\/www.aristarco.it\\\/fr\\\/glacon\\\/applicazioni\\\/hotel-ristorante\\\/\",\"url\":\"https:\\\/\\\/www.aristarco.it\\\/fr\\\/glacon\\\/applicazioni\\\/hotel-ristorante\\\/\",\"name\":\"H\u00f4tel\\\/Restaurant - Aristarco\",\"isPartOf\":{\"@id\":\"https:\\\/\\\/www.aristarco.it\\\/fr\\\/#website\"},\"primaryImageOfPage\":{\"@id\":\"https:\\\/\\\/www.aristarco.it\\\/fr\\\/glacon\\\/applicazioni\\\/hotel-ristorante\\\/#primaryimage\"},\"image\":{\"@id\":\"https:\\\/\\\/www.aristarco.it\\\/fr\\\/glacon\\\/applicazioni\\\/hotel-ristorante\\\/#primaryimage\"},\"thumbnailUrl\":\"https:\\\/\\\/www.aristarco.it\\\/wp-content\\\/uploads\\\/2020\\\/07\\\/2.png\",\"datePublished\":\"2018-09-19T16:17:19+00:00\",\"dateModified\":\"2021-02-19T12:45:34+00:00\",\"breadcrumb\":{\"@id\":\"https:\\\/\\\/www.aristarco.it\\\/fr\\\/glacon\\\/applicazioni\\\/hotel-ristorante\\\/#breadcrumb\"},\"inLanguage\":\"fr-FR\",\"potentialAction\":[{\"@type\":\"ReadAction\",\"target\":[\"https:\\\/\\\/www.aristarco.it\\\/fr\\\/glacon\\\/applicazioni\\\/hotel-ristorante\\\/\"]}]},{\"@type\":\"ImageObject\",\"inLanguage\":\"fr-FR\",\"@id\":\"https:\\\/\\\/www.aristarco.it\\\/fr\\\/glacon\\\/applicazioni\\\/hotel-ristorante\\\/#primaryimage\",\"url\":\"https:\\\/\\\/www.aristarco.it\\\/wp-content\\\/uploads\\\/2020\\\/07\\\/2.png\",\"contentUrl\":\"https:\\\/\\\/www.aristarco.it\\\/wp-content\\\/uploads\\\/2020\\\/07\\\/2.png\",\"width\":1500,\"height\":1345},{\"@type\":\"BreadcrumbList\",\"@id\":\"https:\\\/\\\/www.aristarco.it\\\/fr\\\/glacon\\\/applicazioni\\\/hotel-ristorante\\\/#breadcrumb\",\"itemListElement\":[{\"@type\":\"ListItem\",\"position\":1,\"name\":\"Home\",\"item\":\"https:\\\/\\\/www.aristarco.it\\\/fr\\\/\"},{\"@type\":\"ListItem\",\"position\":2,\"name\":\"Gla\u00e7on\",\"item\":\"https:\\\/\\\/www.aristarco.it\\\/fr\\\/glacon\\\/\"},{\"@type\":\"ListItem\",\"position\":3,\"name\":\"Domaines d\u2019application\",\"item\":\"https:\\\/\\\/www.aristarco.it\\\/fr\\\/glacon\\\/applicazioni\\\/\"},{\"@type\":\"ListItem\",\"position\":4,\"name\":\"H\u00f4tel\\\/Restaurant\"}]},{\"@type\":\"WebSite\",\"@id\":\"https:\\\/\\\/www.aristarco.it\\\/fr\\\/#website\",\"url\":\"https:\\\/\\\/www.aristarco.it\\\/fr\\\/\",\"name\":\"Aristarco\",\"description\":\"A family of washing &amp; ice\",\"publisher\":{\"@id\":\"https:\\\/\\\/www.aristarco.it\\\/fr\\\/#organization\"},\"potentialAction\":[{\"@type\":\"SearchAction\",\"target\":{\"@type\":\"EntryPoint\",\"urlTemplate\":\"https:\\\/\\\/www.aristarco.it\\\/fr\\\/?s={search_term_string}\"},\"query-input\":{\"@type\":\"PropertyValueSpecification\",\"valueRequired\":true,\"valueName\":\"search_term_string\"}}],\"inLanguage\":\"fr-FR\"},{\"@type\":\"Organization\",\"@id\":\"https:\\\/\\\/www.aristarco.it\\\/fr\\\/#organization\",\"name\":\"Aristarco S.p.A.\",\"url\":\"https:\\\/\\\/www.aristarco.it\\\/fr\\\/\",\"logo\":{\"@type\":\"ImageObject\",\"inLanguage\":\"fr-FR\",\"@id\":\"https:\\\/\\\/www.aristarco.it\\\/fr\\\/#\\\/schema\\\/logo\\\/image\\\/\",\"url\":\"https:\\\/\\\/www.aristarco.it\\\/wp-content\\\/uploads\\\/2018\\\/09\\\/logo.png\",\"contentUrl\":\"https:\\\/\\\/www.aristarco.it\\\/wp-content\\\/uploads\\\/2018\\\/09\\\/logo.png\",\"width\":560,\"height\":99,\"caption\":\"Aristarco S.p.A.\"},\"image\":{\"@id\":\"https:\\\/\\\/www.aristarco.it\\\/fr\\\/#\\\/schema\\\/logo\\\/image\\\/\"},\"sameAs\":[\"https:\\\/\\\/www.facebook.com\\\/aristarcospa\",\"https:\\\/\\\/www.linkedin.com\\\/company\\\/24691537\\\/admin\\\/\",\"https:\\\/\\\/www.instagram.com\\\/aristarco_spa\\\/\"]}]}<\/script>\n<!-- \/ Yoast SEO plugin. -->","yoast_head_json":{"title":"H\u00f4tel\/Restaurant - Aristarco","robots":{"index":"index","follow":"follow","max-snippet":"max-snippet:-1","max-image-preview":"max-image-preview:large","max-video-preview":"max-video-preview:-1"},"canonical":"https:\/\/www.aristarco.it\/fr\/glacon\/applicazioni\/hotel-ristorante\/","og_locale":"fr_FR","og_type":"article","og_title":"H\u00f4tel\/Restaurant - Aristarco","og_description":"Conservation des aliments, boissons glac\u00e9es: les besoins des h\u00f4tels et restaurants sont nombreux et extr\u00eamement vari\u00e9s. Aristarco est en mesure de les satisfaire gr\u00e2ce \u00e0 des solutions technologiques et fiables qui mettent \u00e0 disposition de grandes quantit\u00e9s de glace tout au long de la journ\u00e9e de travail.","og_url":"https:\/\/www.aristarco.it\/fr\/glacon\/applicazioni\/hotel-ristorante\/","og_site_name":"Aristarco","article_publisher":"https:\/\/www.facebook.com\/aristarcospa","article_modified_time":"2021-02-19T12:45:34+00:00","og_image":[{"width":1024,"height":918,"url":"https:\/\/www.aristarco.it\/wp-content\/uploads\/2020\/07\/2-1024x918.png","type":"image\/png"}],"twitter_card":"summary_large_image","schema":{"@context":"https:\/\/schema.org","@graph":[{"@type":"WebPage","@id":"https:\/\/www.aristarco.it\/fr\/glacon\/applicazioni\/hotel-ristorante\/","url":"https:\/\/www.aristarco.it\/fr\/glacon\/applicazioni\/hotel-ristorante\/","name":"H\u00f4tel\/Restaurant - Aristarco","isPartOf":{"@id":"https:\/\/www.aristarco.it\/fr\/#website"},"primaryImageOfPage":{"@id":"https:\/\/www.aristarco.it\/fr\/glacon\/applicazioni\/hotel-ristorante\/#primaryimage"},"image":{"@id":"https:\/\/www.aristarco.it\/fr\/glacon\/applicazioni\/hotel-ristorante\/#primaryimage"},"thumbnailUrl":"https:\/\/www.aristarco.it\/wp-content\/uploads\/2020\/07\/2.png","datePublished":"2018-09-19T16:17:19+00:00","dateModified":"2021-02-19T12:45:34+00:00","breadcrumb":{"@id":"https:\/\/www.aristarco.it\/fr\/glacon\/applicazioni\/hotel-ristorante\/#breadcrumb"},"inLanguage":"fr-FR","potentialAction":[{"@type":"ReadAction","target":["https:\/\/www.aristarco.it\/fr\/glacon\/applicazioni\/hotel-ristorante\/"]}]},{"@type":"ImageObject","inLanguage":"fr-FR","@id":"https:\/\/www.aristarco.it\/fr\/glacon\/applicazioni\/hotel-ristorante\/#primaryimage","url":"https:\/\/www.aristarco.it\/wp-content\/uploads\/2020\/07\/2.png","contentUrl":"https:\/\/www.aristarco.it\/wp-content\/uploads\/2020\/07\/2.png","width":1500,"height":1345},{"@type":"BreadcrumbList","@id":"https:\/\/www.aristarco.it\/fr\/glacon\/applicazioni\/hotel-ristorante\/#breadcrumb","itemListElement":[{"@type":"ListItem","position":1,"name":"Home","item":"https:\/\/www.aristarco.it\/fr\/"},{"@type":"ListItem","position":2,"name":"Gla\u00e7on","item":"https:\/\/www.aristarco.it\/fr\/glacon\/"},{"@type":"ListItem","position":3,"name":"Domaines d\u2019application","item":"https:\/\/www.aristarco.it\/fr\/glacon\/applicazioni\/"},{"@type":"ListItem","position":4,"name":"H\u00f4tel\/Restaurant"}]},{"@type":"WebSite","@id":"https:\/\/www.aristarco.it\/fr\/#website","url":"https:\/\/www.aristarco.it\/fr\/","name":"Aristarco","description":"A family of washing &amp; ice","publisher":{"@id":"https:\/\/www.aristarco.it\/fr\/#organization"},"potentialAction":[{"@type":"SearchAction","target":{"@type":"EntryPoint","urlTemplate":"https:\/\/www.aristarco.it\/fr\/?s={search_term_string}"},"query-input":{"@type":"PropertyValueSpecification","valueRequired":true,"valueName":"search_term_string"}}],"inLanguage":"fr-FR"},{"@type":"Organization","@id":"https:\/\/www.aristarco.it\/fr\/#organization","name":"Aristarco S.p.A.","url":"https:\/\/www.aristarco.it\/fr\/","logo":{"@type":"ImageObject","inLanguage":"fr-FR","@id":"https:\/\/www.aristarco.it\/fr\/#\/schema\/logo\/image\/","url":"https:\/\/www.aristarco.it\/wp-content\/uploads\/2018\/09\/logo.png","contentUrl":"https:\/\/www.aristarco.it\/wp-content\/uploads\/2018\/09\/logo.png","width":560,"height":99,"caption":"Aristarco S.p.A."},"image":{"@id":"https:\/\/www.aristarco.it\/fr\/#\/schema\/logo\/image\/"},"sameAs":["https:\/\/www.facebook.com\/aristarcospa","https:\/\/www.linkedin.com\/company\/24691537\/admin\/","https:\/\/www.instagram.com\/aristarco_spa\/"]}]}},"_links":{"self":[{"href":"https:\/\/www.aristarco.it\/fr\/wp-json\/wp\/v2\/pages\/4883","targetHints":{"allow":["GET"]}}],"collection":[{"href":"https:\/\/www.aristarco.it\/fr\/wp-json\/wp\/v2\/pages"}],"about":[{"href":"https:\/\/www.aristarco.it\/fr\/wp-json\/wp\/v2\/types\/page"}],"author":[{"embeddable":true,"href":"https:\/\/www.aristarco.it\/fr\/wp-json\/wp\/v2\/users\/3"}],"replies":[{"embeddable":true,"href":"https:\/\/www.aristarco.it\/fr\/wp-json\/wp\/v2\/comments?post=4883"}],"version-history":[{"count":5,"href":"https:\/\/www.aristarco.it\/fr\/wp-json\/wp\/v2\/pages\/4883\/revisions"}],"predecessor-version":[{"id":12697,"href":"https:\/\/www.aristarco.it\/fr\/wp-json\/wp\/v2\/pages\/4883\/revisions\/12697"}],"up":[{"embeddable":true,"href":"https:\/\/www.aristarco.it\/fr\/wp-json\/wp\/v2\/pages\/4830"}],"wp:featuredmedia":[{"embeddable":true,"href":"https:\/\/www.aristarco.it\/fr\/wp-json\/wp\/v2\/media\/7433"}],"wp:attachment":[{"href":"https:\/\/www.aristarco.it\/fr\/wp-json\/wp\/v2\/media?parent=4883"}],"curies":[{"name":"wp","href":"https:\/\/api.w.org\/{rel}","templated":true}]}}