{"id":4877,"date":"2018-09-19T18:18:48","date_gmt":"2018-09-19T16:18:17","guid":{"rendered":"https:\/\/www.aristarco.it\/ghiaccio\/applicazioni\/discoteca\/"},"modified":"2021-02-19T13:44:50","modified_gmt":"2021-02-19T12:44:50","slug":"discoteca","status":"publish","type":"page","link":"https:\/\/www.aristarco.it\/fr\/glacon\/applicazioni\/discoteca\/","title":{"rendered":"Discoth\u00e8que"},"content":{"rendered":"<h2 id=\"tw-target-text\" class=\"tw-data-text tw-text-large XcVN5d tw-ta\" dir=\"ltr\" data-placeholder=\"Traduzione\"><span lang=\"fr\">De la glace granul\u00e9e aux cubes de formes sp\u00e9ciales pour des boissons raffin\u00e9es.<\/span><\/h2>\n<p id=\"tw-target-text\" class=\"tw-data-text tw-text-large XcVN5d tw-ta\" dir=\"ltr\" data-placeholder=\"Traduzione\"><span lang=\"fr\">Avec Aristarco, les discoth\u00e8ques et les clubs peuvent utiliser des machines \u00e0 glace polyvalentes et performantes, qui fournissent de grandes quantit\u00e9s de glace en peu de temps<\/span><\/p>\n","protected":false},"excerpt":{"rendered":"<p>De la glace granul\u00e9e aux cubes de formes sp\u00e9ciales pour des boissons raffin\u00e9es. Avec Aristarco, les discoth\u00e8ques et les clubs peuvent utiliser des machines \u00e0 glace polyvalentes et performantes, qui fournissent de grandes quantit\u00e9s de glace en peu de temps<\/p>\n","protected":false},"author":3,"featured_media":4878,"parent":4830,"menu_order":3,"comment_status":"closed","ping_status":"closed","template":"applications.php","meta":{"_acf_changed":false,"footnotes":""},"class_list":["post-4877","page","type-page","status-publish","has-post-thumbnail","hentry"],"acf":[],"yoast_head":"<!-- This site is optimized with the Yoast SEO plugin v27.4 - https:\/\/yoast.com\/product\/yoast-seo-wordpress\/ -->\n<title>Discoth\u00e8que - Aristarco<\/title>\n<meta name=\"robots\" content=\"index, follow, max-snippet:-1, max-image-preview:large, max-video-preview:-1\" \/>\n<link rel=\"canonical\" href=\"https:\/\/www.aristarco.it\/fr\/glacon\/applicazioni\/discoteca\/\" \/>\n<meta property=\"og:locale\" content=\"fr_FR\" \/>\n<meta property=\"og:type\" content=\"article\" \/>\n<meta property=\"og:title\" content=\"Discoth\u00e8que - Aristarco\" \/>\n<meta property=\"og:description\" content=\"De la glace granul\u00e9e aux cubes de formes sp\u00e9ciales pour des boissons raffin\u00e9es. Avec Aristarco, les discoth\u00e8ques et les clubs peuvent utiliser des machines \u00e0 glace polyvalentes et performantes, qui fournissent de grandes quantit\u00e9s de glace en peu de temps\" \/>\n<meta property=\"og:url\" content=\"https:\/\/www.aristarco.it\/fr\/glacon\/applicazioni\/discoteca\/\" \/>\n<meta property=\"og:site_name\" content=\"Aristarco\" \/>\n<meta property=\"article:publisher\" content=\"https:\/\/www.facebook.com\/aristarcospa\" \/>\n<meta property=\"article:modified_time\" content=\"2021-02-19T12:44:50+00:00\" \/>\n<meta property=\"og:image\" content=\"https:\/\/www.aristarco.it\/wp-content\/uploads\/2018\/11\/6-applicazione-discoteca.jpg\" \/>\n\t<meta property=\"og:image:width\" content=\"1500\" \/>\n\t<meta property=\"og:image:height\" content=\"1345\" \/>\n\t<meta property=\"og:image:type\" content=\"image\/jpeg\" \/>\n<meta name=\"twitter:card\" content=\"summary_large_image\" \/>\n<script type=\"application\/ld+json\" class=\"yoast-schema-graph\">{\"@context\":\"https:\\\/\\\/schema.org\",\"@graph\":[{\"@type\":\"WebPage\",\"@id\":\"https:\\\/\\\/www.aristarco.it\\\/fr\\\/glacon\\\/applicazioni\\\/discoteca\\\/\",\"url\":\"https:\\\/\\\/www.aristarco.it\\\/fr\\\/glacon\\\/applicazioni\\\/discoteca\\\/\",\"name\":\"Discoth\u00e8que - Aristarco\",\"isPartOf\":{\"@id\":\"https:\\\/\\\/www.aristarco.it\\\/fr\\\/#website\"},\"primaryImageOfPage\":{\"@id\":\"https:\\\/\\\/www.aristarco.it\\\/fr\\\/glacon\\\/applicazioni\\\/discoteca\\\/#primaryimage\"},\"image\":{\"@id\":\"https:\\\/\\\/www.aristarco.it\\\/fr\\\/glacon\\\/applicazioni\\\/discoteca\\\/#primaryimage\"},\"thumbnailUrl\":\"https:\\\/\\\/www.aristarco.it\\\/wp-content\\\/uploads\\\/2018\\\/11\\\/6-applicazione-discoteca.jpg\",\"datePublished\":\"2018-09-19T16:18:17+00:00\",\"dateModified\":\"2021-02-19T12:44:50+00:00\",\"breadcrumb\":{\"@id\":\"https:\\\/\\\/www.aristarco.it\\\/fr\\\/glacon\\\/applicazioni\\\/discoteca\\\/#breadcrumb\"},\"inLanguage\":\"fr-FR\",\"potentialAction\":[{\"@type\":\"ReadAction\",\"target\":[\"https:\\\/\\\/www.aristarco.it\\\/fr\\\/glacon\\\/applicazioni\\\/discoteca\\\/\"]}]},{\"@type\":\"ImageObject\",\"inLanguage\":\"fr-FR\",\"@id\":\"https:\\\/\\\/www.aristarco.it\\\/fr\\\/glacon\\\/applicazioni\\\/discoteca\\\/#primaryimage\",\"url\":\"https:\\\/\\\/www.aristarco.it\\\/wp-content\\\/uploads\\\/2018\\\/11\\\/6-applicazione-discoteca.jpg\",\"contentUrl\":\"https:\\\/\\\/www.aristarco.it\\\/wp-content\\\/uploads\\\/2018\\\/11\\\/6-applicazione-discoteca.jpg\",\"width\":1500,\"height\":1345},{\"@type\":\"BreadcrumbList\",\"@id\":\"https:\\\/\\\/www.aristarco.it\\\/fr\\\/glacon\\\/applicazioni\\\/discoteca\\\/#breadcrumb\",\"itemListElement\":[{\"@type\":\"ListItem\",\"position\":1,\"name\":\"Home\",\"item\":\"https:\\\/\\\/www.aristarco.it\\\/fr\\\/\"},{\"@type\":\"ListItem\",\"position\":2,\"name\":\"Gla\u00e7on\",\"item\":\"https:\\\/\\\/www.aristarco.it\\\/fr\\\/glacon\\\/\"},{\"@type\":\"ListItem\",\"position\":3,\"name\":\"Domaines d\u2019application\",\"item\":\"https:\\\/\\\/www.aristarco.it\\\/fr\\\/glacon\\\/applicazioni\\\/\"},{\"@type\":\"ListItem\",\"position\":4,\"name\":\"Discoth\u00e8que\"}]},{\"@type\":\"WebSite\",\"@id\":\"https:\\\/\\\/www.aristarco.it\\\/fr\\\/#website\",\"url\":\"https:\\\/\\\/www.aristarco.it\\\/fr\\\/\",\"name\":\"Aristarco\",\"description\":\"A family of washing &amp; ice\",\"publisher\":{\"@id\":\"https:\\\/\\\/www.aristarco.it\\\/fr\\\/#organization\"},\"potentialAction\":[{\"@type\":\"SearchAction\",\"target\":{\"@type\":\"EntryPoint\",\"urlTemplate\":\"https:\\\/\\\/www.aristarco.it\\\/fr\\\/?s={search_term_string}\"},\"query-input\":{\"@type\":\"PropertyValueSpecification\",\"valueRequired\":true,\"valueName\":\"search_term_string\"}}],\"inLanguage\":\"fr-FR\"},{\"@type\":\"Organization\",\"@id\":\"https:\\\/\\\/www.aristarco.it\\\/fr\\\/#organization\",\"name\":\"Aristarco S.p.A.\",\"url\":\"https:\\\/\\\/www.aristarco.it\\\/fr\\\/\",\"logo\":{\"@type\":\"ImageObject\",\"inLanguage\":\"fr-FR\",\"@id\":\"https:\\\/\\\/www.aristarco.it\\\/fr\\\/#\\\/schema\\\/logo\\\/image\\\/\",\"url\":\"https:\\\/\\\/www.aristarco.it\\\/wp-content\\\/uploads\\\/2018\\\/09\\\/logo.png\",\"contentUrl\":\"https:\\\/\\\/www.aristarco.it\\\/wp-content\\\/uploads\\\/2018\\\/09\\\/logo.png\",\"width\":560,\"height\":99,\"caption\":\"Aristarco S.p.A.\"},\"image\":{\"@id\":\"https:\\\/\\\/www.aristarco.it\\\/fr\\\/#\\\/schema\\\/logo\\\/image\\\/\"},\"sameAs\":[\"https:\\\/\\\/www.facebook.com\\\/aristarcospa\",\"https:\\\/\\\/www.linkedin.com\\\/company\\\/24691537\\\/admin\\\/\",\"https:\\\/\\\/www.instagram.com\\\/aristarco_spa\\\/\"]}]}<\/script>\n<!-- \/ Yoast SEO plugin. -->","yoast_head_json":{"title":"Discoth\u00e8que - Aristarco","robots":{"index":"index","follow":"follow","max-snippet":"max-snippet:-1","max-image-preview":"max-image-preview:large","max-video-preview":"max-video-preview:-1"},"canonical":"https:\/\/www.aristarco.it\/fr\/glacon\/applicazioni\/discoteca\/","og_locale":"fr_FR","og_type":"article","og_title":"Discoth\u00e8que - Aristarco","og_description":"De la glace granul\u00e9e aux cubes de formes sp\u00e9ciales pour des boissons raffin\u00e9es. Avec Aristarco, les discoth\u00e8ques et les clubs peuvent utiliser des machines \u00e0 glace polyvalentes et performantes, qui fournissent de grandes quantit\u00e9s de glace en peu de temps","og_url":"https:\/\/www.aristarco.it\/fr\/glacon\/applicazioni\/discoteca\/","og_site_name":"Aristarco","article_publisher":"https:\/\/www.facebook.com\/aristarcospa","article_modified_time":"2021-02-19T12:44:50+00:00","og_image":[{"width":1500,"height":1345,"url":"https:\/\/www.aristarco.it\/wp-content\/uploads\/2018\/11\/6-applicazione-discoteca.jpg","type":"image\/jpeg"}],"twitter_card":"summary_large_image","schema":{"@context":"https:\/\/schema.org","@graph":[{"@type":"WebPage","@id":"https:\/\/www.aristarco.it\/fr\/glacon\/applicazioni\/discoteca\/","url":"https:\/\/www.aristarco.it\/fr\/glacon\/applicazioni\/discoteca\/","name":"Discoth\u00e8que - Aristarco","isPartOf":{"@id":"https:\/\/www.aristarco.it\/fr\/#website"},"primaryImageOfPage":{"@id":"https:\/\/www.aristarco.it\/fr\/glacon\/applicazioni\/discoteca\/#primaryimage"},"image":{"@id":"https:\/\/www.aristarco.it\/fr\/glacon\/applicazioni\/discoteca\/#primaryimage"},"thumbnailUrl":"https:\/\/www.aristarco.it\/wp-content\/uploads\/2018\/11\/6-applicazione-discoteca.jpg","datePublished":"2018-09-19T16:18:17+00:00","dateModified":"2021-02-19T12:44:50+00:00","breadcrumb":{"@id":"https:\/\/www.aristarco.it\/fr\/glacon\/applicazioni\/discoteca\/#breadcrumb"},"inLanguage":"fr-FR","potentialAction":[{"@type":"ReadAction","target":["https:\/\/www.aristarco.it\/fr\/glacon\/applicazioni\/discoteca\/"]}]},{"@type":"ImageObject","inLanguage":"fr-FR","@id":"https:\/\/www.aristarco.it\/fr\/glacon\/applicazioni\/discoteca\/#primaryimage","url":"https:\/\/www.aristarco.it\/wp-content\/uploads\/2018\/11\/6-applicazione-discoteca.jpg","contentUrl":"https:\/\/www.aristarco.it\/wp-content\/uploads\/2018\/11\/6-applicazione-discoteca.jpg","width":1500,"height":1345},{"@type":"BreadcrumbList","@id":"https:\/\/www.aristarco.it\/fr\/glacon\/applicazioni\/discoteca\/#breadcrumb","itemListElement":[{"@type":"ListItem","position":1,"name":"Home","item":"https:\/\/www.aristarco.it\/fr\/"},{"@type":"ListItem","position":2,"name":"Gla\u00e7on","item":"https:\/\/www.aristarco.it\/fr\/glacon\/"},{"@type":"ListItem","position":3,"name":"Domaines d\u2019application","item":"https:\/\/www.aristarco.it\/fr\/glacon\/applicazioni\/"},{"@type":"ListItem","position":4,"name":"Discoth\u00e8que"}]},{"@type":"WebSite","@id":"https:\/\/www.aristarco.it\/fr\/#website","url":"https:\/\/www.aristarco.it\/fr\/","name":"Aristarco","description":"A family of washing &amp; ice","publisher":{"@id":"https:\/\/www.aristarco.it\/fr\/#organization"},"potentialAction":[{"@type":"SearchAction","target":{"@type":"EntryPoint","urlTemplate":"https:\/\/www.aristarco.it\/fr\/?s={search_term_string}"},"query-input":{"@type":"PropertyValueSpecification","valueRequired":true,"valueName":"search_term_string"}}],"inLanguage":"fr-FR"},{"@type":"Organization","@id":"https:\/\/www.aristarco.it\/fr\/#organization","name":"Aristarco S.p.A.","url":"https:\/\/www.aristarco.it\/fr\/","logo":{"@type":"ImageObject","inLanguage":"fr-FR","@id":"https:\/\/www.aristarco.it\/fr\/#\/schema\/logo\/image\/","url":"https:\/\/www.aristarco.it\/wp-content\/uploads\/2018\/09\/logo.png","contentUrl":"https:\/\/www.aristarco.it\/wp-content\/uploads\/2018\/09\/logo.png","width":560,"height":99,"caption":"Aristarco S.p.A."},"image":{"@id":"https:\/\/www.aristarco.it\/fr\/#\/schema\/logo\/image\/"},"sameAs":["https:\/\/www.facebook.com\/aristarcospa","https:\/\/www.linkedin.com\/company\/24691537\/admin\/","https:\/\/www.instagram.com\/aristarco_spa\/"]}]}},"_links":{"self":[{"href":"https:\/\/www.aristarco.it\/fr\/wp-json\/wp\/v2\/pages\/4877","targetHints":{"allow":["GET"]}}],"collection":[{"href":"https:\/\/www.aristarco.it\/fr\/wp-json\/wp\/v2\/pages"}],"about":[{"href":"https:\/\/www.aristarco.it\/fr\/wp-json\/wp\/v2\/types\/page"}],"author":[{"embeddable":true,"href":"https:\/\/www.aristarco.it\/fr\/wp-json\/wp\/v2\/users\/3"}],"replies":[{"embeddable":true,"href":"https:\/\/www.aristarco.it\/fr\/wp-json\/wp\/v2\/comments?post=4877"}],"version-history":[{"count":5,"href":"https:\/\/www.aristarco.it\/fr\/wp-json\/wp\/v2\/pages\/4877\/revisions"}],"predecessor-version":[{"id":12696,"href":"https:\/\/www.aristarco.it\/fr\/wp-json\/wp\/v2\/pages\/4877\/revisions\/12696"}],"up":[{"embeddable":true,"href":"https:\/\/www.aristarco.it\/fr\/wp-json\/wp\/v2\/pages\/4830"}],"wp:featuredmedia":[{"embeddable":true,"href":"https:\/\/www.aristarco.it\/fr\/wp-json\/wp\/v2\/media\/4878"}],"wp:attachment":[{"href":"https:\/\/www.aristarco.it\/fr\/wp-json\/wp\/v2\/media?parent=4877"}],"curies":[{"name":"wp","href":"https:\/\/api.w.org\/{rel}","templated":true}]}}