{"id":4867,"date":"2018-09-19T18:18:48","date_gmt":"2018-09-19T16:18:52","guid":{"rendered":"https:\/\/www.aristarco.it\/ghiaccio\/applicazioni\/spa-centro-medico\/"},"modified":"2021-02-19T14:14:54","modified_gmt":"2021-02-19T13:14:54","slug":"spa-centro-medico","status":"publish","type":"page","link":"https:\/\/www.aristarco.it\/fr\/glacon\/applicazioni\/spa-centro-medico\/","title":{"rendered":"SPA\/Centre m\u00e9dical"},"content":{"rendered":"<h2>La glace est \u00e9galement extr\u00eamement utile dans le domaine de la m\u00e9decine et du bien-\u00eatre.<\/h2>\n<p id=\"tw-target-text\" class=\"tw-data-text tw-text-large XcVN5d tw-ta\" dir=\"ltr\" data-placeholder=\"Traduzione\"><span lang=\"fr\">Les machines \u00e0 glace Aristarco vous permettent de compter sur une production constante de glace pure que le patient ou le client peut utiliser pour le soin de sa propre personne.<\/span><\/p>\n","protected":false},"excerpt":{"rendered":"<p>La glace est \u00e9galement extr\u00eamement utile dans le domaine de la m\u00e9decine et du bien-\u00eatre. Les machines \u00e0 glace Aristarco vous permettent de compter sur une production constante de glace pure que le patient ou le client peut utiliser pour le soin de sa propre personne.<\/p>\n","protected":false},"author":3,"featured_media":8558,"parent":4830,"menu_order":4,"comment_status":"closed","ping_status":"closed","template":"applications.php","meta":{"_acf_changed":false,"footnotes":""},"class_list":["post-4867","page","type-page","status-publish","has-post-thumbnail","hentry"],"acf":[],"yoast_head":"<!-- This site is optimized with the Yoast SEO plugin v27.4 - https:\/\/yoast.com\/product\/yoast-seo-wordpress\/ -->\n<title>SPA\/Centre m\u00e9dical - Aristarco<\/title>\n<meta name=\"robots\" content=\"index, follow, max-snippet:-1, max-image-preview:large, max-video-preview:-1\" \/>\n<link rel=\"canonical\" href=\"https:\/\/www.aristarco.it\/fr\/glacon\/applicazioni\/spa-centro-medico\/\" \/>\n<meta property=\"og:locale\" content=\"fr_FR\" \/>\n<meta property=\"og:type\" content=\"article\" \/>\n<meta property=\"og:title\" content=\"SPA\/Centre m\u00e9dical - Aristarco\" \/>\n<meta property=\"og:description\" content=\"La glace est \u00e9galement extr\u00eamement utile dans le domaine de la m\u00e9decine et du bien-\u00eatre. Les machines \u00e0 glace Aristarco vous permettent de compter sur une production constante de glace pure que le patient ou le client peut utiliser pour le soin de sa propre personne.\" \/>\n<meta property=\"og:url\" content=\"https:\/\/www.aristarco.it\/fr\/glacon\/applicazioni\/spa-centro-medico\/\" \/>\n<meta property=\"og:site_name\" content=\"Aristarco\" \/>\n<meta property=\"article:publisher\" content=\"https:\/\/www.facebook.com\/aristarcospa\" \/>\n<meta property=\"article:modified_time\" content=\"2021-02-19T13:14:54+00:00\" \/>\n<meta property=\"og:image\" content=\"https:\/\/www.aristarco.it\/wp-content\/uploads\/2020\/08\/SPA-1024x918.png\" \/>\n\t<meta property=\"og:image:width\" content=\"1024\" \/>\n\t<meta property=\"og:image:height\" content=\"918\" \/>\n\t<meta property=\"og:image:type\" content=\"image\/png\" \/>\n<meta name=\"twitter:card\" content=\"summary_large_image\" \/>\n<script type=\"application\/ld+json\" class=\"yoast-schema-graph\">{\"@context\":\"https:\\\/\\\/schema.org\",\"@graph\":[{\"@type\":\"WebPage\",\"@id\":\"https:\\\/\\\/www.aristarco.it\\\/fr\\\/glacon\\\/applicazioni\\\/spa-centro-medico\\\/\",\"url\":\"https:\\\/\\\/www.aristarco.it\\\/fr\\\/glacon\\\/applicazioni\\\/spa-centro-medico\\\/\",\"name\":\"SPA\\\/Centre m\u00e9dical - Aristarco\",\"isPartOf\":{\"@id\":\"https:\\\/\\\/www.aristarco.it\\\/fr\\\/#website\"},\"primaryImageOfPage\":{\"@id\":\"https:\\\/\\\/www.aristarco.it\\\/fr\\\/glacon\\\/applicazioni\\\/spa-centro-medico\\\/#primaryimage\"},\"image\":{\"@id\":\"https:\\\/\\\/www.aristarco.it\\\/fr\\\/glacon\\\/applicazioni\\\/spa-centro-medico\\\/#primaryimage\"},\"thumbnailUrl\":\"https:\\\/\\\/www.aristarco.it\\\/wp-content\\\/uploads\\\/2020\\\/08\\\/SPA.png\",\"datePublished\":\"2018-09-19T16:18:52+00:00\",\"dateModified\":\"2021-02-19T13:14:54+00:00\",\"breadcrumb\":{\"@id\":\"https:\\\/\\\/www.aristarco.it\\\/fr\\\/glacon\\\/applicazioni\\\/spa-centro-medico\\\/#breadcrumb\"},\"inLanguage\":\"fr-FR\",\"potentialAction\":[{\"@type\":\"ReadAction\",\"target\":[\"https:\\\/\\\/www.aristarco.it\\\/fr\\\/glacon\\\/applicazioni\\\/spa-centro-medico\\\/\"]}]},{\"@type\":\"ImageObject\",\"inLanguage\":\"fr-FR\",\"@id\":\"https:\\\/\\\/www.aristarco.it\\\/fr\\\/glacon\\\/applicazioni\\\/spa-centro-medico\\\/#primaryimage\",\"url\":\"https:\\\/\\\/www.aristarco.it\\\/wp-content\\\/uploads\\\/2020\\\/08\\\/SPA.png\",\"contentUrl\":\"https:\\\/\\\/www.aristarco.it\\\/wp-content\\\/uploads\\\/2020\\\/08\\\/SPA.png\",\"width\":1500,\"height\":1345},{\"@type\":\"BreadcrumbList\",\"@id\":\"https:\\\/\\\/www.aristarco.it\\\/fr\\\/glacon\\\/applicazioni\\\/spa-centro-medico\\\/#breadcrumb\",\"itemListElement\":[{\"@type\":\"ListItem\",\"position\":1,\"name\":\"Home\",\"item\":\"https:\\\/\\\/www.aristarco.it\\\/fr\\\/\"},{\"@type\":\"ListItem\",\"position\":2,\"name\":\"Gla\u00e7on\",\"item\":\"https:\\\/\\\/www.aristarco.it\\\/fr\\\/glacon\\\/\"},{\"@type\":\"ListItem\",\"position\":3,\"name\":\"Domaines d\u2019application\",\"item\":\"https:\\\/\\\/www.aristarco.it\\\/fr\\\/glacon\\\/applicazioni\\\/\"},{\"@type\":\"ListItem\",\"position\":4,\"name\":\"SPA\\\/Centre m\u00e9dical\"}]},{\"@type\":\"WebSite\",\"@id\":\"https:\\\/\\\/www.aristarco.it\\\/fr\\\/#website\",\"url\":\"https:\\\/\\\/www.aristarco.it\\\/fr\\\/\",\"name\":\"Aristarco\",\"description\":\"A family of washing &amp; ice\",\"publisher\":{\"@id\":\"https:\\\/\\\/www.aristarco.it\\\/fr\\\/#organization\"},\"potentialAction\":[{\"@type\":\"SearchAction\",\"target\":{\"@type\":\"EntryPoint\",\"urlTemplate\":\"https:\\\/\\\/www.aristarco.it\\\/fr\\\/?s={search_term_string}\"},\"query-input\":{\"@type\":\"PropertyValueSpecification\",\"valueRequired\":true,\"valueName\":\"search_term_string\"}}],\"inLanguage\":\"fr-FR\"},{\"@type\":\"Organization\",\"@id\":\"https:\\\/\\\/www.aristarco.it\\\/fr\\\/#organization\",\"name\":\"Aristarco S.p.A.\",\"url\":\"https:\\\/\\\/www.aristarco.it\\\/fr\\\/\",\"logo\":{\"@type\":\"ImageObject\",\"inLanguage\":\"fr-FR\",\"@id\":\"https:\\\/\\\/www.aristarco.it\\\/fr\\\/#\\\/schema\\\/logo\\\/image\\\/\",\"url\":\"https:\\\/\\\/www.aristarco.it\\\/wp-content\\\/uploads\\\/2018\\\/09\\\/logo.png\",\"contentUrl\":\"https:\\\/\\\/www.aristarco.it\\\/wp-content\\\/uploads\\\/2018\\\/09\\\/logo.png\",\"width\":560,\"height\":99,\"caption\":\"Aristarco S.p.A.\"},\"image\":{\"@id\":\"https:\\\/\\\/www.aristarco.it\\\/fr\\\/#\\\/schema\\\/logo\\\/image\\\/\"},\"sameAs\":[\"https:\\\/\\\/www.facebook.com\\\/aristarcospa\",\"https:\\\/\\\/www.linkedin.com\\\/company\\\/24691537\\\/admin\\\/\",\"https:\\\/\\\/www.instagram.com\\\/aristarco_spa\\\/\"]}]}<\/script>\n<!-- \/ Yoast SEO plugin. -->","yoast_head_json":{"title":"SPA\/Centre m\u00e9dical - Aristarco","robots":{"index":"index","follow":"follow","max-snippet":"max-snippet:-1","max-image-preview":"max-image-preview:large","max-video-preview":"max-video-preview:-1"},"canonical":"https:\/\/www.aristarco.it\/fr\/glacon\/applicazioni\/spa-centro-medico\/","og_locale":"fr_FR","og_type":"article","og_title":"SPA\/Centre m\u00e9dical - Aristarco","og_description":"La glace est \u00e9galement extr\u00eamement utile dans le domaine de la m\u00e9decine et du bien-\u00eatre. Les machines \u00e0 glace Aristarco vous permettent de compter sur une production constante de glace pure que le patient ou le client peut utiliser pour le soin de sa propre personne.","og_url":"https:\/\/www.aristarco.it\/fr\/glacon\/applicazioni\/spa-centro-medico\/","og_site_name":"Aristarco","article_publisher":"https:\/\/www.facebook.com\/aristarcospa","article_modified_time":"2021-02-19T13:14:54+00:00","og_image":[{"width":1024,"height":918,"url":"https:\/\/www.aristarco.it\/wp-content\/uploads\/2020\/08\/SPA-1024x918.png","type":"image\/png"}],"twitter_card":"summary_large_image","schema":{"@context":"https:\/\/schema.org","@graph":[{"@type":"WebPage","@id":"https:\/\/www.aristarco.it\/fr\/glacon\/applicazioni\/spa-centro-medico\/","url":"https:\/\/www.aristarco.it\/fr\/glacon\/applicazioni\/spa-centro-medico\/","name":"SPA\/Centre m\u00e9dical - Aristarco","isPartOf":{"@id":"https:\/\/www.aristarco.it\/fr\/#website"},"primaryImageOfPage":{"@id":"https:\/\/www.aristarco.it\/fr\/glacon\/applicazioni\/spa-centro-medico\/#primaryimage"},"image":{"@id":"https:\/\/www.aristarco.it\/fr\/glacon\/applicazioni\/spa-centro-medico\/#primaryimage"},"thumbnailUrl":"https:\/\/www.aristarco.it\/wp-content\/uploads\/2020\/08\/SPA.png","datePublished":"2018-09-19T16:18:52+00:00","dateModified":"2021-02-19T13:14:54+00:00","breadcrumb":{"@id":"https:\/\/www.aristarco.it\/fr\/glacon\/applicazioni\/spa-centro-medico\/#breadcrumb"},"inLanguage":"fr-FR","potentialAction":[{"@type":"ReadAction","target":["https:\/\/www.aristarco.it\/fr\/glacon\/applicazioni\/spa-centro-medico\/"]}]},{"@type":"ImageObject","inLanguage":"fr-FR","@id":"https:\/\/www.aristarco.it\/fr\/glacon\/applicazioni\/spa-centro-medico\/#primaryimage","url":"https:\/\/www.aristarco.it\/wp-content\/uploads\/2020\/08\/SPA.png","contentUrl":"https:\/\/www.aristarco.it\/wp-content\/uploads\/2020\/08\/SPA.png","width":1500,"height":1345},{"@type":"BreadcrumbList","@id":"https:\/\/www.aristarco.it\/fr\/glacon\/applicazioni\/spa-centro-medico\/#breadcrumb","itemListElement":[{"@type":"ListItem","position":1,"name":"Home","item":"https:\/\/www.aristarco.it\/fr\/"},{"@type":"ListItem","position":2,"name":"Gla\u00e7on","item":"https:\/\/www.aristarco.it\/fr\/glacon\/"},{"@type":"ListItem","position":3,"name":"Domaines d\u2019application","item":"https:\/\/www.aristarco.it\/fr\/glacon\/applicazioni\/"},{"@type":"ListItem","position":4,"name":"SPA\/Centre m\u00e9dical"}]},{"@type":"WebSite","@id":"https:\/\/www.aristarco.it\/fr\/#website","url":"https:\/\/www.aristarco.it\/fr\/","name":"Aristarco","description":"A family of washing &amp; ice","publisher":{"@id":"https:\/\/www.aristarco.it\/fr\/#organization"},"potentialAction":[{"@type":"SearchAction","target":{"@type":"EntryPoint","urlTemplate":"https:\/\/www.aristarco.it\/fr\/?s={search_term_string}"},"query-input":{"@type":"PropertyValueSpecification","valueRequired":true,"valueName":"search_term_string"}}],"inLanguage":"fr-FR"},{"@type":"Organization","@id":"https:\/\/www.aristarco.it\/fr\/#organization","name":"Aristarco S.p.A.","url":"https:\/\/www.aristarco.it\/fr\/","logo":{"@type":"ImageObject","inLanguage":"fr-FR","@id":"https:\/\/www.aristarco.it\/fr\/#\/schema\/logo\/image\/","url":"https:\/\/www.aristarco.it\/wp-content\/uploads\/2018\/09\/logo.png","contentUrl":"https:\/\/www.aristarco.it\/wp-content\/uploads\/2018\/09\/logo.png","width":560,"height":99,"caption":"Aristarco S.p.A."},"image":{"@id":"https:\/\/www.aristarco.it\/fr\/#\/schema\/logo\/image\/"},"sameAs":["https:\/\/www.facebook.com\/aristarcospa","https:\/\/www.linkedin.com\/company\/24691537\/admin\/","https:\/\/www.instagram.com\/aristarco_spa\/"]}]}},"_links":{"self":[{"href":"https:\/\/www.aristarco.it\/fr\/wp-json\/wp\/v2\/pages\/4867","targetHints":{"allow":["GET"]}}],"collection":[{"href":"https:\/\/www.aristarco.it\/fr\/wp-json\/wp\/v2\/pages"}],"about":[{"href":"https:\/\/www.aristarco.it\/fr\/wp-json\/wp\/v2\/types\/page"}],"author":[{"embeddable":true,"href":"https:\/\/www.aristarco.it\/fr\/wp-json\/wp\/v2\/users\/3"}],"replies":[{"embeddable":true,"href":"https:\/\/www.aristarco.it\/fr\/wp-json\/wp\/v2\/comments?post=4867"}],"version-history":[{"count":4,"href":"https:\/\/www.aristarco.it\/fr\/wp-json\/wp\/v2\/pages\/4867\/revisions"}],"predecessor-version":[{"id":12708,"href":"https:\/\/www.aristarco.it\/fr\/wp-json\/wp\/v2\/pages\/4867\/revisions\/12708"}],"up":[{"embeddable":true,"href":"https:\/\/www.aristarco.it\/fr\/wp-json\/wp\/v2\/pages\/4830"}],"wp:featuredmedia":[{"embeddable":true,"href":"https:\/\/www.aristarco.it\/fr\/wp-json\/wp\/v2\/media\/8558"}],"wp:attachment":[{"href":"https:\/\/www.aristarco.it\/fr\/wp-json\/wp\/v2\/media?parent=4867"}],"curies":[{"name":"wp","href":"https:\/\/api.w.org\/{rel}","templated":true}]}}