{"id":4859,"date":"2018-09-19T18:19:48","date_gmt":"2018-09-19T16:19:47","guid":{"rendered":"https:\/\/www.aristarco.it\/ghiaccio\/applicazioni\/supermercato\/"},"modified":"2021-03-19T10:41:21","modified_gmt":"2021-03-19T09:41:21","slug":"supermarche","status":"publish","type":"page","link":"https:\/\/www.aristarco.it\/fr\/glacon\/applicazioni\/supermarche\/","title":{"rendered":"Supermarch\u00e9"},"content":{"rendered":"<h2 id=\"tw-target-text\" class=\"tw-data-text tw-text-large XcVN5d tw-ta\" dir=\"ltr\" data-placeholder=\"Traduzione\"><span lang=\"fr\">La distribution \u00e0 grande \u00e9chelle fournit une grande vari\u00e9t\u00e9 de produits frais et, par cons\u00e9quent, une vari\u00e9t\u00e9 de m\u00e9thodes de conservation.<\/span><\/h2>\n<p id=\"tw-target-text\" class=\"tw-data-text tw-text-large XcVN5d tw-ta\" dir=\"ltr\" data-placeholder=\"Traduzione\"><span lang=\"fr\">Avec ses machines \u00e0 gla\u00e7ons, Aristarco est en mesure de satisfaire tous ces besoins, efficacement et en toute s\u00e9curit\u00e9.<\/span><\/p>\n","protected":false},"excerpt":{"rendered":"<p>La distribution \u00e0 grande \u00e9chelle fournit une grande vari\u00e9t\u00e9 de produits frais et, par cons\u00e9quent, une vari\u00e9t\u00e9 de m\u00e9thodes de conservation. Avec ses machines \u00e0 gla\u00e7ons, Aristarco est en mesure de satisfaire tous ces besoins, efficacement et en toute s\u00e9curit\u00e9.<\/p>\n","protected":false},"author":3,"featured_media":12687,"parent":4830,"menu_order":6,"comment_status":"closed","ping_status":"closed","template":"applications.php","meta":{"_acf_changed":false,"footnotes":""},"class_list":["post-4859","page","type-page","status-publish","has-post-thumbnail","hentry"],"acf":[],"yoast_head":"<!-- This site is optimized with the Yoast SEO plugin v27.4 - https:\/\/yoast.com\/product\/yoast-seo-wordpress\/ -->\n<title>Supermarch\u00e9 - Aristarco<\/title>\n<meta name=\"robots\" content=\"index, follow, max-snippet:-1, max-image-preview:large, max-video-preview:-1\" \/>\n<link rel=\"canonical\" href=\"https:\/\/www.aristarco.it\/fr\/glacon\/applicazioni\/supermarche\/\" \/>\n<meta property=\"og:locale\" content=\"fr_FR\" \/>\n<meta property=\"og:type\" content=\"article\" \/>\n<meta property=\"og:title\" content=\"Supermarch\u00e9 - Aristarco\" \/>\n<meta property=\"og:description\" content=\"La distribution \u00e0 grande \u00e9chelle fournit une grande vari\u00e9t\u00e9 de produits frais et, par cons\u00e9quent, une vari\u00e9t\u00e9 de m\u00e9thodes de conservation. Avec ses machines \u00e0 gla\u00e7ons, Aristarco est en mesure de satisfaire tous ces besoins, efficacement et en toute s\u00e9curit\u00e9.\" \/>\n<meta property=\"og:url\" content=\"https:\/\/www.aristarco.it\/fr\/glacon\/applicazioni\/supermarche\/\" \/>\n<meta property=\"og:site_name\" content=\"Aristarco\" \/>\n<meta property=\"article:publisher\" content=\"https:\/\/www.facebook.com\/aristarcospa\" \/>\n<meta property=\"article:modified_time\" content=\"2021-03-19T09:41:21+00:00\" \/>\n<meta property=\"og:image\" content=\"https:\/\/www.aristarco.it\/wp-content\/uploads\/2021\/02\/supermarket.jpg\" \/>\n\t<meta property=\"og:image:width\" content=\"500\" \/>\n\t<meta property=\"og:image:height\" content=\"448\" \/>\n\t<meta property=\"og:image:type\" content=\"image\/jpeg\" \/>\n<meta name=\"twitter:card\" content=\"summary_large_image\" \/>\n<script type=\"application\/ld+json\" class=\"yoast-schema-graph\">{\"@context\":\"https:\\\/\\\/schema.org\",\"@graph\":[{\"@type\":\"WebPage\",\"@id\":\"https:\\\/\\\/www.aristarco.it\\\/fr\\\/glacon\\\/applicazioni\\\/supermarche\\\/\",\"url\":\"https:\\\/\\\/www.aristarco.it\\\/fr\\\/glacon\\\/applicazioni\\\/supermarche\\\/\",\"name\":\"Supermarch\u00e9 - Aristarco\",\"isPartOf\":{\"@id\":\"https:\\\/\\\/www.aristarco.it\\\/fr\\\/#website\"},\"primaryImageOfPage\":{\"@id\":\"https:\\\/\\\/www.aristarco.it\\\/fr\\\/glacon\\\/applicazioni\\\/supermarche\\\/#primaryimage\"},\"image\":{\"@id\":\"https:\\\/\\\/www.aristarco.it\\\/fr\\\/glacon\\\/applicazioni\\\/supermarche\\\/#primaryimage\"},\"thumbnailUrl\":\"https:\\\/\\\/www.aristarco.it\\\/wp-content\\\/uploads\\\/2021\\\/02\\\/supermarket.jpg\",\"datePublished\":\"2018-09-19T16:19:47+00:00\",\"dateModified\":\"2021-03-19T09:41:21+00:00\",\"breadcrumb\":{\"@id\":\"https:\\\/\\\/www.aristarco.it\\\/fr\\\/glacon\\\/applicazioni\\\/supermarche\\\/#breadcrumb\"},\"inLanguage\":\"fr-FR\",\"potentialAction\":[{\"@type\":\"ReadAction\",\"target\":[\"https:\\\/\\\/www.aristarco.it\\\/fr\\\/glacon\\\/applicazioni\\\/supermarche\\\/\"]}]},{\"@type\":\"ImageObject\",\"inLanguage\":\"fr-FR\",\"@id\":\"https:\\\/\\\/www.aristarco.it\\\/fr\\\/glacon\\\/applicazioni\\\/supermarche\\\/#primaryimage\",\"url\":\"https:\\\/\\\/www.aristarco.it\\\/wp-content\\\/uploads\\\/2021\\\/02\\\/supermarket.jpg\",\"contentUrl\":\"https:\\\/\\\/www.aristarco.it\\\/wp-content\\\/uploads\\\/2021\\\/02\\\/supermarket.jpg\",\"width\":500,\"height\":448},{\"@type\":\"BreadcrumbList\",\"@id\":\"https:\\\/\\\/www.aristarco.it\\\/fr\\\/glacon\\\/applicazioni\\\/supermarche\\\/#breadcrumb\",\"itemListElement\":[{\"@type\":\"ListItem\",\"position\":1,\"name\":\"Home\",\"item\":\"https:\\\/\\\/www.aristarco.it\\\/fr\\\/\"},{\"@type\":\"ListItem\",\"position\":2,\"name\":\"Gla\u00e7on\",\"item\":\"https:\\\/\\\/www.aristarco.it\\\/fr\\\/glacon\\\/\"},{\"@type\":\"ListItem\",\"position\":3,\"name\":\"Domaines d\u2019application\",\"item\":\"https:\\\/\\\/www.aristarco.it\\\/fr\\\/glacon\\\/applicazioni\\\/\"},{\"@type\":\"ListItem\",\"position\":4,\"name\":\"Supermarch\u00e9\"}]},{\"@type\":\"WebSite\",\"@id\":\"https:\\\/\\\/www.aristarco.it\\\/fr\\\/#website\",\"url\":\"https:\\\/\\\/www.aristarco.it\\\/fr\\\/\",\"name\":\"Aristarco\",\"description\":\"A family of washing &amp; ice\",\"publisher\":{\"@id\":\"https:\\\/\\\/www.aristarco.it\\\/fr\\\/#organization\"},\"potentialAction\":[{\"@type\":\"SearchAction\",\"target\":{\"@type\":\"EntryPoint\",\"urlTemplate\":\"https:\\\/\\\/www.aristarco.it\\\/fr\\\/?s={search_term_string}\"},\"query-input\":{\"@type\":\"PropertyValueSpecification\",\"valueRequired\":true,\"valueName\":\"search_term_string\"}}],\"inLanguage\":\"fr-FR\"},{\"@type\":\"Organization\",\"@id\":\"https:\\\/\\\/www.aristarco.it\\\/fr\\\/#organization\",\"name\":\"Aristarco S.p.A.\",\"url\":\"https:\\\/\\\/www.aristarco.it\\\/fr\\\/\",\"logo\":{\"@type\":\"ImageObject\",\"inLanguage\":\"fr-FR\",\"@id\":\"https:\\\/\\\/www.aristarco.it\\\/fr\\\/#\\\/schema\\\/logo\\\/image\\\/\",\"url\":\"https:\\\/\\\/www.aristarco.it\\\/wp-content\\\/uploads\\\/2018\\\/09\\\/logo.png\",\"contentUrl\":\"https:\\\/\\\/www.aristarco.it\\\/wp-content\\\/uploads\\\/2018\\\/09\\\/logo.png\",\"width\":560,\"height\":99,\"caption\":\"Aristarco S.p.A.\"},\"image\":{\"@id\":\"https:\\\/\\\/www.aristarco.it\\\/fr\\\/#\\\/schema\\\/logo\\\/image\\\/\"},\"sameAs\":[\"https:\\\/\\\/www.facebook.com\\\/aristarcospa\",\"https:\\\/\\\/www.linkedin.com\\\/company\\\/24691537\\\/admin\\\/\",\"https:\\\/\\\/www.instagram.com\\\/aristarco_spa\\\/\"]}]}<\/script>\n<!-- \/ Yoast SEO plugin. -->","yoast_head_json":{"title":"Supermarch\u00e9 - Aristarco","robots":{"index":"index","follow":"follow","max-snippet":"max-snippet:-1","max-image-preview":"max-image-preview:large","max-video-preview":"max-video-preview:-1"},"canonical":"https:\/\/www.aristarco.it\/fr\/glacon\/applicazioni\/supermarche\/","og_locale":"fr_FR","og_type":"article","og_title":"Supermarch\u00e9 - Aristarco","og_description":"La distribution \u00e0 grande \u00e9chelle fournit une grande vari\u00e9t\u00e9 de produits frais et, par cons\u00e9quent, une vari\u00e9t\u00e9 de m\u00e9thodes de conservation. Avec ses machines \u00e0 gla\u00e7ons, Aristarco est en mesure de satisfaire tous ces besoins, efficacement et en toute s\u00e9curit\u00e9.","og_url":"https:\/\/www.aristarco.it\/fr\/glacon\/applicazioni\/supermarche\/","og_site_name":"Aristarco","article_publisher":"https:\/\/www.facebook.com\/aristarcospa","article_modified_time":"2021-03-19T09:41:21+00:00","og_image":[{"width":500,"height":448,"url":"https:\/\/www.aristarco.it\/wp-content\/uploads\/2021\/02\/supermarket.jpg","type":"image\/jpeg"}],"twitter_card":"summary_large_image","schema":{"@context":"https:\/\/schema.org","@graph":[{"@type":"WebPage","@id":"https:\/\/www.aristarco.it\/fr\/glacon\/applicazioni\/supermarche\/","url":"https:\/\/www.aristarco.it\/fr\/glacon\/applicazioni\/supermarche\/","name":"Supermarch\u00e9 - Aristarco","isPartOf":{"@id":"https:\/\/www.aristarco.it\/fr\/#website"},"primaryImageOfPage":{"@id":"https:\/\/www.aristarco.it\/fr\/glacon\/applicazioni\/supermarche\/#primaryimage"},"image":{"@id":"https:\/\/www.aristarco.it\/fr\/glacon\/applicazioni\/supermarche\/#primaryimage"},"thumbnailUrl":"https:\/\/www.aristarco.it\/wp-content\/uploads\/2021\/02\/supermarket.jpg","datePublished":"2018-09-19T16:19:47+00:00","dateModified":"2021-03-19T09:41:21+00:00","breadcrumb":{"@id":"https:\/\/www.aristarco.it\/fr\/glacon\/applicazioni\/supermarche\/#breadcrumb"},"inLanguage":"fr-FR","potentialAction":[{"@type":"ReadAction","target":["https:\/\/www.aristarco.it\/fr\/glacon\/applicazioni\/supermarche\/"]}]},{"@type":"ImageObject","inLanguage":"fr-FR","@id":"https:\/\/www.aristarco.it\/fr\/glacon\/applicazioni\/supermarche\/#primaryimage","url":"https:\/\/www.aristarco.it\/wp-content\/uploads\/2021\/02\/supermarket.jpg","contentUrl":"https:\/\/www.aristarco.it\/wp-content\/uploads\/2021\/02\/supermarket.jpg","width":500,"height":448},{"@type":"BreadcrumbList","@id":"https:\/\/www.aristarco.it\/fr\/glacon\/applicazioni\/supermarche\/#breadcrumb","itemListElement":[{"@type":"ListItem","position":1,"name":"Home","item":"https:\/\/www.aristarco.it\/fr\/"},{"@type":"ListItem","position":2,"name":"Gla\u00e7on","item":"https:\/\/www.aristarco.it\/fr\/glacon\/"},{"@type":"ListItem","position":3,"name":"Domaines d\u2019application","item":"https:\/\/www.aristarco.it\/fr\/glacon\/applicazioni\/"},{"@type":"ListItem","position":4,"name":"Supermarch\u00e9"}]},{"@type":"WebSite","@id":"https:\/\/www.aristarco.it\/fr\/#website","url":"https:\/\/www.aristarco.it\/fr\/","name":"Aristarco","description":"A family of washing &amp; ice","publisher":{"@id":"https:\/\/www.aristarco.it\/fr\/#organization"},"potentialAction":[{"@type":"SearchAction","target":{"@type":"EntryPoint","urlTemplate":"https:\/\/www.aristarco.it\/fr\/?s={search_term_string}"},"query-input":{"@type":"PropertyValueSpecification","valueRequired":true,"valueName":"search_term_string"}}],"inLanguage":"fr-FR"},{"@type":"Organization","@id":"https:\/\/www.aristarco.it\/fr\/#organization","name":"Aristarco S.p.A.","url":"https:\/\/www.aristarco.it\/fr\/","logo":{"@type":"ImageObject","inLanguage":"fr-FR","@id":"https:\/\/www.aristarco.it\/fr\/#\/schema\/logo\/image\/","url":"https:\/\/www.aristarco.it\/wp-content\/uploads\/2018\/09\/logo.png","contentUrl":"https:\/\/www.aristarco.it\/wp-content\/uploads\/2018\/09\/logo.png","width":560,"height":99,"caption":"Aristarco S.p.A."},"image":{"@id":"https:\/\/www.aristarco.it\/fr\/#\/schema\/logo\/image\/"},"sameAs":["https:\/\/www.facebook.com\/aristarcospa","https:\/\/www.linkedin.com\/company\/24691537\/admin\/","https:\/\/www.instagram.com\/aristarco_spa\/"]}]}},"_links":{"self":[{"href":"https:\/\/www.aristarco.it\/fr\/wp-json\/wp\/v2\/pages\/4859","targetHints":{"allow":["GET"]}}],"collection":[{"href":"https:\/\/www.aristarco.it\/fr\/wp-json\/wp\/v2\/pages"}],"about":[{"href":"https:\/\/www.aristarco.it\/fr\/wp-json\/wp\/v2\/types\/page"}],"author":[{"embeddable":true,"href":"https:\/\/www.aristarco.it\/fr\/wp-json\/wp\/v2\/users\/3"}],"replies":[{"embeddable":true,"href":"https:\/\/www.aristarco.it\/fr\/wp-json\/wp\/v2\/comments?post=4859"}],"version-history":[{"count":5,"href":"https:\/\/www.aristarco.it\/fr\/wp-json\/wp\/v2\/pages\/4859\/revisions"}],"predecessor-version":[{"id":12865,"href":"https:\/\/www.aristarco.it\/fr\/wp-json\/wp\/v2\/pages\/4859\/revisions\/12865"}],"up":[{"embeddable":true,"href":"https:\/\/www.aristarco.it\/fr\/wp-json\/wp\/v2\/pages\/4830"}],"wp:featuredmedia":[{"embeddable":true,"href":"https:\/\/www.aristarco.it\/fr\/wp-json\/wp\/v2\/media\/12687"}],"wp:attachment":[{"href":"https:\/\/www.aristarco.it\/fr\/wp-json\/wp\/v2\/media?parent=4859"}],"curies":[{"name":"wp","href":"https:\/\/api.w.org\/{rel}","templated":true}]}}