{"id":4845,"date":"2019-01-02T18:09:31","date_gmt":"2019-01-02T17:09:31","guid":{"rendered":"https:\/\/www.aristarco.it\/area-riservata\/"},"modified":"2026-04-14T14:32:50","modified_gmt":"2026-04-14T12:32:50","slug":"espace-membre","status":"publish","type":"page","link":"https:\/\/www.aristarco.it\/fr\/espace-membre\/","title":{"rendered":"Espace Membre"},"content":{"rendered":"<div class=\"login-form-container bg-primary p-2 py-5\">\n<div class=\"container\">\n<div class=\"row\">\n<div class=\"col-12 col-lg-6\">\n<h2 class=\"text-primary h2 font-weight-light\">Se connecter<\/h2>\n<p class=\"text-primary\">Rentrez dans l&rsquo;espace membre ARISTARCO pour d\u00e9charger le mat\u00e9riel disponible:<\/p>\n<p><div class=\"pc_aligned_form pc_falign_left\"><form class=\"pc_login_form   pc_lf_long_labels pc_forced_lf_long_labels  has_pcma_psw_recovery\" data-pc_redirect=\"\/fr\/espace-membre\/lavaggio-riservata\/\"><div class=\"pc_login_row pc_lf_username \"><label for=\"6a0509177a6b0_username\">Nom d&#039;utilisateur ou courriel<\/label><div class=\"pc_field_container\"><input type=\"text\" name=\"pc_auth_username\" value=\"\" placeholder=\"Nom d&#039;utilisateur ou courriel\" autocapitalize=\"off\" autocomplete=\"off\" autocorrect=\"off\" aria-label=\"Nom d&#039;utilisateur ou courriel\" maxlength=\"150\" id=\"6a0509177a6b0_username\" tabindex=\"1\" \/><\/div><\/div><div class=\"pc_login_row pc_lf_psw \"><label for=\"6a0509177a6b0_psw\">Mot de passe<\/label><div class=\"pc_field_container\"><input type=\"password\" name=\"pc_auth_psw\" value=\"\" placeholder=\"Mot de passe\" autocapitalize=\"off\" autocomplete=\"off\" autocorrect=\"off\" aria-label=\"Mot de passe\" id=\"6a0509177a6b0_psw\" tabindex=\"2\" \/><\/div><\/div><div class=\"pc_hnpt_code\" aria-hidden=\"true\">            <label for=\"257319_pc_hnpt_1\">hpt 257319 1<\/label><input type=\"text\" name=\"pc_hnpt_1\" value=\"\" id=\"257319_pc_hnpt_1\" autocomplete=\"off\" \/>                        <label for=\"257319_pc_hnpt_2\">hpt 257319 2<\/label><input type=\"text\" name=\"pc_hnpt_2\" value=\"257319\" id=\"257319_pc_hnpt_2\" autocomplete=\"off\" required \/>                        <label for=\"257319_pc_hnpt_3\">hpt 257319 3<\/label><input type=\"text\" name=\"pc_hnpt_3\" value=\"168541156\" id=\"257319_pc_hnpt_3\" autocomplete=\"off\" required \/><\/div>        <div class=\"pc_lf_subfields\">            <div class=\"pc_login_smalls\"><small class=\"pcma_psw_recovery_trigger\" role=\"button\" tabindex=\"0\">mot de passe oubli\u00e9?<\/small><\/div>            <div id=\"pc_auth_message\"><\/div>        <\/div>            <button class=\"pc_auth_btn\" type=\"submit\">            <span class=\"pc_inner_btn\">Connexion<\/span>        <\/button>        <div class=\"pcma_psw_recovery_wrap pc_displaynone\">            <div class=\"pc_login_row \">                <label for=\"6a0509177a831_pcma_pr\">Entrer votre nom d'utilisateur ou votre e-mail<\/label>                <div class=\"pc_field_container\">                                        <input type=\"text\" name=\"pcma_psw_username\" class=\"pcma_psw_username\" value=\"\" placeholder=\"Entrer votre nom d&#039;utilisateur ou votre e-mail\" id=\"6a0509177a831_pcma_pr\" autocomplete=\"off\" \/>                <\/div>            <\/div>                        <div class=\"pc_lf_subfields\">                <div class=\"pc_login_smalls\">                    <small class=\"pcma_del_recovery\" role=\"button\" tabindex=\"0\">Retour au formulaire de connexion<\/small>                <\/div>                <div class=\"pcma_psw_recovery_message\"><\/div>            <\/div>                        <button class=\"pcma_do_recovery\" type=\"button\">                <span class=\"pc_inner_btn\">R\u00e9cup\u00e9rer<\/span>            <\/button>        <\/div><\/form>    <script type=\"text\/javascript\">    (function() {         \"use strict\";        const intval = setInterval(() => {            if(typeof(pc_lf_overlapping_smalls_check) == \"undefined\") {                return true;            }            else {                clearTimeout(intval);                window.pc_lf_overlapping_smalls_check();            }        }, 50);    })();    <\/script><\/div>  <\/p>\n<\/div>\n<\/div>\n<\/div>\n<\/div>\n<div class=\"registration-form-container bg-white p-2 py-5\">\n<div class=\"container\">\n<h2 class=\"text-secondary h2 font-weight-light\">Pas encore enregistr\u00e9?<\/h2>\n<p class=\"text-secondary font-weight-bold\">Remplissez le formulaire suivant et Vous recevrez au plus t\u00f4t un courriel avec les donn\u00e9es pour acceder.<\/p>\n<p class=\"text-secondary\">* Champs obligatoires<\/p>\n<div class=\"pc_aligned_form pc_falign_left\"><form id=\"pc_rf_6a0509177ac1d\" class=\"pvtcont_form pc_registration_form pc_fluid_form \"   data-form-pag=\"1\" data-form-id=\"5YDM4gDO1QjM\" novalidate><fieldset class=\"pc_form_flist pc_f_pag_1  \">                    <section class=\"pc_form_field pc_text_ftype pc_f_username\" data-fname=\"username\">                        <label for=\"6a0509177ac63_username\">Identifiant <sup class=\"pc_req_field\">&#10033;<\/sup><\/label>                        <div class=\"pc_field_container\">                                                        <input type=\"text\" name=\"username\" value=\"\" maxlength=\"150\" required=\"required\" placeholder=\"Email *\" id=\"6a0509177ac63_username\" autocomplete=\"off\"  \/>                                                    <\/div>                    <\/section>                    <section class=\"pc_form_field pc_text_ftype pc_f_email pc_email_subtype\" data-fname=\"email\">                        <label for=\"6a0509177ac63_email\">Courriel <sup class=\"pc_req_field\">&#10033;<\/sup><\/label>                        <div class=\"pc_field_container\">                                                        <input type=\"email\" name=\"email\" value=\"\" maxlength=\"255\" required=\"required\" placeholder=\"Confirmer email *\" id=\"6a0509177ac63_email\" autocomplete=\"off\"  \/>                                                    <\/div>                    <\/section>                    <section class=\"pc_form_field pc_password_ftype pc_f_psw\" data-fname=\"psw\">                        <label for=\"6a0509177ac63_psw\">                            Mot de passe <sup class=\"pc_req_field\">&#10033;<\/sup>                        <\/label>                        <div class=\"pc_field_container\">                                                        <input type=\"password\" name=\"psw\" placeholder=\"Password *\" value=\"\" minlength=\"4\" maxlength=\"50\" autocapitalize=\"off\" autocomplete=\"new-password\" autocorrect=\"off\" required=\"required\" id=\"6a0509177ac63_psw\" \/>                                                    <\/div>                    <\/section>                        <section class=\"pc_form_field pc_password_ftype pc_f_psw pc_psw_confirm \" data-fname=\"psw\">                            <label for=\"6a0509177ac63_psw_repeat\">R\u00e9p\u00e9ter le mot de passe  <sup class=\"pc_req_field\">&#10033;<\/sup><\/label>                            <div class=\"pc_field_container\">                                                                <input type=\"password\" name=\"check_psw\" value=\"\" minlength=\"4\" maxlength=\"50\" autocapitalize=\"off\" autocomplete=\"new-password\" autocorrect=\"off\" required=\"required\" id=\"6a0509177ac63_psw_repeat\" placeholder=\"Ripeti password *\" \/>                            <\/div>                        <\/section>                    <section class=\"pc_form_field pc_select_ftype pc_f_categories pc_singleselect\" data-fname=\"categories\">                        <label for=\"6a0509177ac63_categories\">Cat\u00e9gorie <sup class=\"pc_req_field\">&#10033;<\/sup><\/label>                        <div class=\"pc_field_container\">                                                        <select name=\"categories\"  required=\"required\" data-placeholder=\"Categoria *\" id=\"6a0509177ac63_categories\" autocomplete=\"off\"><option value=\"15\" >Altro<\/option><option value=\"16\" >Centro assistenza tecnico (CAT)<\/option><option value=\"17\" >Rivenditore<\/option><option value=\"18\" >Utenti abilitati<\/option><option value=\"19\" >Utilizzatore finale<\/option>                            <\/select>                                                    <\/div>                    <\/section><section class=\"pc_form_txt_block pc_fullw_field pc_ftb_0\" data-fname=\"custom|||text\"><\/section>                    <section class=\"pc_form_field pc_text_ftype pc_f_name\" data-fname=\"name\">                        <label for=\"6a0509177ac63_name\">Pr\u00e8nom <sup class=\"pc_req_field\">&#10033;<\/sup><\/label>                        <div class=\"pc_field_container\">                                                        <input type=\"text\" name=\"name\" value=\"\" maxlength=\"150\" required=\"required\" placeholder=\"Pr\u00e9nom *\" id=\"6a0509177ac63_name\" autocomplete=\"off\"  \/>                                                    <\/div>                    <\/section>                    <section class=\"pc_form_field pc_text_ftype pc_f_surname\" data-fname=\"surname\">                        <label for=\"6a0509177ac63_surname\">Nom <sup class=\"pc_req_field\">&#10033;<\/sup><\/label>                        <div class=\"pc_field_container\">                                                        <input type=\"text\" name=\"surname\" value=\"\" maxlength=\"150\" required=\"required\" placeholder=\"Nom *\" id=\"6a0509177ac63_surname\" autocomplete=\"off\"  \/>                                                    <\/div>                    <\/section>                    <section class=\"pc_form_field pc_text_ftype pc_f_azienda\" data-fname=\"azienda\">                        <label for=\"6a0509177ac63_azienda\">Entreprise <sup class=\"pc_req_field\">&#10033;<\/sup><\/label>                        <div class=\"pc_field_container\">                                                        <input type=\"text\" name=\"azienda\" value=\"\" maxlength=\"255\" required=\"required\" placeholder=\"Entreprise *\" id=\"6a0509177ac63_azienda\" autocomplete=\"off\"  \/>                                                    <\/div>                    <\/section>                    <section class=\"pc_form_field pc_text_ftype pc_f_p-iva\" data-fname=\"p-iva\">                        <label for=\"6a0509177ac63_p-iva\">Num\u00e9ro de TVA<\/label>                        <div class=\"pc_field_container\">                                                        <input type=\"text\" name=\"p-iva\" value=\"\" maxlength=\"255\"  placeholder=\"Num\u00e9ro de TVA\" id=\"6a0509177ac63_p-iva\" autocomplete=\"off\"  \/>                                                    <\/div>                    <\/section>                    <section class=\"pc_form_field pc_text_ftype pc_f_tel\" data-fname=\"tel\">                        <label for=\"6a0509177ac63_tel\">T\u00e9l\u00e9phone <sup class=\"pc_req_field\">&#10033;<\/sup><\/label>                        <div class=\"pc_field_container\">                                                        <input type=\"text\" name=\"tel\" value=\"\" maxlength=\"20\" required=\"required\" placeholder=\"T\u00e9l\u00e9phone *\" id=\"6a0509177ac63_tel\" autocomplete=\"off\"  \/>                                                    <\/div>                    <\/section>                    <section class=\"pc_form_field pc_text_ftype pc_f_cellulare\" data-fname=\"cellulare\">                        <label for=\"6a0509177ac63_cellulare\">T\u00e9l\u00e9phone<\/label>                        <div class=\"pc_field_container\">                                                        <input type=\"text\" name=\"cellulare\" value=\"\" maxlength=\"255\"  placeholder=\"Portable\" id=\"6a0509177ac63_cellulare\" autocomplete=\"off\"  \/>                                                    <\/div>                    <\/section>                    <section class=\"pc_form_field pc_text_ftype pc_f_indirizzo\" data-fname=\"indirizzo\">                        <label for=\"6a0509177ac63_indirizzo\">Adresse <sup class=\"pc_req_field\">&#10033;<\/sup><\/label>                        <div class=\"pc_field_container\">                                                        <input type=\"text\" name=\"indirizzo\" value=\"\" maxlength=\"255\" required=\"required\" placeholder=\"Adresse *\" id=\"6a0509177ac63_indirizzo\" autocomplete=\"off\"  \/>                                                    <\/div>                    <\/section>                    <section class=\"pc_form_field pc_text_ftype pc_f_cap\" data-fname=\"cap\">                        <label for=\"6a0509177ac63_cap\">Code postal<\/label>                        <div class=\"pc_field_container\">                                                        <input type=\"text\" name=\"cap\" value=\"\" maxlength=\"255\"  placeholder=\"Code postal\" id=\"6a0509177ac63_cap\" autocomplete=\"off\"  \/>                                                    <\/div>                    <\/section>                    <section class=\"pc_form_field pc_text_ftype pc_f_citta\" data-fname=\"citta\">                        <label for=\"6a0509177ac63_citta\">Ville <sup class=\"pc_req_field\">&#10033;<\/sup><\/label>                        <div class=\"pc_field_container\">                                                        <input type=\"text\" name=\"citta\" value=\"\" maxlength=\"255\" required=\"required\" placeholder=\"Ville *\" id=\"6a0509177ac63_citta\" autocomplete=\"off\"  \/>                                                    <\/div>                    <\/section>                    <section class=\"pc_form_field pc_text_ftype pc_f_provincia\" data-fname=\"provincia\">                        <label for=\"6a0509177ac63_provincia\">Porvince<\/label>                        <div class=\"pc_field_container\">                                                        <input type=\"text\" name=\"provincia\" value=\"\" maxlength=\"255\"  placeholder=\"Province *\" id=\"6a0509177ac63_provincia\" autocomplete=\"off\"  \/>                                                    <\/div>                    <\/section>                    <section class=\"pc_form_field pc_text_ftype pc_f_nazione\" data-fname=\"nazione\">                        <label for=\"6a0509177ac63_nazione\">Nation <sup class=\"pc_req_field\">&#10033;<\/sup><\/label>                        <div class=\"pc_field_container\">                                                        <input type=\"text\" name=\"nazione\" value=\"\" maxlength=\"255\" required=\"required\" placeholder=\"Nation *\" id=\"6a0509177ac63_nazione\" autocomplete=\"off\"  \/>                                                    <\/div>                    <\/section>                    <section class=\"pc_form_field pc_text_ftype pc_f_sito-web pc_url_subtype\" data-fname=\"sito-web\">                        <label for=\"6a0509177ac63_sito-web\">Site internet<\/label>                        <div class=\"pc_field_container\">                                                        <input type=\"url\" name=\"sito-web\" value=\"\" maxlength=\"255\"  placeholder=\"Site internet\" id=\"6a0509177ac63_sito-web\" autocomplete=\"off\"  \/>                                                    <\/div>                    <\/section><section class=\"pc_form_txt_block pc_fullw_field pc_ftb_1\" data-fname=\"custom|||text\"><\/section><div class=\"pc_hnpt_code\" aria-hidden=\"true\">            <label for=\"1161547_pc_hnpt_1\">hpt 1161547 1<\/label><input type=\"text\" name=\"pc_hnpt_1\" value=\"\" id=\"1161547_pc_hnpt_1\" autocomplete=\"off\" \/>                        <label for=\"1161547_pc_hnpt_2\">hpt 1161547 2<\/label><input type=\"text\" name=\"pc_hnpt_2\" value=\"1161547\" id=\"1161547_pc_hnpt_2\" autocomplete=\"off\" required \/>                        <label for=\"1161547_pc_hnpt_3\">hpt 1161547 3<\/label><input type=\"text\" name=\"pc_hnpt_3\" value=\"980050256\" id=\"1161547_pc_hnpt_3\" autocomplete=\"off\" required \/><\/div><section class=\"pc_disclaimer_f_sep pc_fullw_field\"><\/section>                        <section class=\"pc_disclaimer_f pc_fullw_field pc_form_field pc_single_checkbox_ftype pc_f_privacy pc_field_w_icon\" data-fname=\"privacy\">                            <input type=\"checkbox\" name=\"privacy\" value=\"1\"  required=\"required\" id=\"6a0509177ac63_privacy\" autocomplete=\"off\" \/>                            <label class=\"pc_disclaimer_ftxt\" for=\"6a0509177ac63_privacy\" role=\"button\" tabindex=\"0\">Je d\u00e9clare avoir lu les informations ci-dessus et autoriser le traitement de mes donn\u00e9es personnelles aux fins qui y sont indiqu\u00e9es.<\/label>                        <\/section>                        <section class=\"pc_disclaimer_f pc_fullw_field pc_form_field pc_single_checkbox_ftype pc_f_privacy-2 pc_field_w_icon\" data-fname=\"privacy-2\">                            <input type=\"checkbox\" name=\"privacy-2\" value=\"1\"   id=\"6a0509177ac63_privacy-2\" autocomplete=\"off\" \/>                            <label class=\"pc_disclaimer_ftxt\" for=\"6a0509177ac63_privacy-2\" role=\"button\" tabindex=\"0\">Je d\u00e9clare avoir lu et compris les informations sur le traitement des donn\u00e9es personnelles, disponibles sur la page Politique de confidentialit\u00e9.<\/label>                        <\/section><\/fieldset><div class=\"pc_form_response pc_reg_message\"><\/div><button class=\"pc_reg_btn  \" type=\"submit\">                <span class=\"pc_inner_btn\">Soumettre<\/span>            <\/button><\/form>            <script type=\"text\/javascript\">            (function() {                 \"use strict\";                                  const intval = setInterval(() => {                    if(typeof(jQuery) == \"undefined\" || typeof(pc_fluid_form_columnizer) == \"undefined\") {                        return true;                    }                    else {                        clearTimeout(intval);                        pc_fluid_form_columnizer();                    }                }, 50);            })();            <\/script><\/div>\n<\/div>\n<\/div>\n<div class=\"login-form-container bg-primary p-2 py-5\">\n<div class=\"container\">\n<div class=\"row\">\n<div class=\"col-12 col-lg-6\">\n<p>&nbsp;<\/p>\n<\/div>\n<\/div>\n<\/div>\n<\/div>\n<div class=\"registration-form-container bg-white p-2 py-5\">\n<div class=\"container\">\n<p>&nbsp;<\/p>\n<\/div>\n<\/div>\n","protected":false},"excerpt":{"rendered":"<p>Se connecter Rentrez dans l&rsquo;espace membre ARISTARCO pour d\u00e9charger le mat\u00e9riel disponible: Pas encore enregistr\u00e9? Remplissez le formulaire suivant et Vous recevrez au plus t\u00f4t un courriel avec les donn\u00e9es pour acceder. * Champs obligatoires &nbsp; &nbsp;<\/p>\n","protected":false},"author":1,"featured_media":0,"parent":0,"menu_order":784,"comment_status":"closed","ping_status":"closed","template":"","meta":{"_acf_changed":false,"footnotes":""},"class_list":["post-4845","page","type-page","status-publish","hentry"],"acf":[],"yoast_head":"<!-- This site is optimized with the Yoast SEO plugin v27.5 - https:\/\/yoast.com\/product\/yoast-seo-wordpress\/ -->\n<title>Espace Membre - Aristarco<\/title>\n<meta name=\"robots\" content=\"index, follow, max-snippet:-1, max-image-preview:large, max-video-preview:-1\" \/>\n<link rel=\"canonical\" href=\"https:\/\/www.aristarco.it\/fr\/espace-membre\/\" \/>\n<meta property=\"og:locale\" content=\"fr_FR\" \/>\n<meta property=\"og:type\" content=\"article\" \/>\n<meta property=\"og:title\" content=\"Espace Membre - Aristarco\" \/>\n<meta property=\"og:description\" content=\"Se connecter Rentrez dans l&rsquo;espace membre ARISTARCO pour d\u00e9charger le mat\u00e9riel disponible: Pas encore enregistr\u00e9? Remplissez le formulaire suivant et Vous recevrez au plus t\u00f4t un courriel avec les donn\u00e9es pour acceder. * Champs obligatoires &nbsp; &nbsp;\" \/>\n<meta property=\"og:url\" content=\"https:\/\/www.aristarco.it\/fr\/espace-membre\/\" \/>\n<meta property=\"og:site_name\" content=\"Aristarco\" \/>\n<meta property=\"article:publisher\" content=\"https:\/\/www.facebook.com\/aristarcospa\" \/>\n<meta property=\"article:modified_time\" content=\"2026-04-14T12:32:50+00:00\" \/>\n<meta name=\"twitter:card\" content=\"summary_large_image\" \/>\n<meta name=\"twitter:label1\" content=\"Dur\u00e9e de lecture estim\u00e9e\" \/>\n\t<meta name=\"twitter:data1\" content=\"1 minute\" \/>\n<script type=\"application\/ld+json\" class=\"yoast-schema-graph\">{\"@context\":\"https:\\\/\\\/schema.org\",\"@graph\":[{\"@type\":\"WebPage\",\"@id\":\"https:\\\/\\\/www.aristarco.it\\\/fr\\\/espace-membre\\\/\",\"url\":\"https:\\\/\\\/www.aristarco.it\\\/fr\\\/espace-membre\\\/\",\"name\":\"Espace Membre - Aristarco\",\"isPartOf\":{\"@id\":\"https:\\\/\\\/www.aristarco.it\\\/fr\\\/#website\"},\"datePublished\":\"2019-01-02T17:09:31+00:00\",\"dateModified\":\"2026-04-14T12:32:50+00:00\",\"breadcrumb\":{\"@id\":\"https:\\\/\\\/www.aristarco.it\\\/fr\\\/espace-membre\\\/#breadcrumb\"},\"inLanguage\":\"fr-FR\",\"potentialAction\":[{\"@type\":\"ReadAction\",\"target\":[\"https:\\\/\\\/www.aristarco.it\\\/fr\\\/espace-membre\\\/\"]}]},{\"@type\":\"BreadcrumbList\",\"@id\":\"https:\\\/\\\/www.aristarco.it\\\/fr\\\/espace-membre\\\/#breadcrumb\",\"itemListElement\":[{\"@type\":\"ListItem\",\"position\":1,\"name\":\"Home\",\"item\":\"https:\\\/\\\/www.aristarco.it\\\/fr\\\/\"},{\"@type\":\"ListItem\",\"position\":2,\"name\":\"Espace Membre\"}]},{\"@type\":\"WebSite\",\"@id\":\"https:\\\/\\\/www.aristarco.it\\\/fr\\\/#website\",\"url\":\"https:\\\/\\\/www.aristarco.it\\\/fr\\\/\",\"name\":\"Aristarco\",\"description\":\"A family of washing &amp; ice\",\"publisher\":{\"@id\":\"https:\\\/\\\/www.aristarco.it\\\/fr\\\/#organization\"},\"potentialAction\":[{\"@type\":\"SearchAction\",\"target\":{\"@type\":\"EntryPoint\",\"urlTemplate\":\"https:\\\/\\\/www.aristarco.it\\\/fr\\\/?s={search_term_string}\"},\"query-input\":{\"@type\":\"PropertyValueSpecification\",\"valueRequired\":true,\"valueName\":\"search_term_string\"}}],\"inLanguage\":\"fr-FR\"},{\"@type\":\"Organization\",\"@id\":\"https:\\\/\\\/www.aristarco.it\\\/fr\\\/#organization\",\"name\":\"Aristarco S.p.A.\",\"url\":\"https:\\\/\\\/www.aristarco.it\\\/fr\\\/\",\"logo\":{\"@type\":\"ImageObject\",\"inLanguage\":\"fr-FR\",\"@id\":\"https:\\\/\\\/www.aristarco.it\\\/fr\\\/#\\\/schema\\\/logo\\\/image\\\/\",\"url\":\"https:\\\/\\\/www.aristarco.it\\\/wp-content\\\/uploads\\\/2018\\\/09\\\/logo.png\",\"contentUrl\":\"https:\\\/\\\/www.aristarco.it\\\/wp-content\\\/uploads\\\/2018\\\/09\\\/logo.png\",\"width\":560,\"height\":99,\"caption\":\"Aristarco S.p.A.\"},\"image\":{\"@id\":\"https:\\\/\\\/www.aristarco.it\\\/fr\\\/#\\\/schema\\\/logo\\\/image\\\/\"},\"sameAs\":[\"https:\\\/\\\/www.facebook.com\\\/aristarcospa\",\"https:\\\/\\\/www.linkedin.com\\\/company\\\/24691537\\\/admin\\\/\",\"https:\\\/\\\/www.instagram.com\\\/aristarco_spa\\\/\"]}]}<\/script>\n<!-- \/ Yoast SEO plugin. -->","yoast_head_json":{"title":"Espace Membre - Aristarco","robots":{"index":"index","follow":"follow","max-snippet":"max-snippet:-1","max-image-preview":"max-image-preview:large","max-video-preview":"max-video-preview:-1"},"canonical":"https:\/\/www.aristarco.it\/fr\/espace-membre\/","og_locale":"fr_FR","og_type":"article","og_title":"Espace Membre - Aristarco","og_description":"Se connecter Rentrez dans l&rsquo;espace membre ARISTARCO pour d\u00e9charger le mat\u00e9riel disponible: Pas encore enregistr\u00e9? Remplissez le formulaire suivant et Vous recevrez au plus t\u00f4t un courriel avec les donn\u00e9es pour acceder. * Champs obligatoires &nbsp; &nbsp;","og_url":"https:\/\/www.aristarco.it\/fr\/espace-membre\/","og_site_name":"Aristarco","article_publisher":"https:\/\/www.facebook.com\/aristarcospa","article_modified_time":"2026-04-14T12:32:50+00:00","twitter_card":"summary_large_image","twitter_misc":{"Dur\u00e9e de lecture estim\u00e9e":"1 minute"},"schema":{"@context":"https:\/\/schema.org","@graph":[{"@type":"WebPage","@id":"https:\/\/www.aristarco.it\/fr\/espace-membre\/","url":"https:\/\/www.aristarco.it\/fr\/espace-membre\/","name":"Espace Membre - Aristarco","isPartOf":{"@id":"https:\/\/www.aristarco.it\/fr\/#website"},"datePublished":"2019-01-02T17:09:31+00:00","dateModified":"2026-04-14T12:32:50+00:00","breadcrumb":{"@id":"https:\/\/www.aristarco.it\/fr\/espace-membre\/#breadcrumb"},"inLanguage":"fr-FR","potentialAction":[{"@type":"ReadAction","target":["https:\/\/www.aristarco.it\/fr\/espace-membre\/"]}]},{"@type":"BreadcrumbList","@id":"https:\/\/www.aristarco.it\/fr\/espace-membre\/#breadcrumb","itemListElement":[{"@type":"ListItem","position":1,"name":"Home","item":"https:\/\/www.aristarco.it\/fr\/"},{"@type":"ListItem","position":2,"name":"Espace Membre"}]},{"@type":"WebSite","@id":"https:\/\/www.aristarco.it\/fr\/#website","url":"https:\/\/www.aristarco.it\/fr\/","name":"Aristarco","description":"A family of washing &amp; ice","publisher":{"@id":"https:\/\/www.aristarco.it\/fr\/#organization"},"potentialAction":[{"@type":"SearchAction","target":{"@type":"EntryPoint","urlTemplate":"https:\/\/www.aristarco.it\/fr\/?s={search_term_string}"},"query-input":{"@type":"PropertyValueSpecification","valueRequired":true,"valueName":"search_term_string"}}],"inLanguage":"fr-FR"},{"@type":"Organization","@id":"https:\/\/www.aristarco.it\/fr\/#organization","name":"Aristarco S.p.A.","url":"https:\/\/www.aristarco.it\/fr\/","logo":{"@type":"ImageObject","inLanguage":"fr-FR","@id":"https:\/\/www.aristarco.it\/fr\/#\/schema\/logo\/image\/","url":"https:\/\/www.aristarco.it\/wp-content\/uploads\/2018\/09\/logo.png","contentUrl":"https:\/\/www.aristarco.it\/wp-content\/uploads\/2018\/09\/logo.png","width":560,"height":99,"caption":"Aristarco S.p.A."},"image":{"@id":"https:\/\/www.aristarco.it\/fr\/#\/schema\/logo\/image\/"},"sameAs":["https:\/\/www.facebook.com\/aristarcospa","https:\/\/www.linkedin.com\/company\/24691537\/admin\/","https:\/\/www.instagram.com\/aristarco_spa\/"]}]}},"_links":{"self":[{"href":"https:\/\/www.aristarco.it\/fr\/wp-json\/wp\/v2\/pages\/4845","targetHints":{"allow":["GET"]}}],"collection":[{"href":"https:\/\/www.aristarco.it\/fr\/wp-json\/wp\/v2\/pages"}],"about":[{"href":"https:\/\/www.aristarco.it\/fr\/wp-json\/wp\/v2\/types\/page"}],"author":[{"embeddable":true,"href":"https:\/\/www.aristarco.it\/fr\/wp-json\/wp\/v2\/users\/1"}],"replies":[{"embeddable":true,"href":"https:\/\/www.aristarco.it\/fr\/wp-json\/wp\/v2\/comments?post=4845"}],"version-history":[{"count":6,"href":"https:\/\/www.aristarco.it\/fr\/wp-json\/wp\/v2\/pages\/4845\/revisions"}],"predecessor-version":[{"id":27428,"href":"https:\/\/www.aristarco.it\/fr\/wp-json\/wp\/v2\/pages\/4845\/revisions\/27428"}],"wp:attachment":[{"href":"https:\/\/www.aristarco.it\/fr\/wp-json\/wp\/v2\/media?parent=4845"}],"curies":[{"name":"wp","href":"https:\/\/api.w.org\/{rel}","templated":true}]}}