{"id":4825,"date":"2018-08-31T10:22:48","date_gmt":"2018-08-31T08:22:58","guid":{"rendered":"https:\/\/www.aristarco.it\/bar-enoteca\/"},"modified":"2021-02-19T11:54:10","modified_gmt":"2021-02-19T10:54:10","slug":"bar-enoteca","status":"publish","type":"page","link":"https:\/\/www.aristarco.it\/fr\/glacon\/applicazioni\/bar-enoteca\/","title":{"rendered":"Bar\/\u0152noth\u00e8que"},"content":{"rendered":"<h2 id=\"tw-target-text\" class=\"tw-data-text tw-text-large XcVN5d tw-ta\" dir=\"ltr\" data-placeholder=\"Traduzione\"><span lang=\"fr\">En mati\u00e8re de boissons et de cocktails, la glace joue \u00e9galement un r\u00f4le important.<br \/>\n<\/span><\/h2>\n<p class=\"tw-data-text tw-text-large XcVN5d tw-ta\" dir=\"ltr\" data-placeholder=\"Traduzione\"><span lang=\"fr\">Aristarco propose une gamme de machines \u00e0 glace confin\u00e9es et efficaces capables de produire des cubes de diff\u00e9rentes tailles et formes.<\/span><\/p>\n","protected":false},"excerpt":{"rendered":"<p>En mati\u00e8re de boissons et de cocktails, la glace joue \u00e9galement un r\u00f4le important. Aristarco propose une gamme de machines \u00e0 glace confin\u00e9es et efficaces capables de produire des cubes de diff\u00e9rentes tailles et formes.<\/p>\n","protected":false},"author":1,"featured_media":7429,"parent":4830,"menu_order":0,"comment_status":"closed","ping_status":"closed","template":"applications.php","meta":{"_acf_changed":false,"footnotes":""},"class_list":["post-4825","page","type-page","status-publish","has-post-thumbnail","hentry"],"acf":[],"yoast_head":"<!-- This site is optimized with the Yoast SEO plugin v27.4 - https:\/\/yoast.com\/product\/yoast-seo-wordpress\/ -->\n<title>Bar\/\u0152noth\u00e8que - Aristarco<\/title>\n<meta name=\"robots\" content=\"index, follow, max-snippet:-1, max-image-preview:large, max-video-preview:-1\" \/>\n<link rel=\"canonical\" href=\"https:\/\/www.aristarco.it\/fr\/glacon\/applicazioni\/bar-enoteca\/\" \/>\n<meta property=\"og:locale\" content=\"fr_FR\" \/>\n<meta property=\"og:type\" content=\"article\" \/>\n<meta property=\"og:title\" content=\"Bar\/\u0152noth\u00e8que - Aristarco\" \/>\n<meta property=\"og:description\" content=\"En mati\u00e8re de boissons et de cocktails, la glace joue \u00e9galement un r\u00f4le important. Aristarco propose une gamme de machines \u00e0 glace confin\u00e9es et efficaces capables de produire des cubes de diff\u00e9rentes tailles et formes.\" \/>\n<meta property=\"og:url\" content=\"https:\/\/www.aristarco.it\/fr\/glacon\/applicazioni\/bar-enoteca\/\" \/>\n<meta property=\"og:site_name\" content=\"Aristarco\" \/>\n<meta property=\"article:publisher\" content=\"https:\/\/www.facebook.com\/aristarcospa\" \/>\n<meta property=\"article:modified_time\" content=\"2021-02-19T10:54:10+00:00\" \/>\n<meta property=\"og:image\" content=\"https:\/\/www.aristarco.it\/wp-content\/uploads\/2020\/07\/Senza-titolo-2-1024x918.png\" \/>\n\t<meta property=\"og:image:width\" content=\"1024\" \/>\n\t<meta property=\"og:image:height\" content=\"918\" \/>\n\t<meta property=\"og:image:type\" content=\"image\/png\" \/>\n<meta name=\"twitter:card\" content=\"summary_large_image\" \/>\n<script type=\"application\/ld+json\" class=\"yoast-schema-graph\">{\"@context\":\"https:\\\/\\\/schema.org\",\"@graph\":[{\"@type\":\"WebPage\",\"@id\":\"https:\\\/\\\/www.aristarco.it\\\/fr\\\/glacon\\\/applicazioni\\\/bar-enoteca\\\/\",\"url\":\"https:\\\/\\\/www.aristarco.it\\\/fr\\\/glacon\\\/applicazioni\\\/bar-enoteca\\\/\",\"name\":\"Bar\\\/\u0152noth\u00e8que - Aristarco\",\"isPartOf\":{\"@id\":\"https:\\\/\\\/www.aristarco.it\\\/fr\\\/#website\"},\"primaryImageOfPage\":{\"@id\":\"https:\\\/\\\/www.aristarco.it\\\/fr\\\/glacon\\\/applicazioni\\\/bar-enoteca\\\/#primaryimage\"},\"image\":{\"@id\":\"https:\\\/\\\/www.aristarco.it\\\/fr\\\/glacon\\\/applicazioni\\\/bar-enoteca\\\/#primaryimage\"},\"thumbnailUrl\":\"https:\\\/\\\/www.aristarco.it\\\/wp-content\\\/uploads\\\/2020\\\/07\\\/Senza-titolo-2.png\",\"datePublished\":\"2018-08-31T08:22:58+00:00\",\"dateModified\":\"2021-02-19T10:54:10+00:00\",\"breadcrumb\":{\"@id\":\"https:\\\/\\\/www.aristarco.it\\\/fr\\\/glacon\\\/applicazioni\\\/bar-enoteca\\\/#breadcrumb\"},\"inLanguage\":\"fr-FR\",\"potentialAction\":[{\"@type\":\"ReadAction\",\"target\":[\"https:\\\/\\\/www.aristarco.it\\\/fr\\\/glacon\\\/applicazioni\\\/bar-enoteca\\\/\"]}]},{\"@type\":\"ImageObject\",\"inLanguage\":\"fr-FR\",\"@id\":\"https:\\\/\\\/www.aristarco.it\\\/fr\\\/glacon\\\/applicazioni\\\/bar-enoteca\\\/#primaryimage\",\"url\":\"https:\\\/\\\/www.aristarco.it\\\/wp-content\\\/uploads\\\/2020\\\/07\\\/Senza-titolo-2.png\",\"contentUrl\":\"https:\\\/\\\/www.aristarco.it\\\/wp-content\\\/uploads\\\/2020\\\/07\\\/Senza-titolo-2.png\",\"width\":1500,\"height\":1345},{\"@type\":\"BreadcrumbList\",\"@id\":\"https:\\\/\\\/www.aristarco.it\\\/fr\\\/glacon\\\/applicazioni\\\/bar-enoteca\\\/#breadcrumb\",\"itemListElement\":[{\"@type\":\"ListItem\",\"position\":1,\"name\":\"Home\",\"item\":\"https:\\\/\\\/www.aristarco.it\\\/fr\\\/\"},{\"@type\":\"ListItem\",\"position\":2,\"name\":\"Gla\u00e7on\",\"item\":\"https:\\\/\\\/www.aristarco.it\\\/fr\\\/glacon\\\/\"},{\"@type\":\"ListItem\",\"position\":3,\"name\":\"Domaines d\u2019application\",\"item\":\"https:\\\/\\\/www.aristarco.it\\\/fr\\\/glacon\\\/applicazioni\\\/\"},{\"@type\":\"ListItem\",\"position\":4,\"name\":\"Bar\\\/\u0152noth\u00e8que\"}]},{\"@type\":\"WebSite\",\"@id\":\"https:\\\/\\\/www.aristarco.it\\\/fr\\\/#website\",\"url\":\"https:\\\/\\\/www.aristarco.it\\\/fr\\\/\",\"name\":\"Aristarco\",\"description\":\"A family of washing &amp; ice\",\"publisher\":{\"@id\":\"https:\\\/\\\/www.aristarco.it\\\/fr\\\/#organization\"},\"potentialAction\":[{\"@type\":\"SearchAction\",\"target\":{\"@type\":\"EntryPoint\",\"urlTemplate\":\"https:\\\/\\\/www.aristarco.it\\\/fr\\\/?s={search_term_string}\"},\"query-input\":{\"@type\":\"PropertyValueSpecification\",\"valueRequired\":true,\"valueName\":\"search_term_string\"}}],\"inLanguage\":\"fr-FR\"},{\"@type\":\"Organization\",\"@id\":\"https:\\\/\\\/www.aristarco.it\\\/fr\\\/#organization\",\"name\":\"Aristarco S.p.A.\",\"url\":\"https:\\\/\\\/www.aristarco.it\\\/fr\\\/\",\"logo\":{\"@type\":\"ImageObject\",\"inLanguage\":\"fr-FR\",\"@id\":\"https:\\\/\\\/www.aristarco.it\\\/fr\\\/#\\\/schema\\\/logo\\\/image\\\/\",\"url\":\"https:\\\/\\\/www.aristarco.it\\\/wp-content\\\/uploads\\\/2018\\\/09\\\/logo.png\",\"contentUrl\":\"https:\\\/\\\/www.aristarco.it\\\/wp-content\\\/uploads\\\/2018\\\/09\\\/logo.png\",\"width\":560,\"height\":99,\"caption\":\"Aristarco S.p.A.\"},\"image\":{\"@id\":\"https:\\\/\\\/www.aristarco.it\\\/fr\\\/#\\\/schema\\\/logo\\\/image\\\/\"},\"sameAs\":[\"https:\\\/\\\/www.facebook.com\\\/aristarcospa\",\"https:\\\/\\\/www.linkedin.com\\\/company\\\/24691537\\\/admin\\\/\",\"https:\\\/\\\/www.instagram.com\\\/aristarco_spa\\\/\"]}]}<\/script>\n<!-- \/ Yoast SEO plugin. -->","yoast_head_json":{"title":"Bar\/\u0152noth\u00e8que - Aristarco","robots":{"index":"index","follow":"follow","max-snippet":"max-snippet:-1","max-image-preview":"max-image-preview:large","max-video-preview":"max-video-preview:-1"},"canonical":"https:\/\/www.aristarco.it\/fr\/glacon\/applicazioni\/bar-enoteca\/","og_locale":"fr_FR","og_type":"article","og_title":"Bar\/\u0152noth\u00e8que - Aristarco","og_description":"En mati\u00e8re de boissons et de cocktails, la glace joue \u00e9galement un r\u00f4le important. Aristarco propose une gamme de machines \u00e0 glace confin\u00e9es et efficaces capables de produire des cubes de diff\u00e9rentes tailles et formes.","og_url":"https:\/\/www.aristarco.it\/fr\/glacon\/applicazioni\/bar-enoteca\/","og_site_name":"Aristarco","article_publisher":"https:\/\/www.facebook.com\/aristarcospa","article_modified_time":"2021-02-19T10:54:10+00:00","og_image":[{"width":1024,"height":918,"url":"https:\/\/www.aristarco.it\/wp-content\/uploads\/2020\/07\/Senza-titolo-2-1024x918.png","type":"image\/png"}],"twitter_card":"summary_large_image","schema":{"@context":"https:\/\/schema.org","@graph":[{"@type":"WebPage","@id":"https:\/\/www.aristarco.it\/fr\/glacon\/applicazioni\/bar-enoteca\/","url":"https:\/\/www.aristarco.it\/fr\/glacon\/applicazioni\/bar-enoteca\/","name":"Bar\/\u0152noth\u00e8que - Aristarco","isPartOf":{"@id":"https:\/\/www.aristarco.it\/fr\/#website"},"primaryImageOfPage":{"@id":"https:\/\/www.aristarco.it\/fr\/glacon\/applicazioni\/bar-enoteca\/#primaryimage"},"image":{"@id":"https:\/\/www.aristarco.it\/fr\/glacon\/applicazioni\/bar-enoteca\/#primaryimage"},"thumbnailUrl":"https:\/\/www.aristarco.it\/wp-content\/uploads\/2020\/07\/Senza-titolo-2.png","datePublished":"2018-08-31T08:22:58+00:00","dateModified":"2021-02-19T10:54:10+00:00","breadcrumb":{"@id":"https:\/\/www.aristarco.it\/fr\/glacon\/applicazioni\/bar-enoteca\/#breadcrumb"},"inLanguage":"fr-FR","potentialAction":[{"@type":"ReadAction","target":["https:\/\/www.aristarco.it\/fr\/glacon\/applicazioni\/bar-enoteca\/"]}]},{"@type":"ImageObject","inLanguage":"fr-FR","@id":"https:\/\/www.aristarco.it\/fr\/glacon\/applicazioni\/bar-enoteca\/#primaryimage","url":"https:\/\/www.aristarco.it\/wp-content\/uploads\/2020\/07\/Senza-titolo-2.png","contentUrl":"https:\/\/www.aristarco.it\/wp-content\/uploads\/2020\/07\/Senza-titolo-2.png","width":1500,"height":1345},{"@type":"BreadcrumbList","@id":"https:\/\/www.aristarco.it\/fr\/glacon\/applicazioni\/bar-enoteca\/#breadcrumb","itemListElement":[{"@type":"ListItem","position":1,"name":"Home","item":"https:\/\/www.aristarco.it\/fr\/"},{"@type":"ListItem","position":2,"name":"Gla\u00e7on","item":"https:\/\/www.aristarco.it\/fr\/glacon\/"},{"@type":"ListItem","position":3,"name":"Domaines d\u2019application","item":"https:\/\/www.aristarco.it\/fr\/glacon\/applicazioni\/"},{"@type":"ListItem","position":4,"name":"Bar\/\u0152noth\u00e8que"}]},{"@type":"WebSite","@id":"https:\/\/www.aristarco.it\/fr\/#website","url":"https:\/\/www.aristarco.it\/fr\/","name":"Aristarco","description":"A family of washing &amp; ice","publisher":{"@id":"https:\/\/www.aristarco.it\/fr\/#organization"},"potentialAction":[{"@type":"SearchAction","target":{"@type":"EntryPoint","urlTemplate":"https:\/\/www.aristarco.it\/fr\/?s={search_term_string}"},"query-input":{"@type":"PropertyValueSpecification","valueRequired":true,"valueName":"search_term_string"}}],"inLanguage":"fr-FR"},{"@type":"Organization","@id":"https:\/\/www.aristarco.it\/fr\/#organization","name":"Aristarco S.p.A.","url":"https:\/\/www.aristarco.it\/fr\/","logo":{"@type":"ImageObject","inLanguage":"fr-FR","@id":"https:\/\/www.aristarco.it\/fr\/#\/schema\/logo\/image\/","url":"https:\/\/www.aristarco.it\/wp-content\/uploads\/2018\/09\/logo.png","contentUrl":"https:\/\/www.aristarco.it\/wp-content\/uploads\/2018\/09\/logo.png","width":560,"height":99,"caption":"Aristarco S.p.A."},"image":{"@id":"https:\/\/www.aristarco.it\/fr\/#\/schema\/logo\/image\/"},"sameAs":["https:\/\/www.facebook.com\/aristarcospa","https:\/\/www.linkedin.com\/company\/24691537\/admin\/","https:\/\/www.instagram.com\/aristarco_spa\/"]}]}},"_links":{"self":[{"href":"https:\/\/www.aristarco.it\/fr\/wp-json\/wp\/v2\/pages\/4825","targetHints":{"allow":["GET"]}}],"collection":[{"href":"https:\/\/www.aristarco.it\/fr\/wp-json\/wp\/v2\/pages"}],"about":[{"href":"https:\/\/www.aristarco.it\/fr\/wp-json\/wp\/v2\/types\/page"}],"author":[{"embeddable":true,"href":"https:\/\/www.aristarco.it\/fr\/wp-json\/wp\/v2\/users\/1"}],"replies":[{"embeddable":true,"href":"https:\/\/www.aristarco.it\/fr\/wp-json\/wp\/v2\/comments?post=4825"}],"version-history":[{"count":6,"href":"https:\/\/www.aristarco.it\/fr\/wp-json\/wp\/v2\/pages\/4825\/revisions"}],"predecessor-version":[{"id":12675,"href":"https:\/\/www.aristarco.it\/fr\/wp-json\/wp\/v2\/pages\/4825\/revisions\/12675"}],"up":[{"embeddable":true,"href":"https:\/\/www.aristarco.it\/fr\/wp-json\/wp\/v2\/pages\/4830"}],"wp:featuredmedia":[{"embeddable":true,"href":"https:\/\/www.aristarco.it\/fr\/wp-json\/wp\/v2\/media\/7429"}],"wp:attachment":[{"href":"https:\/\/www.aristarco.it\/fr\/wp-json\/wp\/v2\/media?parent=4825"}],"curies":[{"name":"wp","href":"https:\/\/api.w.org\/{rel}","templated":true}]}}