{"id":4813,"date":"2018-09-13T17:01:09","date_gmt":"2018-09-13T15:01:09","guid":{"rendered":"https:\/\/www.aristarco.it\/lavaggio\/applicazioni\/ristorazione-collettiva\/"},"modified":"2021-03-17T14:53:47","modified_gmt":"2021-03-17T13:53:47","slug":"ristorazione-collettiva","status":"publish","type":"page","link":"https:\/\/www.aristarco.it\/fr\/lavage\/applicazioni\/ristorazione-collettiva\/","title":{"rendered":"Restauration collective"},"content":{"rendered":"\r\n<h2>Efficacit\u00e9 de lavage maximale pour r\u00e9pondre aux normes d\u2019hygi\u00e8ne les plus strictes.<\/h2>\r\n<p>Aristarco propose une gamme de lave-vaisselle grands et puissants, sp\u00e9cialement con\u00e7us pour les activit\u00e9s d\u00e9di\u00e9es \u00e0 la pr\u00e9paration des aliments pour cantines, restauration et a\u00e9roports. \u00a0<\/p>\r\n","protected":false},"excerpt":{"rendered":"<p>Efficacit\u00e9 de lavage maximale pour r\u00e9pondre aux normes d\u2019hygi\u00e8ne les plus strictes. Aristarco propose une gamme de lave-vaisselle grands et puissants, sp\u00e9cialement con\u00e7us pour les activit\u00e9s d\u00e9di\u00e9es \u00e0 la pr\u00e9paration des aliments pour cantines, restauration et a\u00e9roports. \u00a0<\/p>\n","protected":false},"author":3,"featured_media":4814,"parent":4587,"menu_order":6,"comment_status":"closed","ping_status":"closed","template":"applications.php","meta":{"_acf_changed":false,"footnotes":""},"class_list":["post-4813","page","type-page","status-publish","has-post-thumbnail","hentry"],"acf":[],"yoast_head":"<!-- This site is optimized with the Yoast SEO plugin v27.4 - https:\/\/yoast.com\/product\/yoast-seo-wordpress\/ -->\n<title>Restauration collective - Aristarco<\/title>\n<meta name=\"robots\" content=\"index, follow, max-snippet:-1, max-image-preview:large, max-video-preview:-1\" \/>\n<link rel=\"canonical\" href=\"https:\/\/www.aristarco.it\/fr\/lavage\/applicazioni\/ristorazione-collettiva\/\" \/>\n<meta property=\"og:locale\" content=\"fr_FR\" \/>\n<meta property=\"og:type\" content=\"article\" \/>\n<meta property=\"og:title\" content=\"Restauration collective - Aristarco\" \/>\n<meta property=\"og:description\" content=\"Efficacit\u00e9 de lavage maximale pour r\u00e9pondre aux normes d\u2019hygi\u00e8ne les plus strictes. Aristarco propose une gamme de lave-vaisselle grands et puissants, sp\u00e9cialement con\u00e7us pour les activit\u00e9s d\u00e9di\u00e9es \u00e0 la pr\u00e9paration des aliments pour cantines, restauration et a\u00e9roports. \u00a0\" \/>\n<meta property=\"og:url\" content=\"https:\/\/www.aristarco.it\/fr\/lavage\/applicazioni\/ristorazione-collettiva\/\" \/>\n<meta property=\"og:site_name\" content=\"Aristarco\" \/>\n<meta property=\"article:publisher\" content=\"https:\/\/www.facebook.com\/aristarcospa\" \/>\n<meta property=\"article:modified_time\" content=\"2021-03-17T13:53:47+00:00\" \/>\n<meta property=\"og:image\" content=\"https:\/\/www.aristarco.it\/wp-content\/uploads\/2018\/09\/4-applicazione-ristorazione-collettiva.jpg\" \/>\n\t<meta property=\"og:image:width\" content=\"1500\" \/>\n\t<meta property=\"og:image:height\" content=\"1345\" \/>\n\t<meta property=\"og:image:type\" content=\"image\/jpeg\" \/>\n<meta name=\"twitter:card\" content=\"summary_large_image\" \/>\n<script type=\"application\/ld+json\" class=\"yoast-schema-graph\">{\"@context\":\"https:\\\/\\\/schema.org\",\"@graph\":[{\"@type\":\"WebPage\",\"@id\":\"https:\\\/\\\/www.aristarco.it\\\/fr\\\/lavage\\\/applicazioni\\\/ristorazione-collettiva\\\/\",\"url\":\"https:\\\/\\\/www.aristarco.it\\\/fr\\\/lavage\\\/applicazioni\\\/ristorazione-collettiva\\\/\",\"name\":\"Restauration collective - Aristarco\",\"isPartOf\":{\"@id\":\"https:\\\/\\\/www.aristarco.it\\\/fr\\\/#website\"},\"primaryImageOfPage\":{\"@id\":\"https:\\\/\\\/www.aristarco.it\\\/fr\\\/lavage\\\/applicazioni\\\/ristorazione-collettiva\\\/#primaryimage\"},\"image\":{\"@id\":\"https:\\\/\\\/www.aristarco.it\\\/fr\\\/lavage\\\/applicazioni\\\/ristorazione-collettiva\\\/#primaryimage\"},\"thumbnailUrl\":\"https:\\\/\\\/www.aristarco.it\\\/wp-content\\\/uploads\\\/2018\\\/09\\\/4-applicazione-ristorazione-collettiva.jpg\",\"datePublished\":\"2018-09-13T15:01:09+00:00\",\"dateModified\":\"2021-03-17T13:53:47+00:00\",\"breadcrumb\":{\"@id\":\"https:\\\/\\\/www.aristarco.it\\\/fr\\\/lavage\\\/applicazioni\\\/ristorazione-collettiva\\\/#breadcrumb\"},\"inLanguage\":\"fr-FR\",\"potentialAction\":[{\"@type\":\"ReadAction\",\"target\":[\"https:\\\/\\\/www.aristarco.it\\\/fr\\\/lavage\\\/applicazioni\\\/ristorazione-collettiva\\\/\"]}]},{\"@type\":\"ImageObject\",\"inLanguage\":\"fr-FR\",\"@id\":\"https:\\\/\\\/www.aristarco.it\\\/fr\\\/lavage\\\/applicazioni\\\/ristorazione-collettiva\\\/#primaryimage\",\"url\":\"https:\\\/\\\/www.aristarco.it\\\/wp-content\\\/uploads\\\/2018\\\/09\\\/4-applicazione-ristorazione-collettiva.jpg\",\"contentUrl\":\"https:\\\/\\\/www.aristarco.it\\\/wp-content\\\/uploads\\\/2018\\\/09\\\/4-applicazione-ristorazione-collettiva.jpg\",\"width\":1500,\"height\":1345},{\"@type\":\"BreadcrumbList\",\"@id\":\"https:\\\/\\\/www.aristarco.it\\\/fr\\\/lavage\\\/applicazioni\\\/ristorazione-collettiva\\\/#breadcrumb\",\"itemListElement\":[{\"@type\":\"ListItem\",\"position\":1,\"name\":\"Home\",\"item\":\"https:\\\/\\\/www.aristarco.it\\\/fr\\\/\"},{\"@type\":\"ListItem\",\"position\":2,\"name\":\"Lavage\",\"item\":\"https:\\\/\\\/www.aristarco.it\\\/fr\\\/lavage\\\/\"},{\"@type\":\"ListItem\",\"position\":3,\"name\":\"Domaines d\u2019application\",\"item\":\"https:\\\/\\\/www.aristarco.it\\\/fr\\\/lavage\\\/applicazioni\\\/\"},{\"@type\":\"ListItem\",\"position\":4,\"name\":\"Restauration collective\"}]},{\"@type\":\"WebSite\",\"@id\":\"https:\\\/\\\/www.aristarco.it\\\/fr\\\/#website\",\"url\":\"https:\\\/\\\/www.aristarco.it\\\/fr\\\/\",\"name\":\"Aristarco\",\"description\":\"A family of washing &amp; ice\",\"publisher\":{\"@id\":\"https:\\\/\\\/www.aristarco.it\\\/fr\\\/#organization\"},\"potentialAction\":[{\"@type\":\"SearchAction\",\"target\":{\"@type\":\"EntryPoint\",\"urlTemplate\":\"https:\\\/\\\/www.aristarco.it\\\/fr\\\/?s={search_term_string}\"},\"query-input\":{\"@type\":\"PropertyValueSpecification\",\"valueRequired\":true,\"valueName\":\"search_term_string\"}}],\"inLanguage\":\"fr-FR\"},{\"@type\":\"Organization\",\"@id\":\"https:\\\/\\\/www.aristarco.it\\\/fr\\\/#organization\",\"name\":\"Aristarco S.p.A.\",\"url\":\"https:\\\/\\\/www.aristarco.it\\\/fr\\\/\",\"logo\":{\"@type\":\"ImageObject\",\"inLanguage\":\"fr-FR\",\"@id\":\"https:\\\/\\\/www.aristarco.it\\\/fr\\\/#\\\/schema\\\/logo\\\/image\\\/\",\"url\":\"https:\\\/\\\/www.aristarco.it\\\/wp-content\\\/uploads\\\/2018\\\/09\\\/logo.png\",\"contentUrl\":\"https:\\\/\\\/www.aristarco.it\\\/wp-content\\\/uploads\\\/2018\\\/09\\\/logo.png\",\"width\":560,\"height\":99,\"caption\":\"Aristarco S.p.A.\"},\"image\":{\"@id\":\"https:\\\/\\\/www.aristarco.it\\\/fr\\\/#\\\/schema\\\/logo\\\/image\\\/\"},\"sameAs\":[\"https:\\\/\\\/www.facebook.com\\\/aristarcospa\",\"https:\\\/\\\/www.linkedin.com\\\/company\\\/24691537\\\/admin\\\/\",\"https:\\\/\\\/www.instagram.com\\\/aristarco_spa\\\/\"]}]}<\/script>\n<!-- \/ Yoast SEO plugin. -->","yoast_head_json":{"title":"Restauration collective - Aristarco","robots":{"index":"index","follow":"follow","max-snippet":"max-snippet:-1","max-image-preview":"max-image-preview:large","max-video-preview":"max-video-preview:-1"},"canonical":"https:\/\/www.aristarco.it\/fr\/lavage\/applicazioni\/ristorazione-collettiva\/","og_locale":"fr_FR","og_type":"article","og_title":"Restauration collective - Aristarco","og_description":"Efficacit\u00e9 de lavage maximale pour r\u00e9pondre aux normes d\u2019hygi\u00e8ne les plus strictes. Aristarco propose une gamme de lave-vaisselle grands et puissants, sp\u00e9cialement con\u00e7us pour les activit\u00e9s d\u00e9di\u00e9es \u00e0 la pr\u00e9paration des aliments pour cantines, restauration et a\u00e9roports. \u00a0","og_url":"https:\/\/www.aristarco.it\/fr\/lavage\/applicazioni\/ristorazione-collettiva\/","og_site_name":"Aristarco","article_publisher":"https:\/\/www.facebook.com\/aristarcospa","article_modified_time":"2021-03-17T13:53:47+00:00","og_image":[{"width":1500,"height":1345,"url":"https:\/\/www.aristarco.it\/wp-content\/uploads\/2018\/09\/4-applicazione-ristorazione-collettiva.jpg","type":"image\/jpeg"}],"twitter_card":"summary_large_image","schema":{"@context":"https:\/\/schema.org","@graph":[{"@type":"WebPage","@id":"https:\/\/www.aristarco.it\/fr\/lavage\/applicazioni\/ristorazione-collettiva\/","url":"https:\/\/www.aristarco.it\/fr\/lavage\/applicazioni\/ristorazione-collettiva\/","name":"Restauration collective - Aristarco","isPartOf":{"@id":"https:\/\/www.aristarco.it\/fr\/#website"},"primaryImageOfPage":{"@id":"https:\/\/www.aristarco.it\/fr\/lavage\/applicazioni\/ristorazione-collettiva\/#primaryimage"},"image":{"@id":"https:\/\/www.aristarco.it\/fr\/lavage\/applicazioni\/ristorazione-collettiva\/#primaryimage"},"thumbnailUrl":"https:\/\/www.aristarco.it\/wp-content\/uploads\/2018\/09\/4-applicazione-ristorazione-collettiva.jpg","datePublished":"2018-09-13T15:01:09+00:00","dateModified":"2021-03-17T13:53:47+00:00","breadcrumb":{"@id":"https:\/\/www.aristarco.it\/fr\/lavage\/applicazioni\/ristorazione-collettiva\/#breadcrumb"},"inLanguage":"fr-FR","potentialAction":[{"@type":"ReadAction","target":["https:\/\/www.aristarco.it\/fr\/lavage\/applicazioni\/ristorazione-collettiva\/"]}]},{"@type":"ImageObject","inLanguage":"fr-FR","@id":"https:\/\/www.aristarco.it\/fr\/lavage\/applicazioni\/ristorazione-collettiva\/#primaryimage","url":"https:\/\/www.aristarco.it\/wp-content\/uploads\/2018\/09\/4-applicazione-ristorazione-collettiva.jpg","contentUrl":"https:\/\/www.aristarco.it\/wp-content\/uploads\/2018\/09\/4-applicazione-ristorazione-collettiva.jpg","width":1500,"height":1345},{"@type":"BreadcrumbList","@id":"https:\/\/www.aristarco.it\/fr\/lavage\/applicazioni\/ristorazione-collettiva\/#breadcrumb","itemListElement":[{"@type":"ListItem","position":1,"name":"Home","item":"https:\/\/www.aristarco.it\/fr\/"},{"@type":"ListItem","position":2,"name":"Lavage","item":"https:\/\/www.aristarco.it\/fr\/lavage\/"},{"@type":"ListItem","position":3,"name":"Domaines d\u2019application","item":"https:\/\/www.aristarco.it\/fr\/lavage\/applicazioni\/"},{"@type":"ListItem","position":4,"name":"Restauration collective"}]},{"@type":"WebSite","@id":"https:\/\/www.aristarco.it\/fr\/#website","url":"https:\/\/www.aristarco.it\/fr\/","name":"Aristarco","description":"A family of washing &amp; ice","publisher":{"@id":"https:\/\/www.aristarco.it\/fr\/#organization"},"potentialAction":[{"@type":"SearchAction","target":{"@type":"EntryPoint","urlTemplate":"https:\/\/www.aristarco.it\/fr\/?s={search_term_string}"},"query-input":{"@type":"PropertyValueSpecification","valueRequired":true,"valueName":"search_term_string"}}],"inLanguage":"fr-FR"},{"@type":"Organization","@id":"https:\/\/www.aristarco.it\/fr\/#organization","name":"Aristarco S.p.A.","url":"https:\/\/www.aristarco.it\/fr\/","logo":{"@type":"ImageObject","inLanguage":"fr-FR","@id":"https:\/\/www.aristarco.it\/fr\/#\/schema\/logo\/image\/","url":"https:\/\/www.aristarco.it\/wp-content\/uploads\/2018\/09\/logo.png","contentUrl":"https:\/\/www.aristarco.it\/wp-content\/uploads\/2018\/09\/logo.png","width":560,"height":99,"caption":"Aristarco S.p.A."},"image":{"@id":"https:\/\/www.aristarco.it\/fr\/#\/schema\/logo\/image\/"},"sameAs":["https:\/\/www.facebook.com\/aristarcospa","https:\/\/www.linkedin.com\/company\/24691537\/admin\/","https:\/\/www.instagram.com\/aristarco_spa\/"]}]}},"_links":{"self":[{"href":"https:\/\/www.aristarco.it\/fr\/wp-json\/wp\/v2\/pages\/4813","targetHints":{"allow":["GET"]}}],"collection":[{"href":"https:\/\/www.aristarco.it\/fr\/wp-json\/wp\/v2\/pages"}],"about":[{"href":"https:\/\/www.aristarco.it\/fr\/wp-json\/wp\/v2\/types\/page"}],"author":[{"embeddable":true,"href":"https:\/\/www.aristarco.it\/fr\/wp-json\/wp\/v2\/users\/3"}],"replies":[{"embeddable":true,"href":"https:\/\/www.aristarco.it\/fr\/wp-json\/wp\/v2\/comments?post=4813"}],"version-history":[{"count":5,"href":"https:\/\/www.aristarco.it\/fr\/wp-json\/wp\/v2\/pages\/4813\/revisions"}],"predecessor-version":[{"id":12837,"href":"https:\/\/www.aristarco.it\/fr\/wp-json\/wp\/v2\/pages\/4813\/revisions\/12837"}],"up":[{"embeddable":true,"href":"https:\/\/www.aristarco.it\/fr\/wp-json\/wp\/v2\/pages\/4587"}],"wp:featuredmedia":[{"embeddable":true,"href":"https:\/\/www.aristarco.it\/fr\/wp-json\/wp\/v2\/media\/4814"}],"wp:attachment":[{"href":"https:\/\/www.aristarco.it\/fr\/wp-json\/wp\/v2\/media?parent=4813"}],"curies":[{"name":"wp","href":"https:\/\/api.w.org\/{rel}","templated":true}]}}