{"id":4794,"date":"2018-09-14T08:58:27","date_gmt":"2018-09-14T06:58:27","guid":{"rendered":"https:\/\/www.aristarco.it\/lavaggio\/tipologie\/lavabicchieri\/"},"modified":"2020-07-27T18:20:52","modified_gmt":"2020-07-27T16:20:52","slug":"lavabicchieri","status":"publish","type":"page","link":"https:\/\/www.aristarco.it\/fr\/lavage\/tipologie\/lavabicchieri\/","title":{"rendered":"Lave-verres"},"content":{"rendered":"<h3>Les lave-verres Aristarco, solides et \u00e9l\u00e9gants, ont \u00e9t\u00e9 con\u00e7us pour r\u00e9pondre \u00e0 tous les besoins de lavage, tout en assurant des performances \u00e9lev\u00e9es et une longue dur\u00e9e de vie.<\/h3>\n<p>Ils sont divis\u00e9s en 3 gammes de produits diff\u00e9rentes pour un total de 24 mod\u00e8les, allant des plus simples \u00e0 commande \u00e9lectrom\u00e9canique aux mod\u00e8les \u00e9lectroniques plus avanc\u00e9s. Une combinaison unique d\u2019innovation et de style, caract\u00e9ris\u00e9e par une haute qualit\u00e9 de lavage, id\u00e9al pour les bars, les caf\u00e9t\u00e9rias, les glaciers et la petite restauration.<\/p>\n","protected":false},"excerpt":{"rendered":"<p>Les lave-verres Aristarco, solides et \u00e9l\u00e9gants, ont \u00e9t\u00e9 con\u00e7us pour r\u00e9pondre \u00e0 tous les besoins de lavage, tout en assurant des performances \u00e9lev\u00e9es et une longue dur\u00e9e de vie. Ils sont divis\u00e9s en 3 gammes de produits diff\u00e9rentes pour un total de 24 mod\u00e8les, allant des plus simples \u00e0 commande \u00e9lectrom\u00e9canique aux mod\u00e8les \u00e9lectroniques plus [&hellip;]<\/p>\n","protected":false},"author":3,"featured_media":4796,"parent":4585,"menu_order":39,"comment_status":"closed","ping_status":"closed","template":"type.php","meta":{"_acf_changed":false,"footnotes":""},"class_list":["post-4794","page","type-page","status-publish","has-post-thumbnail","hentry"],"acf":[],"yoast_head":"<!-- This site is optimized with the Yoast SEO plugin v27.5 - https:\/\/yoast.com\/product\/yoast-seo-wordpress\/ -->\n<title>Lave-verres - Aristarco<\/title>\n<meta name=\"robots\" content=\"index, follow, max-snippet:-1, max-image-preview:large, max-video-preview:-1\" \/>\n<link rel=\"canonical\" href=\"https:\/\/www.aristarco.it\/fr\/lavage\/tipologie\/lavabicchieri\/\" \/>\n<meta property=\"og:locale\" content=\"fr_FR\" \/>\n<meta property=\"og:type\" content=\"article\" \/>\n<meta property=\"og:title\" content=\"Lave-verres - Aristarco\" \/>\n<meta property=\"og:description\" content=\"Les lave-verres Aristarco, solides et \u00e9l\u00e9gants, ont \u00e9t\u00e9 con\u00e7us pour r\u00e9pondre \u00e0 tous les besoins de lavage, tout en assurant des performances \u00e9lev\u00e9es et une longue dur\u00e9e de vie. Ils sont divis\u00e9s en 3 gammes de produits diff\u00e9rentes pour un total de 24 mod\u00e8les, allant des plus simples \u00e0 commande \u00e9lectrom\u00e9canique aux mod\u00e8les \u00e9lectroniques plus [&hellip;]\" \/>\n<meta property=\"og:url\" content=\"https:\/\/www.aristarco.it\/fr\/lavage\/tipologie\/lavabicchieri\/\" \/>\n<meta property=\"og:site_name\" content=\"Aristarco\" \/>\n<meta property=\"article:publisher\" content=\"https:\/\/www.facebook.com\/aristarcospa\" \/>\n<meta property=\"article:modified_time\" content=\"2020-07-27T16:20:52+00:00\" \/>\n<meta property=\"og:image\" content=\"https:\/\/www.aristarco.it\/wp-content\/uploads\/2019\/01\/Lavabicchieri-ok-2.jpg\" \/>\n\t<meta property=\"og:image:width\" content=\"1500\" \/>\n\t<meta property=\"og:image:height\" content=\"1345\" \/>\n\t<meta property=\"og:image:type\" content=\"image\/jpeg\" \/>\n<meta name=\"twitter:card\" content=\"summary_large_image\" \/>\n<script type=\"application\/ld+json\" class=\"yoast-schema-graph\">{\"@context\":\"https:\\\/\\\/schema.org\",\"@graph\":[{\"@type\":\"WebPage\",\"@id\":\"https:\\\/\\\/www.aristarco.it\\\/fr\\\/lavage\\\/tipologie\\\/lavabicchieri\\\/\",\"url\":\"https:\\\/\\\/www.aristarco.it\\\/fr\\\/lavage\\\/tipologie\\\/lavabicchieri\\\/\",\"name\":\"Lave-verres - Aristarco\",\"isPartOf\":{\"@id\":\"https:\\\/\\\/www.aristarco.it\\\/fr\\\/#website\"},\"primaryImageOfPage\":{\"@id\":\"https:\\\/\\\/www.aristarco.it\\\/fr\\\/lavage\\\/tipologie\\\/lavabicchieri\\\/#primaryimage\"},\"image\":{\"@id\":\"https:\\\/\\\/www.aristarco.it\\\/fr\\\/lavage\\\/tipologie\\\/lavabicchieri\\\/#primaryimage\"},\"thumbnailUrl\":\"https:\\\/\\\/www.aristarco.it\\\/wp-content\\\/uploads\\\/2019\\\/01\\\/Lavabicchieri-ok-2.jpg\",\"datePublished\":\"2018-09-14T06:58:27+00:00\",\"dateModified\":\"2020-07-27T16:20:52+00:00\",\"breadcrumb\":{\"@id\":\"https:\\\/\\\/www.aristarco.it\\\/fr\\\/lavage\\\/tipologie\\\/lavabicchieri\\\/#breadcrumb\"},\"inLanguage\":\"fr-FR\",\"potentialAction\":[{\"@type\":\"ReadAction\",\"target\":[\"https:\\\/\\\/www.aristarco.it\\\/fr\\\/lavage\\\/tipologie\\\/lavabicchieri\\\/\"]}]},{\"@type\":\"ImageObject\",\"inLanguage\":\"fr-FR\",\"@id\":\"https:\\\/\\\/www.aristarco.it\\\/fr\\\/lavage\\\/tipologie\\\/lavabicchieri\\\/#primaryimage\",\"url\":\"https:\\\/\\\/www.aristarco.it\\\/wp-content\\\/uploads\\\/2019\\\/01\\\/Lavabicchieri-ok-2.jpg\",\"contentUrl\":\"https:\\\/\\\/www.aristarco.it\\\/wp-content\\\/uploads\\\/2019\\\/01\\\/Lavabicchieri-ok-2.jpg\",\"width\":1500,\"height\":1345},{\"@type\":\"BreadcrumbList\",\"@id\":\"https:\\\/\\\/www.aristarco.it\\\/fr\\\/lavage\\\/tipologie\\\/lavabicchieri\\\/#breadcrumb\",\"itemListElement\":[{\"@type\":\"ListItem\",\"position\":1,\"name\":\"Home\",\"item\":\"https:\\\/\\\/www.aristarco.it\\\/fr\\\/\"},{\"@type\":\"ListItem\",\"position\":2,\"name\":\"Lavage\",\"item\":\"https:\\\/\\\/www.aristarco.it\\\/fr\\\/lavage\\\/\"},{\"@type\":\"ListItem\",\"position\":3,\"name\":\"Typologie\",\"item\":\"https:\\\/\\\/www.aristarco.it\\\/fr\\\/lavage\\\/tipologie\\\/\"},{\"@type\":\"ListItem\",\"position\":4,\"name\":\"Lave-verres\"}]},{\"@type\":\"WebSite\",\"@id\":\"https:\\\/\\\/www.aristarco.it\\\/fr\\\/#website\",\"url\":\"https:\\\/\\\/www.aristarco.it\\\/fr\\\/\",\"name\":\"Aristarco\",\"description\":\"A family of washing &amp; ice\",\"publisher\":{\"@id\":\"https:\\\/\\\/www.aristarco.it\\\/fr\\\/#organization\"},\"potentialAction\":[{\"@type\":\"SearchAction\",\"target\":{\"@type\":\"EntryPoint\",\"urlTemplate\":\"https:\\\/\\\/www.aristarco.it\\\/fr\\\/?s={search_term_string}\"},\"query-input\":{\"@type\":\"PropertyValueSpecification\",\"valueRequired\":true,\"valueName\":\"search_term_string\"}}],\"inLanguage\":\"fr-FR\"},{\"@type\":\"Organization\",\"@id\":\"https:\\\/\\\/www.aristarco.it\\\/fr\\\/#organization\",\"name\":\"Aristarco S.p.A.\",\"url\":\"https:\\\/\\\/www.aristarco.it\\\/fr\\\/\",\"logo\":{\"@type\":\"ImageObject\",\"inLanguage\":\"fr-FR\",\"@id\":\"https:\\\/\\\/www.aristarco.it\\\/fr\\\/#\\\/schema\\\/logo\\\/image\\\/\",\"url\":\"https:\\\/\\\/www.aristarco.it\\\/wp-content\\\/uploads\\\/2018\\\/09\\\/logo.png\",\"contentUrl\":\"https:\\\/\\\/www.aristarco.it\\\/wp-content\\\/uploads\\\/2018\\\/09\\\/logo.png\",\"width\":560,\"height\":99,\"caption\":\"Aristarco S.p.A.\"},\"image\":{\"@id\":\"https:\\\/\\\/www.aristarco.it\\\/fr\\\/#\\\/schema\\\/logo\\\/image\\\/\"},\"sameAs\":[\"https:\\\/\\\/www.facebook.com\\\/aristarcospa\",\"https:\\\/\\\/www.linkedin.com\\\/company\\\/24691537\\\/admin\\\/\",\"https:\\\/\\\/www.instagram.com\\\/aristarco_spa\\\/\"]}]}<\/script>\n<!-- \/ Yoast SEO plugin. -->","yoast_head_json":{"title":"Lave-verres - Aristarco","robots":{"index":"index","follow":"follow","max-snippet":"max-snippet:-1","max-image-preview":"max-image-preview:large","max-video-preview":"max-video-preview:-1"},"canonical":"https:\/\/www.aristarco.it\/fr\/lavage\/tipologie\/lavabicchieri\/","og_locale":"fr_FR","og_type":"article","og_title":"Lave-verres - Aristarco","og_description":"Les lave-verres Aristarco, solides et \u00e9l\u00e9gants, ont \u00e9t\u00e9 con\u00e7us pour r\u00e9pondre \u00e0 tous les besoins de lavage, tout en assurant des performances \u00e9lev\u00e9es et une longue dur\u00e9e de vie. Ils sont divis\u00e9s en 3 gammes de produits diff\u00e9rentes pour un total de 24 mod\u00e8les, allant des plus simples \u00e0 commande \u00e9lectrom\u00e9canique aux mod\u00e8les \u00e9lectroniques plus [&hellip;]","og_url":"https:\/\/www.aristarco.it\/fr\/lavage\/tipologie\/lavabicchieri\/","og_site_name":"Aristarco","article_publisher":"https:\/\/www.facebook.com\/aristarcospa","article_modified_time":"2020-07-27T16:20:52+00:00","og_image":[{"width":1500,"height":1345,"url":"https:\/\/www.aristarco.it\/wp-content\/uploads\/2019\/01\/Lavabicchieri-ok-2.jpg","type":"image\/jpeg"}],"twitter_card":"summary_large_image","schema":{"@context":"https:\/\/schema.org","@graph":[{"@type":"WebPage","@id":"https:\/\/www.aristarco.it\/fr\/lavage\/tipologie\/lavabicchieri\/","url":"https:\/\/www.aristarco.it\/fr\/lavage\/tipologie\/lavabicchieri\/","name":"Lave-verres - Aristarco","isPartOf":{"@id":"https:\/\/www.aristarco.it\/fr\/#website"},"primaryImageOfPage":{"@id":"https:\/\/www.aristarco.it\/fr\/lavage\/tipologie\/lavabicchieri\/#primaryimage"},"image":{"@id":"https:\/\/www.aristarco.it\/fr\/lavage\/tipologie\/lavabicchieri\/#primaryimage"},"thumbnailUrl":"https:\/\/www.aristarco.it\/wp-content\/uploads\/2019\/01\/Lavabicchieri-ok-2.jpg","datePublished":"2018-09-14T06:58:27+00:00","dateModified":"2020-07-27T16:20:52+00:00","breadcrumb":{"@id":"https:\/\/www.aristarco.it\/fr\/lavage\/tipologie\/lavabicchieri\/#breadcrumb"},"inLanguage":"fr-FR","potentialAction":[{"@type":"ReadAction","target":["https:\/\/www.aristarco.it\/fr\/lavage\/tipologie\/lavabicchieri\/"]}]},{"@type":"ImageObject","inLanguage":"fr-FR","@id":"https:\/\/www.aristarco.it\/fr\/lavage\/tipologie\/lavabicchieri\/#primaryimage","url":"https:\/\/www.aristarco.it\/wp-content\/uploads\/2019\/01\/Lavabicchieri-ok-2.jpg","contentUrl":"https:\/\/www.aristarco.it\/wp-content\/uploads\/2019\/01\/Lavabicchieri-ok-2.jpg","width":1500,"height":1345},{"@type":"BreadcrumbList","@id":"https:\/\/www.aristarco.it\/fr\/lavage\/tipologie\/lavabicchieri\/#breadcrumb","itemListElement":[{"@type":"ListItem","position":1,"name":"Home","item":"https:\/\/www.aristarco.it\/fr\/"},{"@type":"ListItem","position":2,"name":"Lavage","item":"https:\/\/www.aristarco.it\/fr\/lavage\/"},{"@type":"ListItem","position":3,"name":"Typologie","item":"https:\/\/www.aristarco.it\/fr\/lavage\/tipologie\/"},{"@type":"ListItem","position":4,"name":"Lave-verres"}]},{"@type":"WebSite","@id":"https:\/\/www.aristarco.it\/fr\/#website","url":"https:\/\/www.aristarco.it\/fr\/","name":"Aristarco","description":"A family of washing &amp; ice","publisher":{"@id":"https:\/\/www.aristarco.it\/fr\/#organization"},"potentialAction":[{"@type":"SearchAction","target":{"@type":"EntryPoint","urlTemplate":"https:\/\/www.aristarco.it\/fr\/?s={search_term_string}"},"query-input":{"@type":"PropertyValueSpecification","valueRequired":true,"valueName":"search_term_string"}}],"inLanguage":"fr-FR"},{"@type":"Organization","@id":"https:\/\/www.aristarco.it\/fr\/#organization","name":"Aristarco S.p.A.","url":"https:\/\/www.aristarco.it\/fr\/","logo":{"@type":"ImageObject","inLanguage":"fr-FR","@id":"https:\/\/www.aristarco.it\/fr\/#\/schema\/logo\/image\/","url":"https:\/\/www.aristarco.it\/wp-content\/uploads\/2018\/09\/logo.png","contentUrl":"https:\/\/www.aristarco.it\/wp-content\/uploads\/2018\/09\/logo.png","width":560,"height":99,"caption":"Aristarco S.p.A."},"image":{"@id":"https:\/\/www.aristarco.it\/fr\/#\/schema\/logo\/image\/"},"sameAs":["https:\/\/www.facebook.com\/aristarcospa","https:\/\/www.linkedin.com\/company\/24691537\/admin\/","https:\/\/www.instagram.com\/aristarco_spa\/"]}]}},"_links":{"self":[{"href":"https:\/\/www.aristarco.it\/fr\/wp-json\/wp\/v2\/pages\/4794","targetHints":{"allow":["GET"]}}],"collection":[{"href":"https:\/\/www.aristarco.it\/fr\/wp-json\/wp\/v2\/pages"}],"about":[{"href":"https:\/\/www.aristarco.it\/fr\/wp-json\/wp\/v2\/types\/page"}],"author":[{"embeddable":true,"href":"https:\/\/www.aristarco.it\/fr\/wp-json\/wp\/v2\/users\/3"}],"replies":[{"embeddable":true,"href":"https:\/\/www.aristarco.it\/fr\/wp-json\/wp\/v2\/comments?post=4794"}],"version-history":[{"count":2,"href":"https:\/\/www.aristarco.it\/fr\/wp-json\/wp\/v2\/pages\/4794\/revisions"}],"predecessor-version":[{"id":7485,"href":"https:\/\/www.aristarco.it\/fr\/wp-json\/wp\/v2\/pages\/4794\/revisions\/7485"}],"up":[{"embeddable":true,"href":"https:\/\/www.aristarco.it\/fr\/wp-json\/wp\/v2\/pages\/4585"}],"wp:featuredmedia":[{"embeddable":true,"href":"https:\/\/www.aristarco.it\/fr\/wp-json\/wp\/v2\/media\/4796"}],"wp:attachment":[{"href":"https:\/\/www.aristarco.it\/fr\/wp-json\/wp\/v2\/media?parent=4794"}],"curies":[{"name":"wp","href":"https:\/\/api.w.org\/{rel}","templated":true}]}}