{"id":4777,"date":"2018-09-14T09:35:45","date_gmt":"2018-09-14T07:35:45","guid":{"rendered":"https:\/\/www.aristarco.it\/lavaggio\/tipologie\/lavastoviglie-e-capotta\/"},"modified":"2021-02-12T16:14:32","modified_gmt":"2021-02-12T15:14:32","slug":"lavastoviglie-e-capotta","status":"publish","type":"page","link":"https:\/\/www.aristarco.it\/fr\/lavage\/tipologie\/lavastoviglie-e-capotta\/","title":{"rendered":"Lave-vaisselle \u00e0 capot"},"content":{"rendered":"<h3>Caract\u00e9ris\u00e9s par leur solidit\u00e9, leur polyvalence et leur \u00e9l\u00e9gance, les lave-vaisselle \u00e0 capot Aristarco garantissent des performances de lavage et une durabilit\u00e9 maximales.<\/h3>\n<p>La gamme de lave-vaisselle \u00e0 capot Aristarco est dot\u00e9e, sur demande, de panneaux en entr\u00e9e et en sortie qui permettent de cr\u00e9er de petites \u00ab lignes int\u00e9gr\u00e9es \u00bb pour garantir un lavage plus efficace et efficient, id\u00e9al pour la moyenne restauration.<\/p>\n","protected":false},"excerpt":{"rendered":"<p>Caract\u00e9ris\u00e9s par leur solidit\u00e9, leur polyvalence et leur \u00e9l\u00e9gance, les lave-vaisselle \u00e0 capot Aristarco garantissent des performances de lavage et une durabilit\u00e9 maximales. La gamme de lave-vaisselle \u00e0 capot Aristarco est dot\u00e9e, sur demande, de panneaux en entr\u00e9e et en sortie qui permettent de cr\u00e9er de petites \u00ab lignes int\u00e9gr\u00e9es \u00bb pour garantir un lavage [&hellip;]<\/p>\n","protected":false},"author":3,"featured_media":6786,"parent":4585,"menu_order":2,"comment_status":"closed","ping_status":"closed","template":"type.php","meta":{"_acf_changed":false,"footnotes":""},"class_list":["post-4777","page","type-page","status-publish","has-post-thumbnail","hentry"],"acf":[],"yoast_head":"<!-- This site is optimized with the Yoast SEO plugin v27.5 - https:\/\/yoast.com\/product\/yoast-seo-wordpress\/ -->\n<title>Lave-vaisselle \u00e0 capot - Aristarco<\/title>\n<meta name=\"robots\" content=\"index, follow, max-snippet:-1, max-image-preview:large, max-video-preview:-1\" \/>\n<link rel=\"canonical\" href=\"https:\/\/www.aristarco.it\/fr\/lavage\/tipologie\/lavastoviglie-e-capotta\/\" \/>\n<meta property=\"og:locale\" content=\"fr_FR\" \/>\n<meta property=\"og:type\" content=\"article\" \/>\n<meta property=\"og:title\" content=\"Lave-vaisselle \u00e0 capot - Aristarco\" \/>\n<meta property=\"og:description\" content=\"Caract\u00e9ris\u00e9s par leur solidit\u00e9, leur polyvalence et leur \u00e9l\u00e9gance, les lave-vaisselle \u00e0 capot Aristarco garantissent des performances de lavage et une durabilit\u00e9 maximales. La gamme de lave-vaisselle \u00e0 capot Aristarco est dot\u00e9e, sur demande, de panneaux en entr\u00e9e et en sortie qui permettent de cr\u00e9er de petites \u00ab lignes int\u00e9gr\u00e9es \u00bb pour garantir un lavage [&hellip;]\" \/>\n<meta property=\"og:url\" content=\"https:\/\/www.aristarco.it\/fr\/lavage\/tipologie\/lavastoviglie-e-capotta\/\" \/>\n<meta property=\"og:site_name\" content=\"Aristarco\" \/>\n<meta property=\"article:publisher\" content=\"https:\/\/www.facebook.com\/aristarcospa\" \/>\n<meta property=\"article:modified_time\" content=\"2021-02-12T15:14:32+00:00\" \/>\n<meta property=\"og:image\" content=\"https:\/\/www.aristarco.it\/wp-content\/uploads\/2020\/06\/AH-tipologia.png\" \/>\n\t<meta property=\"og:image:width\" content=\"1500\" \/>\n\t<meta property=\"og:image:height\" content=\"1345\" \/>\n\t<meta property=\"og:image:type\" content=\"image\/png\" \/>\n<meta name=\"twitter:card\" content=\"summary_large_image\" \/>\n<script type=\"application\/ld+json\" class=\"yoast-schema-graph\">{\"@context\":\"https:\\\/\\\/schema.org\",\"@graph\":[{\"@type\":\"WebPage\",\"@id\":\"https:\\\/\\\/www.aristarco.it\\\/fr\\\/lavage\\\/tipologie\\\/lavastoviglie-e-capotta\\\/\",\"url\":\"https:\\\/\\\/www.aristarco.it\\\/fr\\\/lavage\\\/tipologie\\\/lavastoviglie-e-capotta\\\/\",\"name\":\"Lave-vaisselle \u00e0 capot - Aristarco\",\"isPartOf\":{\"@id\":\"https:\\\/\\\/www.aristarco.it\\\/fr\\\/#website\"},\"primaryImageOfPage\":{\"@id\":\"https:\\\/\\\/www.aristarco.it\\\/fr\\\/lavage\\\/tipologie\\\/lavastoviglie-e-capotta\\\/#primaryimage\"},\"image\":{\"@id\":\"https:\\\/\\\/www.aristarco.it\\\/fr\\\/lavage\\\/tipologie\\\/lavastoviglie-e-capotta\\\/#primaryimage\"},\"thumbnailUrl\":\"https:\\\/\\\/www.aristarco.it\\\/wp-content\\\/uploads\\\/2020\\\/06\\\/AH-tipologia.png\",\"datePublished\":\"2018-09-14T07:35:45+00:00\",\"dateModified\":\"2021-02-12T15:14:32+00:00\",\"breadcrumb\":{\"@id\":\"https:\\\/\\\/www.aristarco.it\\\/fr\\\/lavage\\\/tipologie\\\/lavastoviglie-e-capotta\\\/#breadcrumb\"},\"inLanguage\":\"fr-FR\",\"potentialAction\":[{\"@type\":\"ReadAction\",\"target\":[\"https:\\\/\\\/www.aristarco.it\\\/fr\\\/lavage\\\/tipologie\\\/lavastoviglie-e-capotta\\\/\"]}]},{\"@type\":\"ImageObject\",\"inLanguage\":\"fr-FR\",\"@id\":\"https:\\\/\\\/www.aristarco.it\\\/fr\\\/lavage\\\/tipologie\\\/lavastoviglie-e-capotta\\\/#primaryimage\",\"url\":\"https:\\\/\\\/www.aristarco.it\\\/wp-content\\\/uploads\\\/2020\\\/06\\\/AH-tipologia.png\",\"contentUrl\":\"https:\\\/\\\/www.aristarco.it\\\/wp-content\\\/uploads\\\/2020\\\/06\\\/AH-tipologia.png\",\"width\":1500,\"height\":1345},{\"@type\":\"BreadcrumbList\",\"@id\":\"https:\\\/\\\/www.aristarco.it\\\/fr\\\/lavage\\\/tipologie\\\/lavastoviglie-e-capotta\\\/#breadcrumb\",\"itemListElement\":[{\"@type\":\"ListItem\",\"position\":1,\"name\":\"Home\",\"item\":\"https:\\\/\\\/www.aristarco.it\\\/fr\\\/\"},{\"@type\":\"ListItem\",\"position\":2,\"name\":\"Lavage\",\"item\":\"https:\\\/\\\/www.aristarco.it\\\/fr\\\/lavage\\\/\"},{\"@type\":\"ListItem\",\"position\":3,\"name\":\"Typologie\",\"item\":\"https:\\\/\\\/www.aristarco.it\\\/fr\\\/lavage\\\/tipologie\\\/\"},{\"@type\":\"ListItem\",\"position\":4,\"name\":\"Lave-vaisselle \u00e0 capot\"}]},{\"@type\":\"WebSite\",\"@id\":\"https:\\\/\\\/www.aristarco.it\\\/fr\\\/#website\",\"url\":\"https:\\\/\\\/www.aristarco.it\\\/fr\\\/\",\"name\":\"Aristarco\",\"description\":\"A family of washing &amp; ice\",\"publisher\":{\"@id\":\"https:\\\/\\\/www.aristarco.it\\\/fr\\\/#organization\"},\"potentialAction\":[{\"@type\":\"SearchAction\",\"target\":{\"@type\":\"EntryPoint\",\"urlTemplate\":\"https:\\\/\\\/www.aristarco.it\\\/fr\\\/?s={search_term_string}\"},\"query-input\":{\"@type\":\"PropertyValueSpecification\",\"valueRequired\":true,\"valueName\":\"search_term_string\"}}],\"inLanguage\":\"fr-FR\"},{\"@type\":\"Organization\",\"@id\":\"https:\\\/\\\/www.aristarco.it\\\/fr\\\/#organization\",\"name\":\"Aristarco S.p.A.\",\"url\":\"https:\\\/\\\/www.aristarco.it\\\/fr\\\/\",\"logo\":{\"@type\":\"ImageObject\",\"inLanguage\":\"fr-FR\",\"@id\":\"https:\\\/\\\/www.aristarco.it\\\/fr\\\/#\\\/schema\\\/logo\\\/image\\\/\",\"url\":\"https:\\\/\\\/www.aristarco.it\\\/wp-content\\\/uploads\\\/2018\\\/09\\\/logo.png\",\"contentUrl\":\"https:\\\/\\\/www.aristarco.it\\\/wp-content\\\/uploads\\\/2018\\\/09\\\/logo.png\",\"width\":560,\"height\":99,\"caption\":\"Aristarco S.p.A.\"},\"image\":{\"@id\":\"https:\\\/\\\/www.aristarco.it\\\/fr\\\/#\\\/schema\\\/logo\\\/image\\\/\"},\"sameAs\":[\"https:\\\/\\\/www.facebook.com\\\/aristarcospa\",\"https:\\\/\\\/www.linkedin.com\\\/company\\\/24691537\\\/admin\\\/\",\"https:\\\/\\\/www.instagram.com\\\/aristarco_spa\\\/\"]}]}<\/script>\n<!-- \/ Yoast SEO plugin. -->","yoast_head_json":{"title":"Lave-vaisselle \u00e0 capot - Aristarco","robots":{"index":"index","follow":"follow","max-snippet":"max-snippet:-1","max-image-preview":"max-image-preview:large","max-video-preview":"max-video-preview:-1"},"canonical":"https:\/\/www.aristarco.it\/fr\/lavage\/tipologie\/lavastoviglie-e-capotta\/","og_locale":"fr_FR","og_type":"article","og_title":"Lave-vaisselle \u00e0 capot - Aristarco","og_description":"Caract\u00e9ris\u00e9s par leur solidit\u00e9, leur polyvalence et leur \u00e9l\u00e9gance, les lave-vaisselle \u00e0 capot Aristarco garantissent des performances de lavage et une durabilit\u00e9 maximales. La gamme de lave-vaisselle \u00e0 capot Aristarco est dot\u00e9e, sur demande, de panneaux en entr\u00e9e et en sortie qui permettent de cr\u00e9er de petites \u00ab lignes int\u00e9gr\u00e9es \u00bb pour garantir un lavage [&hellip;]","og_url":"https:\/\/www.aristarco.it\/fr\/lavage\/tipologie\/lavastoviglie-e-capotta\/","og_site_name":"Aristarco","article_publisher":"https:\/\/www.facebook.com\/aristarcospa","article_modified_time":"2021-02-12T15:14:32+00:00","og_image":[{"width":1500,"height":1345,"url":"https:\/\/www.aristarco.it\/wp-content\/uploads\/2020\/06\/AH-tipologia.png","type":"image\/png"}],"twitter_card":"summary_large_image","schema":{"@context":"https:\/\/schema.org","@graph":[{"@type":"WebPage","@id":"https:\/\/www.aristarco.it\/fr\/lavage\/tipologie\/lavastoviglie-e-capotta\/","url":"https:\/\/www.aristarco.it\/fr\/lavage\/tipologie\/lavastoviglie-e-capotta\/","name":"Lave-vaisselle \u00e0 capot - Aristarco","isPartOf":{"@id":"https:\/\/www.aristarco.it\/fr\/#website"},"primaryImageOfPage":{"@id":"https:\/\/www.aristarco.it\/fr\/lavage\/tipologie\/lavastoviglie-e-capotta\/#primaryimage"},"image":{"@id":"https:\/\/www.aristarco.it\/fr\/lavage\/tipologie\/lavastoviglie-e-capotta\/#primaryimage"},"thumbnailUrl":"https:\/\/www.aristarco.it\/wp-content\/uploads\/2020\/06\/AH-tipologia.png","datePublished":"2018-09-14T07:35:45+00:00","dateModified":"2021-02-12T15:14:32+00:00","breadcrumb":{"@id":"https:\/\/www.aristarco.it\/fr\/lavage\/tipologie\/lavastoviglie-e-capotta\/#breadcrumb"},"inLanguage":"fr-FR","potentialAction":[{"@type":"ReadAction","target":["https:\/\/www.aristarco.it\/fr\/lavage\/tipologie\/lavastoviglie-e-capotta\/"]}]},{"@type":"ImageObject","inLanguage":"fr-FR","@id":"https:\/\/www.aristarco.it\/fr\/lavage\/tipologie\/lavastoviglie-e-capotta\/#primaryimage","url":"https:\/\/www.aristarco.it\/wp-content\/uploads\/2020\/06\/AH-tipologia.png","contentUrl":"https:\/\/www.aristarco.it\/wp-content\/uploads\/2020\/06\/AH-tipologia.png","width":1500,"height":1345},{"@type":"BreadcrumbList","@id":"https:\/\/www.aristarco.it\/fr\/lavage\/tipologie\/lavastoviglie-e-capotta\/#breadcrumb","itemListElement":[{"@type":"ListItem","position":1,"name":"Home","item":"https:\/\/www.aristarco.it\/fr\/"},{"@type":"ListItem","position":2,"name":"Lavage","item":"https:\/\/www.aristarco.it\/fr\/lavage\/"},{"@type":"ListItem","position":3,"name":"Typologie","item":"https:\/\/www.aristarco.it\/fr\/lavage\/tipologie\/"},{"@type":"ListItem","position":4,"name":"Lave-vaisselle \u00e0 capot"}]},{"@type":"WebSite","@id":"https:\/\/www.aristarco.it\/fr\/#website","url":"https:\/\/www.aristarco.it\/fr\/","name":"Aristarco","description":"A family of washing &amp; ice","publisher":{"@id":"https:\/\/www.aristarco.it\/fr\/#organization"},"potentialAction":[{"@type":"SearchAction","target":{"@type":"EntryPoint","urlTemplate":"https:\/\/www.aristarco.it\/fr\/?s={search_term_string}"},"query-input":{"@type":"PropertyValueSpecification","valueRequired":true,"valueName":"search_term_string"}}],"inLanguage":"fr-FR"},{"@type":"Organization","@id":"https:\/\/www.aristarco.it\/fr\/#organization","name":"Aristarco S.p.A.","url":"https:\/\/www.aristarco.it\/fr\/","logo":{"@type":"ImageObject","inLanguage":"fr-FR","@id":"https:\/\/www.aristarco.it\/fr\/#\/schema\/logo\/image\/","url":"https:\/\/www.aristarco.it\/wp-content\/uploads\/2018\/09\/logo.png","contentUrl":"https:\/\/www.aristarco.it\/wp-content\/uploads\/2018\/09\/logo.png","width":560,"height":99,"caption":"Aristarco S.p.A."},"image":{"@id":"https:\/\/www.aristarco.it\/fr\/#\/schema\/logo\/image\/"},"sameAs":["https:\/\/www.facebook.com\/aristarcospa","https:\/\/www.linkedin.com\/company\/24691537\/admin\/","https:\/\/www.instagram.com\/aristarco_spa\/"]}]}},"_links":{"self":[{"href":"https:\/\/www.aristarco.it\/fr\/wp-json\/wp\/v2\/pages\/4777","targetHints":{"allow":["GET"]}}],"collection":[{"href":"https:\/\/www.aristarco.it\/fr\/wp-json\/wp\/v2\/pages"}],"about":[{"href":"https:\/\/www.aristarco.it\/fr\/wp-json\/wp\/v2\/types\/page"}],"author":[{"embeddable":true,"href":"https:\/\/www.aristarco.it\/fr\/wp-json\/wp\/v2\/users\/3"}],"replies":[{"embeddable":true,"href":"https:\/\/www.aristarco.it\/fr\/wp-json\/wp\/v2\/comments?post=4777"}],"version-history":[{"count":4,"href":"https:\/\/www.aristarco.it\/fr\/wp-json\/wp\/v2\/pages\/4777\/revisions"}],"predecessor-version":[{"id":7484,"href":"https:\/\/www.aristarco.it\/fr\/wp-json\/wp\/v2\/pages\/4777\/revisions\/7484"}],"up":[{"embeddable":true,"href":"https:\/\/www.aristarco.it\/fr\/wp-json\/wp\/v2\/pages\/4585"}],"wp:featuredmedia":[{"embeddable":true,"href":"https:\/\/www.aristarco.it\/fr\/wp-json\/wp\/v2\/media\/6786"}],"wp:attachment":[{"href":"https:\/\/www.aristarco.it\/fr\/wp-json\/wp\/v2\/media?parent=4777"}],"curies":[{"name":"wp","href":"https:\/\/api.w.org\/{rel}","templated":true}]}}