{"id":4695,"date":"2018-07-30T17:36:48","date_gmt":"2018-07-30T15:36:15","guid":{"rendered":"https:\/\/www.aristarco.it\/privacy-cookies-policy\/"},"modified":"2021-03-30T08:53:07","modified_gmt":"2021-03-30T06:53:07","slug":"privacy-cookies-policy","status":"publish","type":"page","link":"https:\/\/www.aristarco.it\/fr\/privacy-cookies-policy\/","title":{"rendered":"Politique de confidentialit\u00e9 et cookies"},"content":{"rendered":"\r\n<h1>Informativa per il trattamento dei dati personali<\/h1>\r\n<h5>\u00a0<\/h5>\r\n<p>&nbsp;<\/p>\r\n<h4>INFORMATIVA WEB A NORMA DEGLI ART.13 GDPR 2016\/679 (Regolamento Europeo sulla protezione dei dati personali)<\/h4>\r\n<h6>Gentile Visitatore, la presente informativa viene resa ai clienti persone fisiche e alle persone fisiche che operano in nome e per conto dei clienti persone giuridiche, ai sensi dell\u2019art.13 GDPR 2016\/679 (Regolamento Europeo sulla protezione dei dati personali).<\/h6>\r\n<h6>\u00a0<\/h6>\r\n<p>&nbsp;<\/p>\r\n<h6><strong>IDENTITA\u2019 E CONTATTI DEL TITOLARE:<\/strong><\/h6>\r\n<h6>Il Titolare del Trattamento \u00e8:<\/h6>\r\n<h6><strong>ARISTARCO S.P.A., con sede in via del Lavoro, 30 &#8211; Castelfranco Veneto (TV)<\/strong><\/h6>\r\n<h6>\u00a0<\/h6>\r\n<h6><strong>FINALITA\u2019 E BASE GIURIDICA DEL TRATTAMENTO:<\/strong><\/h6>\r\n<h6>a) esecuzione di obblighi derivanti da un contratto del quale Lei \u00e8 parte o per adempiere, prima e dopo l\u2019esecuzione del contratto, a Sue specifiche richieste;<\/h6>\r\n<h6>b) adempimento di obblighi di legge di natura amministrativa, contabile, civilistica, fiscale, regolamenti, normative comunitarie ed extracomunitarie;<\/h6>\r\n<h6>c) gestione della clientela (acquisizione dati e informazioni precontrattuali, amministrazione della clientela, controllo dell\u2019affidabilit\u00e0 e solvibilit\u00e0 per prevenzione possibili frodi, insolvenze e\/o inadempienze, amministrazione (di contratti, ordini, spedizioni e fatture);<\/h6>\r\n<h6>d) gestione del contenzioso (inadempimenti contrattuali; diffide, transazioni, recupero crediti, arbitrati, controversie giudiziarie);<\/h6>\r\n<h6>e) gestione e controllo accessi presso ns. sede;<\/h6>\r\n<h6>f) invio, via e-mail, posta e\/o sms e\/o contatti telefonici, newsletter, di comunicazioni commerciali e\/o materiale pubblicitario su prodotti o servizi offerti dal Titolare del trattament;<\/h6>\r\n<h6>g) eventuale rilevazione del grado di soddisfazione sulla qualit\u00e0 dei servizi;<\/h6>\r\n<h6>In merito ai punti f) g) si comunica che i vostri dati saranno inseriti negli archivi del Titolare e utilizzati per l\u2019invio di comunicazioni tecniche, commerciali, servizi analoghi a quelli in oggetto dei vs precedenti acquisti o oggetto di vostre specifiche richieste. In particolare saranno utilizzati per inviare, anche tramite posta elettronica, informazioni e comunicazioni concernenti i servizi tecnici e commerciali, i servizi a valore aggiunto, i servizi interattivi di pre e post vendita, novit\u00e0 e promozioni.<\/h6>\r\n<h6>\u00a0<\/h6>\r\n<h6>\u00a0<\/h6>\r\n<h6><strong>MODALITA\u2019 DI TRATTAMENTO:<\/strong><\/h6>\r\n<h6>I dati saranno trattati attraverso ausili cartacei ed elettronici e Le assicuriamo di aver posto in essere tutte le misure ritenute necessarie e\/o opportune per mantenere l\u2019integrit\u00e0 dei dati, per prevenirne la perdita, anche accidentale, nonch\u00e9 l\u2019accesso abusivo.<\/h6>\r\n<h6>\u00a0<\/h6>\r\n<h6>\u00a0<\/h6>\r\n<h6><strong>DESTINATARI DEI DATI PERSONALI:<\/strong><\/h6>\r\n<h6>I dati personali trattati non saranno oggetto di diffusione ma di comunicazione a soggetti ben definiti. Sulla base dei ruoli e delle mansioni lavorative espletate, il personale interno ed esterno \u00e8 legittimato al trattamento nei limiti delle loro competenze ed in conformit\u00e0 alle istruzioni ad essi impartite dal Titolare. Gli stessi dati potranno essere comunicati ai soggetti legittimati ad accedervi in forza di disposizioni di legge, regolamenti e normative, a societ\u00e0 di recapito corrispondenza, banche ed istituti di credito, societ\u00e0 di recupero crediti, studi legali, assicurazioni, societ\u00e0 di manutenzione apparecchiature informatiche, studi professionali\/societ\u00e0 eroganti servizi contabili, fiscali, tributari, lavoratori autonomi\/occasionali, agenti.<\/h6>\r\n<h6>\u00a0<\/h6>\r\n<h6>\u00a0<\/h6>\r\n<h6><strong>TRASFERIMENTO DEI DATI:<\/strong><\/h6>\r\n<h6>I dati personali saranno trattati dal Titolare all\u2019interno del territorio dell\u2019Unione Europea.<\/h6>\r\n<h6>Qualora per questioni di natura tecnica e\/o operativa si renda necessario avvalersi di soggetti ubicati al di fuori dell\u2019Unione Europea, oppure si renda necessario trasferire alcuni dei dati raccolti verso sistemi tecnici e servizi gestiti in cloud e localizzati al di fuori dell\u2019area dell\u2019Unione Europea, il trattamento sar\u00e0 regolato in conformit\u00e0 a quanto previsto dal capo V del Regolamento e autorizzato in base a specifiche decisioni dell\u2019Unione Europea. Saranno quindi adottate tutte le cautele necessarie al fine di garantire la pi\u00f9 totale protezione dei dati personali basando tale trasferimento:<br \/>a) su decisioni di adeguatezza dei paesi terzi destinatari espressi dalla Commissione Europea;<br \/>b) su garanzie adeguate espresse dal soggetto terzo destinatario ai sensi dell\u2019art. 46 del Regolamento;<br \/>c) sull\u2019adozione di norme vincolanti d\u2019impresa, cd. Corporate binding rules.<\/h6>\r\n<h6>\u00a0<\/h6>\r\n<h6>\u00a0<\/h6>\r\n<h6><strong>CONSERVAZIONE DEI DATI:<\/strong><\/h6>\r\n<h6>Il Titolare del trattamento conserva e tratta i dati personali per il tempo strettamente necessario ad adempiere alle finalit\u00e0 indicate ovvero per il periodo imposto dalle vigenti disposizioni in materia civilistica e fiscale.<\/h6>\r\n<h6>\u00a0<\/h6>\r\n<h6>\u00a0<\/h6>\r\n<h6><strong>DIRITTI DELL\u2019INTERESSATO:<\/strong><\/h6>\r\n<h6>A norma degli artt. 15) diritto di accesso, 16) diritto di rettifica, 17) diritto alla cancellazione, 18) diritto alla limitazione del trattamento, 20) diritto alla portabilit\u00e0, 21) diritto all\u2019opposizione e 22) diritto di opposizione al processo decisionale automatizzato del GDPR 2016\/679, l\u2019interessato pu\u00f2 esercitare i suoi diritti scrivendo al Titolare del Trattamento all\u2019indirizzo soprariportato oppure a mezzo mail all\u2019indirizzo: \u00a0<a href=\"mailto:michele.dametto@aristarco.it\"><strong>michele.dametto@aristarco.it<\/strong><\/a><\/h6>\r\n<h6>\u00a0<\/h6>\r\n<h6>\u00a0<\/h6>\r\n<h6><strong>REVOCA DEL CONSENSO:<\/strong><\/h6>\r\n<h6>con riferimento all\u2019art. 7) del GDPR 2016\/679 l\u2019interessato pu\u00f2 revocare, in qualsiasi momento e con le stesse modalit\u00e0, il consenso prestato.<\/h6>\r\n<h6>\u00a0<\/h6>\r\n<h6>\u00a0<\/h6>\r\n<h6><strong>DIRITTO DI PROPORRE RECLAMO:<\/strong><\/h6>\r\n<h6>L\u2019interessato ha diritto di proporre reclamo all\u2019Autorit\u00e0 di controllo dello stato di residenza.<\/h6>\r\n<h6>\u00a0<\/h6>\r\n<h6>\u00a0<\/h6>\r\n<h6><strong>CONFERIMENTO DEI DATI:<\/strong><\/h6>\r\n<h6>Il conferimento dei dati anagrafici completi e l\u2019indirizzo mail per l\u2019invio dei documenti amministrativi \u00e8 obbligatorio in base ad adempimenti di legge, regolamenti, normative e condizionante la possibilit\u00e0 di adempiere correttamente ed efficacemente agli obblighi contrattuali assunti; pertanto un eventuale rifiuto al conferimento comporter\u00e0 l\u2019impossibilit\u00e0 di adempiere agli obblighi contrattuali assunti; il consenso invece all\u2019invio di materiale pubblicitario, di compiere ricerche di mercato, di svolgere attivit\u00e0 promozionali \u00e8 facoltativo.<\/h6>\r\n<h6>\u00a0<\/h6>\r\n<h6>\u00a0<\/h6>\r\n<h6><strong>PROCESSI DECISIONALI AUTOMATIZZATI:<\/strong><\/h6>\r\n<h6>Il Titolare non effettua trattamenti che consistano in processi decisionali automatizzati sui dati trattati.<\/h6>\r\n<h6>\u00a0<\/h6>\r\n<h4>\u00a0<\/h4>\r\n<h4><strong>COOKIES<\/strong><\/h4>\r\n<p>&nbsp;<\/p>\r\n<h6>\u00a0<\/h6>\r\n<h6><strong>Cosa sono i cookies<\/strong><\/h6>\r\n<h6>I cookies sono piccoli file di testo inviati dai siti che visiti al tuo dispositivo. Questi file di testo vengono memorizzati per essere poi ritrasmessi al sito che li ha emessi ad ogni successiva pagina che visitate. Questo permette ai siti web di identificarti sia per la durata della sessione sia per periodi pi\u00f9 lunghi.<\/h6>\r\n<h6>\u00a0<\/h6>\r\n<h6>\u00a0<\/h6>\r\n<h6><strong>Tipi di cookies<\/strong><\/h6>\r\n<h6>Quando accedi alle pagine di questo sito potrebbero essere inviati al tuo dispositivo (computer, telefono, tablet, ecc.) dei cookies tecnici, dei cookies analitici e dei cookies di profilazione. Qui di seguito sono elencati i cookies emessi da questo sito assieme alle opzioni per dare o negare il consenso.<\/h6>\r\n<h6>\u00a0<\/h6>\r\n<h6>\u00a0<\/h6>\r\n<h6><strong>I cookies tecnici<\/strong><\/h6>\r\n<h6>Sono cookies fondamentali per navigare all\u2019interno del sito ed utilizzare tutte le funzionalit\u00e0 come, ad esempio, l\u2019accesso alle aree riservate. Senza questi cookies non sarebbe possibile fornire i servizi richiesti. Questi cookies non raccolgono informazioni da utilizzare per fini commerciali e quando chiudete il browser questi cookies non vengono salvati sul vostro computer. I cookies tecnici possono essere:<\/h6>\r\n<ul>\r\n<li>Di sessione: garantiscono la normale navigazione e fruizione del sito web (permettendo, ad esempio, di accedere all\u2019area riservata).<\/li>\r\n<li>Funzionali: permettono all\u2019utente la navigazione in funzione di una serie di criteri selezionati (ad esempio, la lingua, i prodotti selezionati per l\u2019acquisto) al fine di migliorare il servizio reso allo stesso.<\/li>\r\n<\/ul>\r\n<h6>\u00a0<\/h6>\r\n<h6>\u00a0<\/h6>\r\n<h6><strong>I cookies analitici<\/strong><\/h6>\r\n<h6>Questi cookies raccolgono informazioni in forma aggregata sul numero di utenti e su come essi utilizzano il sito web. Quando i cookies analitici raccolgono informazioni possono mantenere l\u2019indirizzo IP del visitatore: in questo caso dovete essere informati del fatto e dare o negare il consenso. I cookies analitici possono essere:<\/h6>\r\n<ul>\r\n<li>Inviati da questo sito web (prima parte): questo significa che le informazioni vengono raccolte da questo sito web e non sono condivise con altri servizi.<\/li>\r\n<li>Inviati da un sito web o servizio esterno (terza parte): questo significa che le informazioni raccolte sono potenzialmente visibili al proprietario del sito web o servizio esterno.<\/li>\r\n<\/ul>\r\n<h6>\u00a0<\/h6>\r\n<h6>\u00a0<\/h6>\r\n<h6><strong>I cookies di profilazione<\/strong><\/h6>\r\n<h6>I cookies di profilazione sono utilizzati per tracciare la navigazione degli utenti e creare un profilo delle loro abitudini, che pu\u00f2 poi essere utilizzato per inviare messaggi pubblicitari al dispositivo dell\u2019utente. I cookies di profilazione possono essere:<\/h6>\r\n<ul>\r\n<li>Inviati da questo sito web (prima parte): questo significa che le informazioni vengono raccolte da questo sito web e non sono condivise con altri servizi<\/li>\r\n<li>Inviati da un sito web o servizio esterno (terza parte): questo significa che le informazioni raccolte sono potenzialmente visibili al proprietario del sito web o servizio esterno.<\/li>\r\n<\/ul>\r\n<h6>\u00a0<\/h6>\r\n<h6>\u00a0<\/h6>\r\n<h6><strong>I cookies non classificati<\/strong><\/h6>\r\n<h6>I cookies non classificati sono i cookies che sono in fase di classificazione, insieme ai fornitori di cookies individuali.<\/h6>\r\n<h6>\u00a0<\/h6>\r\n<h6>\u00a0<\/h6>\r\n<h6><strong>Maggiori informazioni sui cookies di siti web o servizio esterni (terza parte)<\/strong><\/h6>\r\n<h6>Sono cookies provenienti da altri siti web (come per esempio Facebook, Twitter, YouTube o LinkedIn) o da circuiti pubblicitari (Google AdSense, DoubleClick, etc.) che possono essere inviati al vostro dispositivo a seguito della navigazione su questo sito. Questi cookies non sono strettamente necessari alla navigazione, ma negando il consenso all\u2019invio dei cookies di terze parti potrebbero essere impedite alcune funzionalit\u00e0 avanzate come, ad esempio, la condivisione di pagine sui social network.<\/h6>\r\n<h6>\u00a0<\/h6>\r\n<h6>\u00a0<\/h6>\r\n<h6>\u00a0<\/h6>\r\n<h6><strong>Report analisi dei cookie<\/strong><\/h6>\r\n<h6>\u00a0<\/h6>\r\n<h6>Data analisi: 18\/03\/2019<\/h6>\r\n<h6>Nome dominio: www.aristarco.it<\/h6>\r\n<h6>Posizione del server: Gran Bretagna<\/h6>\r\n<h6>Cookie in totale: 7<\/h6>\r\n<h6>\u00a0<\/h6>\r\n<h6>Identificati 7 cookie. 2 cookie non classificati che necessitano di classificazione manuale e di una descrizione specifica.<\/h6>\r\n<h6>\u00a0<\/h6>\r\n<h6>Categoria: Necessario (1)<\/h6>\r\n<h6>\u00a0<\/h6>\r\n<h6>NOME COOKIE: PHPSESSID<\/h6>\r\n<h6>FORNITORE: aristarco.it<\/h6>\r\n<h6>TIPO: HTTP<\/h6>\r\n<h6>SCADENZA: Session<\/h6>\r\n<h6>Primo URL trovato: https:\/\/www.aristarco.it\/<\/h6>\r\n<h6>Descrizione dello scopo dei cookie: Preserva gli stati dell&rsquo;utente nelle diverse pagine del sito.<\/h6>\r\n<h6>Inizializzatore: Webserver<\/h6>\r\n<h6>Origine: aristarco.it<\/h6>\r\n<h6>Dati inviati in: Gran Bretagna (adeguato)<\/h6>\r\n<h6>\u00a0<\/h6>\r\n<h6>Categoria: Statistiche(4)<\/h6>\r\n<h6>\u00a0<\/h6>\r\n<h6>NOME COOKIE: _ga<\/h6>\r\n<h6>FORNITORE: aristarco.it<\/h6>\r\n<h6>TIPO: HTTP<\/h6>\r\n<h6>SCADENZA: 2 anni<\/h6>\r\n<h6>Primo URL trovato: https:\/\/www.aristarco.it\/<\/h6>\r\n<h6>Descrizione dello scopo dei cookie: Registra un ID univoco utilizzato per generare dati statistici su come il visitatore utilizza il sito inter net.<\/h6>\r\n<h6>Inizializzatore: Pagina numero di linea sorgente 38-44<\/h6>\r\n<h6>Origine: Script inline<\/h6>\r\n<h6>Dati inviati in: Gran Bretagna (adeguato)<\/h6>\r\n<h6>Previo consenso abilitato: No<\/h6>\r\n<h6>\u00a0<\/h6>\r\n<h6>NOME COOKIE: _gat<\/h6>\r\n<h6>FORNITORE: aristarco.it<\/h6>\r\n<h6>TIPO: HTTP<\/h6>\r\n<h6>SCADENZA: 1 giorno<\/h6>\r\n<h6>Primo URL trovato: https:\/\/www.aristarco.it\/<\/h6>\r\n<h6>Descrizione dello scopo dei cookie: Utilizzato da Google Analytics per limitare la frequenza delle richieste<\/h6>\r\n<h6>Inizializzatore: Pagina numero di linea sorgente 38-44<\/h6>\r\n<h6>Origine: Script inline<\/h6>\r\n<h6>Dati inviati in: Gran Bretagna (adeguato)<\/h6>\r\n<h6>Previo consenso abilitato: No<\/h6>\r\n<h6>\u00a0<\/h6>\r\n<h6>NOME COOKIE: _gid<\/h6>\r\n<h6>FORNITORE: aristarco.it<\/h6>\r\n<h6>TIPO: HTTP<\/h6>\r\n<h6>SCADENZA: 1 giorno<\/h6>\r\n<h6>Primo URL trovato: https:\/\/www.aristarco.it\/<\/h6>\r\n<h6>Descrizione dello scopo dei cookie: Registra un ID univoco utilizzato per generare dati statistici su come il visitatore utilizza il sito inter net.<\/h6>\r\n<h6>Inizializzatore: Pagina numero di linea sorgente 38-44<\/h6>\r\n<h6>Origine: Script inline<\/h6>\r\n<h6>Dati inviati in: Gran Bretagna (adeguato)<\/h6>\r\n<h6>Previo consenso abilitato: No<\/h6>\r\n<h6>\u00a0<\/h6>\r\n<h6>NOME COOKIE: collect<\/h6>\r\n<h6>FORNITORE: google-analytics.com<\/h6>\r\n<h6>TIPO: Pixel<\/h6>\r\n<h6>SCADENZA: Session<\/h6>\r\n<h6>Primo URL trovato: https:\/\/www.aristarco.it\/<\/h6>\r\n<h6>Descrizione dello scopo dei cookie: Utilizzato per inviare dati a Google Analytics in merito al dispositivo e al comportamento dell&rsquo;utente. Tiene traccia dell&rsquo;utente su dispositivi e canali di marketing.<\/h6>\r\n<h6>Inizializzatore: Script inline, pagina numero di linea sorgente 38-44<\/h6>\r\n<h6>Origine: https:\/\/www.google-analytics.com\/r\/collect?v=1_v=j73a=350177712t=pageview_s=1dl=https%3A%2F%2Fwww.aristarco.it%2F ul=en-usde=UTF-8dt=Homepage%20%7C%20Aristarcosd=24-bitsr=1024x768vp=999x723je=0_u=IEBAAUAB~jid=882792835gjid=99754 0406cid=598580854.1552924954tid=UA-119996406-11_gid=1869089163.1552924954_r=1gtm=2ou3b2z=780727581<\/h6>\r\n<h6>Dati inviati in: Stati Uniti (adeguato)<\/h6>\r\n<h6>Previo consenso abilitato: No<\/h6>\r\n<h6>\u00a0<\/h6>\r\n<h6>Categoria: Nonclassificati(2)<\/h6>\r\n<h6>\u00a0<\/h6>\r\n<h6>NOME COOKIE: wp-api-schema-modelhttps:\/\/www.aristarco.it\/en\/wp-json\/wp\/v2\/<\/h6>\r\n<h6>FORNITORE: aristarco.it<\/h6>\r\n<h6>TIPO: HTML<\/h6>\r\n<h6>SCADENZA: Session<\/h6>\r\n<h6>Primo URL trovato: https:\/\/www.aristarco.it\/en\/<\/h6>\r\n<h6>Descrizione dello scopo dei cookie: Non classificati<\/h6>\r\n<h6>Inizializzatore: Script tag, pagina numero di linea sorgente 1551<\/h6>\r\n<h6>Origine: https:\/\/www.aristarco.it\/wp-includes\/js\/wp-api.min.js?ver=5.1.1<\/h6>\r\n<h6>Dati inviati in: Gran Bretagna (adeguato)<\/h6>\r\n<h6>Previo consenso abilitato: No<\/h6>\r\n<h6>\u00a0<\/h6>\r\n<h6>NOME COOKIE: wp-api-schema-modelhttps:\/\/www.aristarco.it\/wp-json\/wp\/v2\/<\/h6>\r\n<h6>FORNITORE: aristarco.it<\/h6>\r\n<h6>TIPO: HTML<\/h6>\r\n<h6>SCADENZA: Session<\/h6>\r\n<h6>Primo URL trovato: https:\/\/www.aristarco.it\/<\/h6>\r\n<h6>Descrizione dello scopo dei cookie: Non classificati<\/h6>\r\n<h6>Inizializzatore: Script tag, pagina numero di linea sorgente 1549<\/h6>\r\n<h6>Origine: https:\/\/www.aristarco.it\/wp-includes\/js\/wp-api.min.js?ver=5.1.1<\/h6>\r\n<h6>Dati inviati in: Gran Bretagna (adeguato)<\/h6>\r\n<h6>Previo consenso abilitato: No<\/h6>\r\n<h6>\u00a0<\/h6>\r\n<h6>\u00a0<\/h6>\r\n<h6>Nei browser maggiormente utilizzati i cookies sono attivati per impostazione predefinita. In ogni caso, ogni utente, in qualsiasi momento, pu\u00f2 configurare il proprio browser in modo da limitare o bloccare l\u2019installazione dei cookies, modificandone l\u2019impostazione e cancellare quelli esistenti. Tutte le informazioni generali sui cookies e sulle relative procedure di impostazione possono essere ottenute attraverso la lettura di specifiche istruzioni sui browser stessi od anche visitando alcuni siti web quali www.youronlinechoices.com\/it\/, https:\/\/www.networkadvertising.org e www.digitaladvertisingalliance.org. Per modificare l\u2019impostazione dei cookies sui telefoni cellulari si suggerisce di consultare il manuale di istruzioni del dispositivo.<\/h6>\r\n<h6>\u00a0<\/h6>\r\n<h6>L\u2019uso di questo sito implica la conoscenza e l\u2019accettazione delle presenti condizioni.<\/h6>\r\n<h6>Per cambiare le impostazioni dei cookies \u00e8 sufficiente premere il bottone in basso a sinistra dello schermo per tornare nella barra di scelta.<\/h6>\r\n<p>&nbsp;<\/p>\r\n","protected":false},"excerpt":{"rendered":"<p>Informativa per il trattamento dei dati personali \u00a0 &nbsp; INFORMATIVA WEB A NORMA DEGLI ART.13 GDPR 2016\/679 (Regolamento Europeo sulla protezione dei dati personali) Gentile Visitatore, la presente informativa viene resa ai clienti persone fisiche e alle persone fisiche che operano in nome e per conto dei clienti persone giuridiche, ai sensi dell\u2019art.13 GDPR 2016\/679 [&hellip;]<\/p>\n","protected":false},"author":1,"featured_media":0,"parent":0,"menu_order":853,"comment_status":"closed","ping_status":"closed","template":"","meta":{"_acf_changed":false,"footnotes":""},"class_list":["post-4695","page","type-page","status-publish","hentry"],"acf":[],"yoast_head":"<!-- This site is optimized with the Yoast SEO plugin v27.5 - https:\/\/yoast.com\/product\/yoast-seo-wordpress\/ -->\n<title>Politique de confidentialit\u00e9 et cookies - Aristarco<\/title>\n<meta name=\"robots\" content=\"index, follow, max-snippet:-1, max-image-preview:large, max-video-preview:-1\" \/>\n<link rel=\"canonical\" href=\"https:\/\/www.aristarco.it\/fr\/privacy-cookies-policy\/\" \/>\n<meta property=\"og:locale\" content=\"fr_FR\" \/>\n<meta property=\"og:type\" content=\"article\" \/>\n<meta property=\"og:title\" content=\"Politique de confidentialit\u00e9 et cookies - Aristarco\" \/>\n<meta property=\"og:description\" content=\"Informativa per il trattamento dei dati personali \u00a0 &nbsp; INFORMATIVA WEB A NORMA DEGLI ART.13 GDPR 2016\/679 (Regolamento Europeo sulla protezione dei dati personali) Gentile Visitatore, la presente informativa viene resa ai clienti persone fisiche e alle persone fisiche che operano in nome e per conto dei clienti persone giuridiche, ai sensi dell\u2019art.13 GDPR 2016\/679 [&hellip;]\" \/>\n<meta property=\"og:url\" content=\"https:\/\/www.aristarco.it\/fr\/privacy-cookies-policy\/\" \/>\n<meta property=\"og:site_name\" content=\"Aristarco\" \/>\n<meta property=\"article:publisher\" content=\"https:\/\/www.facebook.com\/aristarcospa\" \/>\n<meta property=\"article:modified_time\" content=\"2021-03-30T06:53:07+00:00\" \/>\n<meta name=\"twitter:card\" content=\"summary_large_image\" \/>\n<meta name=\"twitter:label1\" content=\"Dur\u00e9e de lecture estim\u00e9e\" \/>\n\t<meta name=\"twitter:data1\" content=\"10 minutes\" \/>\n<script type=\"application\/ld+json\" class=\"yoast-schema-graph\">{\"@context\":\"https:\\\/\\\/schema.org\",\"@graph\":[{\"@type\":\"WebPage\",\"@id\":\"https:\\\/\\\/www.aristarco.it\\\/fr\\\/privacy-cookies-policy\\\/\",\"url\":\"https:\\\/\\\/www.aristarco.it\\\/fr\\\/privacy-cookies-policy\\\/\",\"name\":\"Politique de confidentialit\u00e9 et cookies - Aristarco\",\"isPartOf\":{\"@id\":\"https:\\\/\\\/www.aristarco.it\\\/fr\\\/#website\"},\"datePublished\":\"2018-07-30T15:36:15+00:00\",\"dateModified\":\"2021-03-30T06:53:07+00:00\",\"breadcrumb\":{\"@id\":\"https:\\\/\\\/www.aristarco.it\\\/fr\\\/privacy-cookies-policy\\\/#breadcrumb\"},\"inLanguage\":\"fr-FR\",\"potentialAction\":[{\"@type\":\"ReadAction\",\"target\":[\"https:\\\/\\\/www.aristarco.it\\\/fr\\\/privacy-cookies-policy\\\/\"]}]},{\"@type\":\"BreadcrumbList\",\"@id\":\"https:\\\/\\\/www.aristarco.it\\\/fr\\\/privacy-cookies-policy\\\/#breadcrumb\",\"itemListElement\":[{\"@type\":\"ListItem\",\"position\":1,\"name\":\"Home\",\"item\":\"https:\\\/\\\/www.aristarco.it\\\/fr\\\/\"},{\"@type\":\"ListItem\",\"position\":2,\"name\":\"Politique de confidentialit\u00e9 et cookies\"}]},{\"@type\":\"WebSite\",\"@id\":\"https:\\\/\\\/www.aristarco.it\\\/fr\\\/#website\",\"url\":\"https:\\\/\\\/www.aristarco.it\\\/fr\\\/\",\"name\":\"Aristarco\",\"description\":\"A family of washing &amp; ice\",\"publisher\":{\"@id\":\"https:\\\/\\\/www.aristarco.it\\\/fr\\\/#organization\"},\"potentialAction\":[{\"@type\":\"SearchAction\",\"target\":{\"@type\":\"EntryPoint\",\"urlTemplate\":\"https:\\\/\\\/www.aristarco.it\\\/fr\\\/?s={search_term_string}\"},\"query-input\":{\"@type\":\"PropertyValueSpecification\",\"valueRequired\":true,\"valueName\":\"search_term_string\"}}],\"inLanguage\":\"fr-FR\"},{\"@type\":\"Organization\",\"@id\":\"https:\\\/\\\/www.aristarco.it\\\/fr\\\/#organization\",\"name\":\"Aristarco S.p.A.\",\"url\":\"https:\\\/\\\/www.aristarco.it\\\/fr\\\/\",\"logo\":{\"@type\":\"ImageObject\",\"inLanguage\":\"fr-FR\",\"@id\":\"https:\\\/\\\/www.aristarco.it\\\/fr\\\/#\\\/schema\\\/logo\\\/image\\\/\",\"url\":\"https:\\\/\\\/www.aristarco.it\\\/wp-content\\\/uploads\\\/2018\\\/09\\\/logo.png\",\"contentUrl\":\"https:\\\/\\\/www.aristarco.it\\\/wp-content\\\/uploads\\\/2018\\\/09\\\/logo.png\",\"width\":560,\"height\":99,\"caption\":\"Aristarco S.p.A.\"},\"image\":{\"@id\":\"https:\\\/\\\/www.aristarco.it\\\/fr\\\/#\\\/schema\\\/logo\\\/image\\\/\"},\"sameAs\":[\"https:\\\/\\\/www.facebook.com\\\/aristarcospa\",\"https:\\\/\\\/www.linkedin.com\\\/company\\\/24691537\\\/admin\\\/\",\"https:\\\/\\\/www.instagram.com\\\/aristarco_spa\\\/\"]}]}<\/script>\n<!-- \/ Yoast SEO plugin. -->","yoast_head_json":{"title":"Politique de confidentialit\u00e9 et cookies - Aristarco","robots":{"index":"index","follow":"follow","max-snippet":"max-snippet:-1","max-image-preview":"max-image-preview:large","max-video-preview":"max-video-preview:-1"},"canonical":"https:\/\/www.aristarco.it\/fr\/privacy-cookies-policy\/","og_locale":"fr_FR","og_type":"article","og_title":"Politique de confidentialit\u00e9 et cookies - Aristarco","og_description":"Informativa per il trattamento dei dati personali \u00a0 &nbsp; INFORMATIVA WEB A NORMA DEGLI ART.13 GDPR 2016\/679 (Regolamento Europeo sulla protezione dei dati personali) Gentile Visitatore, la presente informativa viene resa ai clienti persone fisiche e alle persone fisiche che operano in nome e per conto dei clienti persone giuridiche, ai sensi dell\u2019art.13 GDPR 2016\/679 [&hellip;]","og_url":"https:\/\/www.aristarco.it\/fr\/privacy-cookies-policy\/","og_site_name":"Aristarco","article_publisher":"https:\/\/www.facebook.com\/aristarcospa","article_modified_time":"2021-03-30T06:53:07+00:00","twitter_card":"summary_large_image","twitter_misc":{"Dur\u00e9e de lecture estim\u00e9e":"10 minutes"},"schema":{"@context":"https:\/\/schema.org","@graph":[{"@type":"WebPage","@id":"https:\/\/www.aristarco.it\/fr\/privacy-cookies-policy\/","url":"https:\/\/www.aristarco.it\/fr\/privacy-cookies-policy\/","name":"Politique de confidentialit\u00e9 et cookies - Aristarco","isPartOf":{"@id":"https:\/\/www.aristarco.it\/fr\/#website"},"datePublished":"2018-07-30T15:36:15+00:00","dateModified":"2021-03-30T06:53:07+00:00","breadcrumb":{"@id":"https:\/\/www.aristarco.it\/fr\/privacy-cookies-policy\/#breadcrumb"},"inLanguage":"fr-FR","potentialAction":[{"@type":"ReadAction","target":["https:\/\/www.aristarco.it\/fr\/privacy-cookies-policy\/"]}]},{"@type":"BreadcrumbList","@id":"https:\/\/www.aristarco.it\/fr\/privacy-cookies-policy\/#breadcrumb","itemListElement":[{"@type":"ListItem","position":1,"name":"Home","item":"https:\/\/www.aristarco.it\/fr\/"},{"@type":"ListItem","position":2,"name":"Politique de confidentialit\u00e9 et cookies"}]},{"@type":"WebSite","@id":"https:\/\/www.aristarco.it\/fr\/#website","url":"https:\/\/www.aristarco.it\/fr\/","name":"Aristarco","description":"A family of washing &amp; ice","publisher":{"@id":"https:\/\/www.aristarco.it\/fr\/#organization"},"potentialAction":[{"@type":"SearchAction","target":{"@type":"EntryPoint","urlTemplate":"https:\/\/www.aristarco.it\/fr\/?s={search_term_string}"},"query-input":{"@type":"PropertyValueSpecification","valueRequired":true,"valueName":"search_term_string"}}],"inLanguage":"fr-FR"},{"@type":"Organization","@id":"https:\/\/www.aristarco.it\/fr\/#organization","name":"Aristarco S.p.A.","url":"https:\/\/www.aristarco.it\/fr\/","logo":{"@type":"ImageObject","inLanguage":"fr-FR","@id":"https:\/\/www.aristarco.it\/fr\/#\/schema\/logo\/image\/","url":"https:\/\/www.aristarco.it\/wp-content\/uploads\/2018\/09\/logo.png","contentUrl":"https:\/\/www.aristarco.it\/wp-content\/uploads\/2018\/09\/logo.png","width":560,"height":99,"caption":"Aristarco S.p.A."},"image":{"@id":"https:\/\/www.aristarco.it\/fr\/#\/schema\/logo\/image\/"},"sameAs":["https:\/\/www.facebook.com\/aristarcospa","https:\/\/www.linkedin.com\/company\/24691537\/admin\/","https:\/\/www.instagram.com\/aristarco_spa\/"]}]}},"_links":{"self":[{"href":"https:\/\/www.aristarco.it\/fr\/wp-json\/wp\/v2\/pages\/4695","targetHints":{"allow":["GET"]}}],"collection":[{"href":"https:\/\/www.aristarco.it\/fr\/wp-json\/wp\/v2\/pages"}],"about":[{"href":"https:\/\/www.aristarco.it\/fr\/wp-json\/wp\/v2\/types\/page"}],"author":[{"embeddable":true,"href":"https:\/\/www.aristarco.it\/fr\/wp-json\/wp\/v2\/users\/1"}],"replies":[{"embeddable":true,"href":"https:\/\/www.aristarco.it\/fr\/wp-json\/wp\/v2\/comments?post=4695"}],"version-history":[{"count":2,"href":"https:\/\/www.aristarco.it\/fr\/wp-json\/wp\/v2\/pages\/4695\/revisions"}],"predecessor-version":[{"id":12935,"href":"https:\/\/www.aristarco.it\/fr\/wp-json\/wp\/v2\/pages\/4695\/revisions\/12935"}],"wp:attachment":[{"href":"https:\/\/www.aristarco.it\/fr\/wp-json\/wp\/v2\/media?parent=4695"}],"curies":[{"name":"wp","href":"https:\/\/api.w.org\/{rel}","templated":true}]}}