{"id":4683,"date":"2018-07-31T10:38:08","date_gmt":"2018-07-31T08:38:08","guid":{"rendered":"https:\/\/www.aristarco.it\/contatti\/"},"modified":"2021-06-21T16:29:24","modified_gmt":"2021-06-21T14:29:24","slug":"contatti","status":"publish","type":"page","link":"https:\/\/www.aristarco.it\/fr\/contatti\/","title":{"rendered":"Contacts"},"content":{"rendered":"\r\n<p><div class=\"row text-secondary\">\n\t<div class=\"col-12 col-lg-6\">\n\t    \t    <div id=\"wpgmza_map\" class=\"wpgmza_map\" data-settings='{\"id\":\"1\",\"map_title\":\"Aristarco\",\"map_width\":\"100\",\"map_height\":\"100\",\"map_start_lat\":\"45.673409\",\"map_start_lng\":\"11.972735\",\"map_start_location\":\"45.673409,11.972735000000057\",\"map_start_zoom\":\"11\",\"default_marker\":\"0\",\"type\":\"1\",\"alignment\":\"1\",\"directions_enabled\":\"1\",\"styling_enabled\":\"0\",\"styling_json\":\"\",\"active\":\"0\",\"kml\":\"\",\"bicycle\":\"0\",\"traffic\":\"0\",\"dbox\":\"1\",\"dbox_width\":\"100\",\"listmarkers\":\"0\",\"listmarkers_advanced\":\"0\",\"filterbycat\":\"0\",\"ugm_enabled\":\"0\",\"ugm_category_enabled\":\"0\",\"fusion\":\"\",\"map_width_type\":\"\\\\%\",\"map_height_type\":\"\\\\%\",\"mass_marker_support\":\"1\",\"ugm_access\":\"0\",\"order_markers_by\":\"1\",\"order_markers_choice\":\"2\",\"show_user_location\":\"0\",\"default_to\":\"\",\"other_settings\":{\"store_locator_enabled\":2,\"store_locator_distance\":2,\"store_locator_default_radius\":\"10\",\"store_locator_not_found_message\":\"No results found in this location. Please try again.\",\"store_locator_bounce\":1,\"store_locator_query_string\":\"CAP \\\/ Indirizzo:\",\"store_locator_default_address\":\"\",\"wpgmza_store_locator_restrict\":\"\",\"store_locator_style\":\"modern\",\"wpgmza_store_locator_radius_style\":\"modern\",\"map_max_zoom\":\"1\",\"transport_layer\":0,\"wpgmza_theme_data\":\"\",\"wpgmza_show_points_of_interest\":0}}' data-map-id='1' Data-maps-engine='google-maps' data-shortcode-attributes='{\"id\":\"1\"}' style=\"display:block; overflow:auto; width:100%; height:100%; float:left;\"><\/div>\n\t<\/div>\n\t<div class=\"col-12 col-lg-6 bg-primary text-white font-weight-light pb-5\">\n\t    <div class=\"py-4 col-12\"><h1 class=\"mb-4\"><strong>Aristarco S.p.A.<\/strong><\/h1>\n\t    Via del Lavoro, 30 &#8211; 31033<br \/>\nCastelfranco Veneto &#8211; TV &#8211; Italie\n<br\/>\n\t    T. <a href=\"tel: +390423425611\"> +39 0423.425611<\/a><br\/> F. +39 0423.425690<br\/><u><a href=\"mailto:info@aristarco.it\">info@aristarco.it<\/a><\/u><br\/>P.IVA 01823140262 <br\/> Reg. Imp. VI 03774230241<\/p>\n\t\t<\/div>\n\t    \t<\/div>\n<\/div><section class=\"bg-white text-secondary py-5\">\n  <div class=\"container\">\n     <!--Form Column-->\n    <h1 class=\"font-weight-light\">Pour plus d'informations sur les produits<\/h1>\r\n<p class=\"font-weight-bold\">Remplissez le formulaire ci-dessous pour demander des informations sur nos produits..<br\/>Ou appelez le num\u00e9ro suivant +39 0423 425611. Un de nos experts se fera un plaisir de vous aider<\/p>\n    <!--Contact Us Form-->\n    <div class=\"contact-us-form\">\n            \n<div class=\"wpcf7 no-js\" id=\"wpcf7-f5403-o1\" lang=\"fr-FR\" dir=\"ltr\" data-wpcf7-id=\"5403\">\n<div class=\"screen-reader-response\"><p role=\"status\" aria-live=\"polite\" aria-atomic=\"true\"><\/p> <ul><\/ul><\/div>\n<form action=\"\/fr\/wp-json\/wp\/v2\/pages\/4683#wpcf7-f5403-o1\" method=\"post\" class=\"wpcf7-form init\" aria-label=\"Formulaire de contact\" novalidate=\"novalidate\" data-status=\"init\">\n<fieldset class=\"hidden-fields-container\"><input type=\"hidden\" name=\"_wpcf7\" value=\"5403\" \/><input type=\"hidden\" name=\"_wpcf7_version\" value=\"6.1.5\" \/><input type=\"hidden\" name=\"_wpcf7_locale\" value=\"fr_FR\" \/><input type=\"hidden\" name=\"_wpcf7_unit_tag\" value=\"wpcf7-f5403-o1\" \/><input type=\"hidden\" name=\"_wpcf7_container_post\" value=\"0\" \/><input type=\"hidden\" name=\"_wpcf7_posted_data_hash\" value=\"\" \/>\n<\/fieldset>\n<div class=\"row\">\n\t<div class=\"col-12 col-sm-6\">\n\t\t<div class=\"form-group col-12 pl-0\">\n\t\t\t<p>[text* Pr\u00e9nom class:form-control class:rounded-0 class:border class:border-top-0 class:border-left-0 class:border-right-0 class:px-1 class:bg-transparent  placeholder \"Pr\u00e9nom *\"]\n\t\t\t<\/p>\n\t\t<\/div>\n\t\t<div class=\"form-group col-12 pl-0\">\n\t\t\t<p><span class=\"wpcf7-form-control-wrap\" data-name=\"Nom\"><input size=\"40\" maxlength=\"400\" class=\"wpcf7-form-control wpcf7-text wpcf7-validates-as-required form-control rounded-0 border border-top-0 border-left-0 border-right-0 px-1 bg-transparent\" aria-required=\"true\" aria-invalid=\"false\" placeholder=\"Nom *\" value=\"\" type=\"text\" name=\"Nom\" \/><\/span>\n\t\t\t<\/p>\n\t\t<\/div>\n\t\t<div class=\"form-group col-12 pl-0\">\n\t\t\t<p><span class=\"wpcf7-form-control-wrap\" data-name=\"E-mail\"><input size=\"40\" maxlength=\"400\" class=\"wpcf7-form-control wpcf7-email wpcf7-validates-as-required wpcf7-text wpcf7-validates-as-email form-control rounded-0 border border-top-0 border-left-0 border-right-0 px-1 bg-transparent\" aria-required=\"true\" aria-invalid=\"false\" placeholder=\"E-mail *\" value=\"\" type=\"email\" name=\"E-mail\" \/><\/span>\n\t\t\t<\/p>\n\t\t<\/div>\n\t\t<div class=\"form-group col-12 pl-0\">\n\t\t\t<p>[text* t\u00e9l\u00e9phone class:form-control class:rounded-0 class:border class:border-top-0 class:border-left-0 class:border-right-0 class:px-1 class:bg-transparent  placeholder \"t\u00e9l\u00e9phone *\"]\n\t\t\t<\/p>\n\t\t<\/div>\n\t\t<div class=\"form-group col-12 pl-0\">\n\t\t\t<p><span class=\"wpcf7-form-control-wrap\" data-name=\"Compagnie\"><input size=\"40\" maxlength=\"400\" class=\"wpcf7-form-control wpcf7-text wpcf7-validates-as-required form-control rounded-0 border border-top-0 border-left-0 border-right-0 px-1 bg-transparent\" aria-required=\"true\" aria-invalid=\"false\" placeholder=\"Compagnie *\" value=\"\" type=\"text\" name=\"Compagnie\" \/><\/span>\n\t\t\t<\/p>\n\t\t<\/div>\n\t\t<div class=\"form-group col-12 pl-0\">\n\t\t\t<p><span class=\"wpcf7-form-control-wrap\" data-name=\"Adresse\"><input size=\"40\" maxlength=\"400\" class=\"wpcf7-form-control wpcf7-text form-control rounded-0 border border-top-0 border-left-0 border-right-0 px-1 bg-transparent\" aria-invalid=\"false\" placeholder=\"Adresse\" value=\"\" type=\"text\" name=\"Adresse\" \/><\/span>\n\t\t\t<\/p>\n\t\t<\/div>\n\t\t<div class=\"form-group col-12 pl-0\">\n\t\t\t<p><span class=\"wpcf7-form-control-wrap\" data-name=\"Ville\"><input size=\"40\" maxlength=\"400\" class=\"wpcf7-form-control wpcf7-text wpcf7-validates-as-required form-control rounded-0 border border-top-0 border-left-0 border-right-0 px-1 bg-transparent\" aria-required=\"true\" aria-invalid=\"false\" placeholder=\"Ville *\" value=\"\" type=\"text\" name=\"Ville\" \/><\/span>\n\t\t\t<\/p>\n\t\t<\/div>\n\t\t<div class=\"form-group col-12 pl-0\">\n\t\t\t<p><span class=\"wpcf7-form-control-wrap\" data-name=\"Adresse\"><input size=\"40\" maxlength=\"400\" class=\"wpcf7-form-control wpcf7-text wpcf7-validates-as-required form-control rounded-0 border border-top-0 border-left-0 border-right-0 px-1 bg-transparent\" aria-required=\"true\" aria-invalid=\"false\" placeholder=\"Adresse de code postal *\" value=\"\" type=\"text\" name=\"Adresse\" \/><\/span>\n\t\t\t<\/p>\n\t\t<\/div>\n\t\t<div class=\"form-group col-12 pl-0\">\n\t\t\t<p><span class=\"wpcf7-form-control-wrap\" data-name=\"Province\"><input size=\"40\" maxlength=\"400\" class=\"wpcf7-form-control wpcf7-text wpcf7-validates-as-required form-control rounded-0 border border-top-0 border-left-0 border-right-0 px-1 bg-transparent\" aria-required=\"true\" aria-invalid=\"false\" placeholder=\"Province *\" value=\"\" type=\"text\" name=\"Province\" \/><\/span>\n\t\t\t<\/p>\n\t\t<\/div>\n\t\t<div class=\"form-group col-12 pl-0\">\n\t\t\t<p><span class=\"wpcf7-form-control-wrap\" data-name=\"Nazion\"><input size=\"40\" maxlength=\"400\" class=\"wpcf7-form-control wpcf7-text form-control rounded-0 border border-top-0 border-left-0 border-right-0 px-1 bg-transparent\" aria-invalid=\"false\" placeholder=\"Nazion *\" value=\"\" type=\"text\" name=\"Nazion\" \/><\/span>\n\t\t\t<\/p>\n\t\t<\/div>\n\t<\/div>\n\t<div class=\"col-12 col-sm-6 mb-4\">\n\t\t<div class=\"form-group col-12 pr-0\">\n\t\t\t<p><span class=\"wpcf7-form-control-wrap\" data-name=\"Messagge\"><textarea cols=\"40\" rows=\"12\" maxlength=\"2000\" class=\"wpcf7-form-control wpcf7-textarea wpcf7-validates-as-required form-control rounded-0 border border-top-0 border-left-0 border-right-0 px-1 bg-transparent\" aria-required=\"true\" aria-invalid=\"false\" placeholder=\"Messagge *\" name=\"Messagge\"><\/textarea><\/span>\n\t\t\t<\/p>\n\t\t<\/div>\n\t<\/div>\n\t<div class=\"form-group col-12 contact-privacy d-none\">\n\t\t<p class=\"font-weight-bold mb-0 \">Informations conform\u00e9ment \u00e0 l'art. 13 du d\u00e9cret l\u00e9gislatif 196\/2003 et ex art. 13-14 R\u00e8glement UE 2016\/679: <a href=\"\/privacy-policy\/\" target=\"_blank\">Lisez les informations compl\u00e8tes ici<\/a>.\n\t\t<\/p>\n\t<\/div>\n\t<div class=\"form-group col-12 contact-privacy\">\n\t\t<div class=\"col-12 line-height-60 form-check\">\n\t\t\t<p><label class=\"form-check-label\" for=\"formCheck\"><span class=\"wpcf7-form-control-wrap\" data-name=\"privacy-1\"><span class=\"wpcf7-form-control wpcf7-acceptance\"><span class=\"wpcf7-list-item\"><input type=\"checkbox\" name=\"privacy-1\" value=\"1\" class=\"theme-check\" aria-invalid=\"false\" \/><\/span><\/span><\/span>&nbsp;Je d\u00e9clare avoir lu et compris les informations sur le traitement des donn\u00e9es personnelles, disponibles sur la page<a href=\"\/privacy-cookies-policy\/\" target=\"_blank\">Politique de confidentialit\u00e9<\/a>.<\/label>\n\t\t\t<\/p>\n\t\t<\/div>\n\t\t<div class=\"col-12 line-height-60 form-check\">\n\t\t\t<p><label class=\"form-check-label\" for=\"formCheck2\"><span class=\"wpcf7-form-control-wrap\" data-name=\"privacy-2\"><span class=\"wpcf7-form-control wpcf7-acceptance optional\"><span class=\"wpcf7-list-item\"><input type=\"checkbox\" name=\"privacy-2\" value=\"1\" class=\"theme-check\" aria-invalid=\"false\" \/><\/span><\/span><\/span>&nbsp;De plus, je consens \u00e0 Aristarco S.p.A. l'envoi, par e-mail, courrier et \/ ou sms et \/ ou contacts t\u00e9l\u00e9phoniques, des newsletters, des communications commerciales et \/ ou du mat\u00e9riel publicitaire sur d'autres produits ou d'autres services propos\u00e9s par le Responsable du traitement, et la d\u00e9tection \u00e9ventuelle du degr\u00e9 de satisfaction sur le qualit\u00e9 des services.<\/label>\n\t\t\t<\/p>\n\t\t<\/div>\n\t\t<p class=\"my-2\">* Champs obligatoires\n\t\t<\/p>\n\t\t<p><input class=\"wpcf7-form-control wpcf7-submit has-spinner btn text-uppercase text-white bg-tertiary px-4 py-2 mt-4 float-left\" type=\"submit\" value=\"Soumettre\" \/>\n\t\t<\/p>\n\t<\/div>\n<\/div><input type='hidden' class='wpcf7-pum' value='{\"closepopup\":false,\"closedelay\":0,\"openpopup\":false,\"openpopup_id\":0}' \/><div class=\"wpcf7-response-output\" aria-hidden=\"true\"><\/div>\n<\/form>\n<\/div>\n\n          <\/div>\n  <\/div>\n<\/section><\/p>\r\n<h3 id=\"tw-target-text\" dir=\"ltr\" data-placeholder=\"Traduzione\">\u00a0<\/h3>\r\n","protected":false},"excerpt":{"rendered":"<p>\u00a0<\/p>\n","protected":false},"author":1,"featured_media":0,"parent":0,"menu_order":574,"comment_status":"closed","ping_status":"closed","template":"","meta":{"_acf_changed":false,"footnotes":""},"class_list":["post-4683","page","type-page","status-publish","hentry"],"acf":[],"yoast_head":"<!-- This site is optimized with the Yoast SEO plugin v27.5 - https:\/\/yoast.com\/product\/yoast-seo-wordpress\/ -->\n<title>Contacts - Aristarco<\/title>\n<meta name=\"robots\" content=\"index, follow, max-snippet:-1, max-image-preview:large, max-video-preview:-1\" \/>\n<link rel=\"canonical\" href=\"https:\/\/www.aristarco.it\/fr\/contatti\/\" \/>\n<meta property=\"og:locale\" content=\"fr_FR\" \/>\n<meta property=\"og:type\" content=\"article\" \/>\n<meta property=\"og:title\" content=\"Contacts - Aristarco\" \/>\n<meta property=\"og:description\" content=\"\u00a0\" \/>\n<meta property=\"og:url\" content=\"https:\/\/www.aristarco.it\/fr\/contatti\/\" \/>\n<meta property=\"og:site_name\" content=\"Aristarco\" \/>\n<meta property=\"article:publisher\" content=\"https:\/\/www.facebook.com\/aristarcospa\" \/>\n<meta property=\"article:modified_time\" content=\"2021-06-21T14:29:24+00:00\" \/>\n<meta name=\"twitter:card\" content=\"summary_large_image\" \/>\n<script type=\"application\/ld+json\" class=\"yoast-schema-graph\">{\"@context\":\"https:\\\/\\\/schema.org\",\"@graph\":[{\"@type\":\"WebPage\",\"@id\":\"https:\\\/\\\/www.aristarco.it\\\/fr\\\/contatti\\\/\",\"url\":\"https:\\\/\\\/www.aristarco.it\\\/fr\\\/contatti\\\/\",\"name\":\"Contacts - Aristarco\",\"isPartOf\":{\"@id\":\"https:\\\/\\\/www.aristarco.it\\\/fr\\\/#website\"},\"datePublished\":\"2018-07-31T08:38:08+00:00\",\"dateModified\":\"2021-06-21T14:29:24+00:00\",\"breadcrumb\":{\"@id\":\"https:\\\/\\\/www.aristarco.it\\\/fr\\\/contatti\\\/#breadcrumb\"},\"inLanguage\":\"fr-FR\",\"potentialAction\":[{\"@type\":\"ReadAction\",\"target\":[\"https:\\\/\\\/www.aristarco.it\\\/fr\\\/contatti\\\/\"]}]},{\"@type\":\"BreadcrumbList\",\"@id\":\"https:\\\/\\\/www.aristarco.it\\\/fr\\\/contatti\\\/#breadcrumb\",\"itemListElement\":[{\"@type\":\"ListItem\",\"position\":1,\"name\":\"Home\",\"item\":\"https:\\\/\\\/www.aristarco.it\\\/fr\\\/\"},{\"@type\":\"ListItem\",\"position\":2,\"name\":\"Contacts\"}]},{\"@type\":\"WebSite\",\"@id\":\"https:\\\/\\\/www.aristarco.it\\\/fr\\\/#website\",\"url\":\"https:\\\/\\\/www.aristarco.it\\\/fr\\\/\",\"name\":\"Aristarco\",\"description\":\"A family of washing &amp; ice\",\"publisher\":{\"@id\":\"https:\\\/\\\/www.aristarco.it\\\/fr\\\/#organization\"},\"potentialAction\":[{\"@type\":\"SearchAction\",\"target\":{\"@type\":\"EntryPoint\",\"urlTemplate\":\"https:\\\/\\\/www.aristarco.it\\\/fr\\\/?s={search_term_string}\"},\"query-input\":{\"@type\":\"PropertyValueSpecification\",\"valueRequired\":true,\"valueName\":\"search_term_string\"}}],\"inLanguage\":\"fr-FR\"},{\"@type\":\"Organization\",\"@id\":\"https:\\\/\\\/www.aristarco.it\\\/fr\\\/#organization\",\"name\":\"Aristarco S.p.A.\",\"url\":\"https:\\\/\\\/www.aristarco.it\\\/fr\\\/\",\"logo\":{\"@type\":\"ImageObject\",\"inLanguage\":\"fr-FR\",\"@id\":\"https:\\\/\\\/www.aristarco.it\\\/fr\\\/#\\\/schema\\\/logo\\\/image\\\/\",\"url\":\"https:\\\/\\\/www.aristarco.it\\\/wp-content\\\/uploads\\\/2018\\\/09\\\/logo.png\",\"contentUrl\":\"https:\\\/\\\/www.aristarco.it\\\/wp-content\\\/uploads\\\/2018\\\/09\\\/logo.png\",\"width\":560,\"height\":99,\"caption\":\"Aristarco S.p.A.\"},\"image\":{\"@id\":\"https:\\\/\\\/www.aristarco.it\\\/fr\\\/#\\\/schema\\\/logo\\\/image\\\/\"},\"sameAs\":[\"https:\\\/\\\/www.facebook.com\\\/aristarcospa\",\"https:\\\/\\\/www.linkedin.com\\\/company\\\/24691537\\\/admin\\\/\",\"https:\\\/\\\/www.instagram.com\\\/aristarco_spa\\\/\"]}]}<\/script>\n<!-- \/ Yoast SEO plugin. -->","yoast_head_json":{"title":"Contacts - Aristarco","robots":{"index":"index","follow":"follow","max-snippet":"max-snippet:-1","max-image-preview":"max-image-preview:large","max-video-preview":"max-video-preview:-1"},"canonical":"https:\/\/www.aristarco.it\/fr\/contatti\/","og_locale":"fr_FR","og_type":"article","og_title":"Contacts - Aristarco","og_description":"\u00a0","og_url":"https:\/\/www.aristarco.it\/fr\/contatti\/","og_site_name":"Aristarco","article_publisher":"https:\/\/www.facebook.com\/aristarcospa","article_modified_time":"2021-06-21T14:29:24+00:00","twitter_card":"summary_large_image","schema":{"@context":"https:\/\/schema.org","@graph":[{"@type":"WebPage","@id":"https:\/\/www.aristarco.it\/fr\/contatti\/","url":"https:\/\/www.aristarco.it\/fr\/contatti\/","name":"Contacts - Aristarco","isPartOf":{"@id":"https:\/\/www.aristarco.it\/fr\/#website"},"datePublished":"2018-07-31T08:38:08+00:00","dateModified":"2021-06-21T14:29:24+00:00","breadcrumb":{"@id":"https:\/\/www.aristarco.it\/fr\/contatti\/#breadcrumb"},"inLanguage":"fr-FR","potentialAction":[{"@type":"ReadAction","target":["https:\/\/www.aristarco.it\/fr\/contatti\/"]}]},{"@type":"BreadcrumbList","@id":"https:\/\/www.aristarco.it\/fr\/contatti\/#breadcrumb","itemListElement":[{"@type":"ListItem","position":1,"name":"Home","item":"https:\/\/www.aristarco.it\/fr\/"},{"@type":"ListItem","position":2,"name":"Contacts"}]},{"@type":"WebSite","@id":"https:\/\/www.aristarco.it\/fr\/#website","url":"https:\/\/www.aristarco.it\/fr\/","name":"Aristarco","description":"A family of washing &amp; ice","publisher":{"@id":"https:\/\/www.aristarco.it\/fr\/#organization"},"potentialAction":[{"@type":"SearchAction","target":{"@type":"EntryPoint","urlTemplate":"https:\/\/www.aristarco.it\/fr\/?s={search_term_string}"},"query-input":{"@type":"PropertyValueSpecification","valueRequired":true,"valueName":"search_term_string"}}],"inLanguage":"fr-FR"},{"@type":"Organization","@id":"https:\/\/www.aristarco.it\/fr\/#organization","name":"Aristarco S.p.A.","url":"https:\/\/www.aristarco.it\/fr\/","logo":{"@type":"ImageObject","inLanguage":"fr-FR","@id":"https:\/\/www.aristarco.it\/fr\/#\/schema\/logo\/image\/","url":"https:\/\/www.aristarco.it\/wp-content\/uploads\/2018\/09\/logo.png","contentUrl":"https:\/\/www.aristarco.it\/wp-content\/uploads\/2018\/09\/logo.png","width":560,"height":99,"caption":"Aristarco S.p.A."},"image":{"@id":"https:\/\/www.aristarco.it\/fr\/#\/schema\/logo\/image\/"},"sameAs":["https:\/\/www.facebook.com\/aristarcospa","https:\/\/www.linkedin.com\/company\/24691537\/admin\/","https:\/\/www.instagram.com\/aristarco_spa\/"]}]}},"_links":{"self":[{"href":"https:\/\/www.aristarco.it\/fr\/wp-json\/wp\/v2\/pages\/4683","targetHints":{"allow":["GET"]}}],"collection":[{"href":"https:\/\/www.aristarco.it\/fr\/wp-json\/wp\/v2\/pages"}],"about":[{"href":"https:\/\/www.aristarco.it\/fr\/wp-json\/wp\/v2\/types\/page"}],"author":[{"embeddable":true,"href":"https:\/\/www.aristarco.it\/fr\/wp-json\/wp\/v2\/users\/1"}],"replies":[{"embeddable":true,"href":"https:\/\/www.aristarco.it\/fr\/wp-json\/wp\/v2\/comments?post=4683"}],"version-history":[{"count":5,"href":"https:\/\/www.aristarco.it\/fr\/wp-json\/wp\/v2\/pages\/4683\/revisions"}],"predecessor-version":[{"id":12116,"href":"https:\/\/www.aristarco.it\/fr\/wp-json\/wp\/v2\/pages\/4683\/revisions\/12116"}],"wp:attachment":[{"href":"https:\/\/www.aristarco.it\/fr\/wp-json\/wp\/v2\/media?parent=4683"}],"curies":[{"name":"wp","href":"https:\/\/api.w.org\/{rel}","templated":true}]}}