{"id":4589,"date":"2018-08-10T09:18:01","date_gmt":"2018-08-10T07:18:01","guid":{"rendered":"https:\/\/www.aristarco.it\/tipologie\/lavapiatti-frontali\/af-fusion\/"},"modified":"2025-06-04T09:56:17","modified_gmt":"2025-06-04T07:56:17","slug":"af-fusion","status":"publish","type":"page","link":"https:\/\/www.aristarco.it\/fr\/lavage\/tipologie\/lavapiatti-frontali\/af-fusion\/","title":{"rendered":"AF Fusion"},"content":{"rendered":"<p>La gamme AF est compos\u00e9e d\u2019appareils enti\u00e8rement fabriqu\u00e9s en acier inoxydable et dot\u00e9s d\u2019un corps \u00e0 double paroi partielle qui garantit une r\u00e9duction de 20 % des d\u00e9perditions de chaleur.<\/p>\n","protected":false},"excerpt":{"rendered":"<p>prova<\/p>\n","protected":false},"author":1,"featured_media":8259,"parent":4582,"menu_order":0,"comment_status":"closed","ping_status":"closed","template":"products.php","meta":{"_acf_changed":false,"footnotes":""},"class_list":["post-4589","page","type-page","status-publish","has-post-thumbnail","hentry"],"acf":[],"yoast_head":"<!-- This site is optimized with the Yoast SEO plugin v27.4 - https:\/\/yoast.com\/product\/yoast-seo-wordpress\/ -->\n<title>AF Fusion - Aristarco<\/title>\n<meta name=\"robots\" content=\"index, follow, max-snippet:-1, max-image-preview:large, max-video-preview:-1\" \/>\n<link rel=\"canonical\" href=\"https:\/\/www.aristarco.it\/fr\/lavage\/tipologie\/lavapiatti-frontali\/af-fusion\/\" \/>\n<meta property=\"og:locale\" content=\"fr_FR\" \/>\n<meta property=\"og:type\" content=\"article\" \/>\n<meta property=\"og:title\" content=\"AF Fusion - Aristarco\" \/>\n<meta property=\"og:description\" content=\"prova\" \/>\n<meta property=\"og:url\" content=\"https:\/\/www.aristarco.it\/fr\/lavage\/tipologie\/lavapiatti-frontali\/af-fusion\/\" \/>\n<meta property=\"og:site_name\" content=\"Aristarco\" \/>\n<meta property=\"article:publisher\" content=\"https:\/\/www.facebook.com\/aristarcospa\" \/>\n<meta property=\"article:modified_time\" content=\"2025-06-04T07:56:17+00:00\" \/>\n<meta property=\"og:image\" content=\"https:\/\/www.aristarco.it\/wp-content\/uploads\/2020\/08\/anteprima-LAVAGGIO-2.png\" \/>\n\t<meta property=\"og:image:width\" content=\"1500\" \/>\n\t<meta property=\"og:image:height\" content=\"1150\" \/>\n\t<meta property=\"og:image:type\" content=\"image\/png\" \/>\n<meta name=\"twitter:card\" content=\"summary_large_image\" \/>\n<meta name=\"twitter:label1\" content=\"Dur\u00e9e de lecture estim\u00e9e\" \/>\n\t<meta name=\"twitter:data1\" content=\"1 minute\" \/>\n<script type=\"application\/ld+json\" class=\"yoast-schema-graph\">{\"@context\":\"https:\\\/\\\/schema.org\",\"@graph\":[{\"@type\":\"WebPage\",\"@id\":\"https:\\\/\\\/www.aristarco.it\\\/fr\\\/lavage\\\/tipologie\\\/lavapiatti-frontali\\\/af-fusion\\\/\",\"url\":\"https:\\\/\\\/www.aristarco.it\\\/fr\\\/lavage\\\/tipologie\\\/lavapiatti-frontali\\\/af-fusion\\\/\",\"name\":\"AF Fusion - Aristarco\",\"isPartOf\":{\"@id\":\"https:\\\/\\\/www.aristarco.it\\\/fr\\\/#website\"},\"primaryImageOfPage\":{\"@id\":\"https:\\\/\\\/www.aristarco.it\\\/fr\\\/lavage\\\/tipologie\\\/lavapiatti-frontali\\\/af-fusion\\\/#primaryimage\"},\"image\":{\"@id\":\"https:\\\/\\\/www.aristarco.it\\\/fr\\\/lavage\\\/tipologie\\\/lavapiatti-frontali\\\/af-fusion\\\/#primaryimage\"},\"thumbnailUrl\":\"https:\\\/\\\/www.aristarco.it\\\/wp-content\\\/uploads\\\/2020\\\/08\\\/anteprima-LAVAGGIO-2.png\",\"datePublished\":\"2018-08-10T07:18:01+00:00\",\"dateModified\":\"2025-06-04T07:56:17+00:00\",\"breadcrumb\":{\"@id\":\"https:\\\/\\\/www.aristarco.it\\\/fr\\\/lavage\\\/tipologie\\\/lavapiatti-frontali\\\/af-fusion\\\/#breadcrumb\"},\"inLanguage\":\"fr-FR\",\"potentialAction\":[{\"@type\":\"ReadAction\",\"target\":[\"https:\\\/\\\/www.aristarco.it\\\/fr\\\/lavage\\\/tipologie\\\/lavapiatti-frontali\\\/af-fusion\\\/\"]}]},{\"@type\":\"ImageObject\",\"inLanguage\":\"fr-FR\",\"@id\":\"https:\\\/\\\/www.aristarco.it\\\/fr\\\/lavage\\\/tipologie\\\/lavapiatti-frontali\\\/af-fusion\\\/#primaryimage\",\"url\":\"https:\\\/\\\/www.aristarco.it\\\/wp-content\\\/uploads\\\/2020\\\/08\\\/anteprima-LAVAGGIO-2.png\",\"contentUrl\":\"https:\\\/\\\/www.aristarco.it\\\/wp-content\\\/uploads\\\/2020\\\/08\\\/anteprima-LAVAGGIO-2.png\",\"width\":1500,\"height\":1150},{\"@type\":\"BreadcrumbList\",\"@id\":\"https:\\\/\\\/www.aristarco.it\\\/fr\\\/lavage\\\/tipologie\\\/lavapiatti-frontali\\\/af-fusion\\\/#breadcrumb\",\"itemListElement\":[{\"@type\":\"ListItem\",\"position\":1,\"name\":\"Home\",\"item\":\"https:\\\/\\\/www.aristarco.it\\\/fr\\\/\"},{\"@type\":\"ListItem\",\"position\":2,\"name\":\"Lavage\",\"item\":\"https:\\\/\\\/www.aristarco.it\\\/fr\\\/lavage\\\/\"},{\"@type\":\"ListItem\",\"position\":3,\"name\":\"Typologie\",\"item\":\"https:\\\/\\\/www.aristarco.it\\\/fr\\\/lavage\\\/tipologie\\\/\"},{\"@type\":\"ListItem\",\"position\":4,\"name\":\"Lave-vaisselle frontale\",\"item\":\"https:\\\/\\\/www.aristarco.it\\\/fr\\\/lavage\\\/tipologie\\\/lavapiatti-frontali\\\/\"},{\"@type\":\"ListItem\",\"position\":5,\"name\":\"AF Fusion\"}]},{\"@type\":\"WebSite\",\"@id\":\"https:\\\/\\\/www.aristarco.it\\\/fr\\\/#website\",\"url\":\"https:\\\/\\\/www.aristarco.it\\\/fr\\\/\",\"name\":\"Aristarco\",\"description\":\"A family of washing &amp; ice\",\"publisher\":{\"@id\":\"https:\\\/\\\/www.aristarco.it\\\/fr\\\/#organization\"},\"potentialAction\":[{\"@type\":\"SearchAction\",\"target\":{\"@type\":\"EntryPoint\",\"urlTemplate\":\"https:\\\/\\\/www.aristarco.it\\\/fr\\\/?s={search_term_string}\"},\"query-input\":{\"@type\":\"PropertyValueSpecification\",\"valueRequired\":true,\"valueName\":\"search_term_string\"}}],\"inLanguage\":\"fr-FR\"},{\"@type\":\"Organization\",\"@id\":\"https:\\\/\\\/www.aristarco.it\\\/fr\\\/#organization\",\"name\":\"Aristarco S.p.A.\",\"url\":\"https:\\\/\\\/www.aristarco.it\\\/fr\\\/\",\"logo\":{\"@type\":\"ImageObject\",\"inLanguage\":\"fr-FR\",\"@id\":\"https:\\\/\\\/www.aristarco.it\\\/fr\\\/#\\\/schema\\\/logo\\\/image\\\/\",\"url\":\"https:\\\/\\\/www.aristarco.it\\\/wp-content\\\/uploads\\\/2018\\\/09\\\/logo.png\",\"contentUrl\":\"https:\\\/\\\/www.aristarco.it\\\/wp-content\\\/uploads\\\/2018\\\/09\\\/logo.png\",\"width\":560,\"height\":99,\"caption\":\"Aristarco S.p.A.\"},\"image\":{\"@id\":\"https:\\\/\\\/www.aristarco.it\\\/fr\\\/#\\\/schema\\\/logo\\\/image\\\/\"},\"sameAs\":[\"https:\\\/\\\/www.facebook.com\\\/aristarcospa\",\"https:\\\/\\\/www.linkedin.com\\\/company\\\/24691537\\\/admin\\\/\",\"https:\\\/\\\/www.instagram.com\\\/aristarco_spa\\\/\"]}]}<\/script>\n<!-- \/ Yoast SEO plugin. -->","yoast_head_json":{"title":"AF Fusion - Aristarco","robots":{"index":"index","follow":"follow","max-snippet":"max-snippet:-1","max-image-preview":"max-image-preview:large","max-video-preview":"max-video-preview:-1"},"canonical":"https:\/\/www.aristarco.it\/fr\/lavage\/tipologie\/lavapiatti-frontali\/af-fusion\/","og_locale":"fr_FR","og_type":"article","og_title":"AF Fusion - Aristarco","og_description":"prova","og_url":"https:\/\/www.aristarco.it\/fr\/lavage\/tipologie\/lavapiatti-frontali\/af-fusion\/","og_site_name":"Aristarco","article_publisher":"https:\/\/www.facebook.com\/aristarcospa","article_modified_time":"2025-06-04T07:56:17+00:00","og_image":[{"width":1500,"height":1150,"url":"https:\/\/www.aristarco.it\/wp-content\/uploads\/2020\/08\/anteprima-LAVAGGIO-2.png","type":"image\/png"}],"twitter_card":"summary_large_image","twitter_misc":{"Dur\u00e9e de lecture estim\u00e9e":"1 minute"},"schema":{"@context":"https:\/\/schema.org","@graph":[{"@type":"WebPage","@id":"https:\/\/www.aristarco.it\/fr\/lavage\/tipologie\/lavapiatti-frontali\/af-fusion\/","url":"https:\/\/www.aristarco.it\/fr\/lavage\/tipologie\/lavapiatti-frontali\/af-fusion\/","name":"AF Fusion - Aristarco","isPartOf":{"@id":"https:\/\/www.aristarco.it\/fr\/#website"},"primaryImageOfPage":{"@id":"https:\/\/www.aristarco.it\/fr\/lavage\/tipologie\/lavapiatti-frontali\/af-fusion\/#primaryimage"},"image":{"@id":"https:\/\/www.aristarco.it\/fr\/lavage\/tipologie\/lavapiatti-frontali\/af-fusion\/#primaryimage"},"thumbnailUrl":"https:\/\/www.aristarco.it\/wp-content\/uploads\/2020\/08\/anteprima-LAVAGGIO-2.png","datePublished":"2018-08-10T07:18:01+00:00","dateModified":"2025-06-04T07:56:17+00:00","breadcrumb":{"@id":"https:\/\/www.aristarco.it\/fr\/lavage\/tipologie\/lavapiatti-frontali\/af-fusion\/#breadcrumb"},"inLanguage":"fr-FR","potentialAction":[{"@type":"ReadAction","target":["https:\/\/www.aristarco.it\/fr\/lavage\/tipologie\/lavapiatti-frontali\/af-fusion\/"]}]},{"@type":"ImageObject","inLanguage":"fr-FR","@id":"https:\/\/www.aristarco.it\/fr\/lavage\/tipologie\/lavapiatti-frontali\/af-fusion\/#primaryimage","url":"https:\/\/www.aristarco.it\/wp-content\/uploads\/2020\/08\/anteprima-LAVAGGIO-2.png","contentUrl":"https:\/\/www.aristarco.it\/wp-content\/uploads\/2020\/08\/anteprima-LAVAGGIO-2.png","width":1500,"height":1150},{"@type":"BreadcrumbList","@id":"https:\/\/www.aristarco.it\/fr\/lavage\/tipologie\/lavapiatti-frontali\/af-fusion\/#breadcrumb","itemListElement":[{"@type":"ListItem","position":1,"name":"Home","item":"https:\/\/www.aristarco.it\/fr\/"},{"@type":"ListItem","position":2,"name":"Lavage","item":"https:\/\/www.aristarco.it\/fr\/lavage\/"},{"@type":"ListItem","position":3,"name":"Typologie","item":"https:\/\/www.aristarco.it\/fr\/lavage\/tipologie\/"},{"@type":"ListItem","position":4,"name":"Lave-vaisselle frontale","item":"https:\/\/www.aristarco.it\/fr\/lavage\/tipologie\/lavapiatti-frontali\/"},{"@type":"ListItem","position":5,"name":"AF Fusion"}]},{"@type":"WebSite","@id":"https:\/\/www.aristarco.it\/fr\/#website","url":"https:\/\/www.aristarco.it\/fr\/","name":"Aristarco","description":"A family of washing &amp; ice","publisher":{"@id":"https:\/\/www.aristarco.it\/fr\/#organization"},"potentialAction":[{"@type":"SearchAction","target":{"@type":"EntryPoint","urlTemplate":"https:\/\/www.aristarco.it\/fr\/?s={search_term_string}"},"query-input":{"@type":"PropertyValueSpecification","valueRequired":true,"valueName":"search_term_string"}}],"inLanguage":"fr-FR"},{"@type":"Organization","@id":"https:\/\/www.aristarco.it\/fr\/#organization","name":"Aristarco S.p.A.","url":"https:\/\/www.aristarco.it\/fr\/","logo":{"@type":"ImageObject","inLanguage":"fr-FR","@id":"https:\/\/www.aristarco.it\/fr\/#\/schema\/logo\/image\/","url":"https:\/\/www.aristarco.it\/wp-content\/uploads\/2018\/09\/logo.png","contentUrl":"https:\/\/www.aristarco.it\/wp-content\/uploads\/2018\/09\/logo.png","width":560,"height":99,"caption":"Aristarco S.p.A."},"image":{"@id":"https:\/\/www.aristarco.it\/fr\/#\/schema\/logo\/image\/"},"sameAs":["https:\/\/www.facebook.com\/aristarcospa","https:\/\/www.linkedin.com\/company\/24691537\/admin\/","https:\/\/www.instagram.com\/aristarco_spa\/"]}]}},"_links":{"self":[{"href":"https:\/\/www.aristarco.it\/fr\/wp-json\/wp\/v2\/pages\/4589","targetHints":{"allow":["GET"]}}],"collection":[{"href":"https:\/\/www.aristarco.it\/fr\/wp-json\/wp\/v2\/pages"}],"about":[{"href":"https:\/\/www.aristarco.it\/fr\/wp-json\/wp\/v2\/types\/page"}],"author":[{"embeddable":true,"href":"https:\/\/www.aristarco.it\/fr\/wp-json\/wp\/v2\/users\/1"}],"replies":[{"embeddable":true,"href":"https:\/\/www.aristarco.it\/fr\/wp-json\/wp\/v2\/comments?post=4589"}],"version-history":[{"count":5,"href":"https:\/\/www.aristarco.it\/fr\/wp-json\/wp\/v2\/pages\/4589\/revisions"}],"predecessor-version":[{"id":24432,"href":"https:\/\/www.aristarco.it\/fr\/wp-json\/wp\/v2\/pages\/4589\/revisions\/24432"}],"up":[{"embeddable":true,"href":"https:\/\/www.aristarco.it\/fr\/wp-json\/wp\/v2\/pages\/4582"}],"wp:featuredmedia":[{"embeddable":true,"href":"https:\/\/www.aristarco.it\/fr\/wp-json\/wp\/v2\/media\/8259"}],"wp:attachment":[{"href":"https:\/\/www.aristarco.it\/fr\/wp-json\/wp\/v2\/media?parent=4589"}],"curies":[{"name":"wp","href":"https:\/\/api.w.org\/{rel}","templated":true}]}}