{"id":4539,"date":"2018-08-10T12:26:06","date_gmt":"2018-08-10T10:26:06","guid":{"rendered":"https:\/\/www.aristarco.it\/as-superior\/"},"modified":"2025-02-11T13:48:39","modified_gmt":"2025-02-11T12:48:39","slug":"as-superior","status":"publish","type":"page","link":"https:\/\/www.aristarco.it\/fr\/lavage\/tipologie\/lavapiatti-frontali\/as-superior\/","title":{"rendered":"AS Superior"},"content":{"rendered":"<p>Gamme premium pour la qualit\u00e9 de fabrication et de fonctionnement, la s\u00e9rie AS est compos\u00e9e d\u2019appareils enti\u00e8rement r\u00e9alis\u00e9s en acier inoxydable et dot\u00e9s d\u2019une carrosserie \u00e0 double paroi qui les rend extr\u00eamement silencieux et thermiquement isol\u00e9s.<\/p>\n","protected":false},"excerpt":{"rendered":"<p>Gamme premium pour la qualit\u00e9 de fabrication et de fonctionnement, la s\u00e9rie AS est compos\u00e9e d\u2019appareils enti\u00e8rement r\u00e9alis\u00e9s en acier inoxydable et dot\u00e9s d\u2019une carrosserie \u00e0 double paroi qui les rend extr\u00eamement silencieux et thermiquement isol\u00e9s.<\/p>\n","protected":false},"author":1,"featured_media":8267,"parent":4582,"menu_order":1,"comment_status":"closed","ping_status":"closed","template":"products.php","meta":{"_acf_changed":false,"footnotes":""},"class_list":["post-4539","page","type-page","status-publish","has-post-thumbnail","hentry"],"acf":[],"yoast_head":"<!-- This site is optimized with the Yoast SEO plugin v27.4 - https:\/\/yoast.com\/product\/yoast-seo-wordpress\/ -->\n<title>AS Superior - Aristarco<\/title>\n<meta name=\"robots\" content=\"index, follow, max-snippet:-1, max-image-preview:large, max-video-preview:-1\" \/>\n<link rel=\"canonical\" href=\"https:\/\/www.aristarco.it\/fr\/lavage\/tipologie\/lavapiatti-frontali\/as-superior\/\" \/>\n<meta property=\"og:locale\" content=\"fr_FR\" \/>\n<meta property=\"og:type\" content=\"article\" \/>\n<meta property=\"og:title\" content=\"AS Superior - Aristarco\" \/>\n<meta property=\"og:description\" content=\"Gamme premium pour la qualit\u00e9 de fabrication et de fonctionnement, la s\u00e9rie AS est compos\u00e9e d\u2019appareils enti\u00e8rement r\u00e9alis\u00e9s en acier inoxydable et dot\u00e9s d\u2019une carrosserie \u00e0 double paroi qui les rend extr\u00eamement silencieux et thermiquement isol\u00e9s.\" \/>\n<meta property=\"og:url\" content=\"https:\/\/www.aristarco.it\/fr\/lavage\/tipologie\/lavapiatti-frontali\/as-superior\/\" \/>\n<meta property=\"og:site_name\" content=\"Aristarco\" \/>\n<meta property=\"article:publisher\" content=\"https:\/\/www.facebook.com\/aristarcospa\" \/>\n<meta property=\"article:modified_time\" content=\"2025-02-11T12:48:39+00:00\" \/>\n<meta property=\"og:image\" content=\"https:\/\/www.aristarco.it\/wp-content\/uploads\/2020\/08\/As-1.png\" \/>\n\t<meta property=\"og:image:width\" content=\"1500\" \/>\n\t<meta property=\"og:image:height\" content=\"1150\" \/>\n\t<meta property=\"og:image:type\" content=\"image\/png\" \/>\n<meta name=\"twitter:card\" content=\"summary_large_image\" \/>\n<meta name=\"twitter:label1\" content=\"Dur\u00e9e de lecture estim\u00e9e\" \/>\n\t<meta name=\"twitter:data1\" content=\"1 minute\" \/>\n<script type=\"application\/ld+json\" class=\"yoast-schema-graph\">{\"@context\":\"https:\\\/\\\/schema.org\",\"@graph\":[{\"@type\":\"WebPage\",\"@id\":\"https:\\\/\\\/www.aristarco.it\\\/fr\\\/lavage\\\/tipologie\\\/lavapiatti-frontali\\\/as-superior\\\/\",\"url\":\"https:\\\/\\\/www.aristarco.it\\\/fr\\\/lavage\\\/tipologie\\\/lavapiatti-frontali\\\/as-superior\\\/\",\"name\":\"AS Superior - Aristarco\",\"isPartOf\":{\"@id\":\"https:\\\/\\\/www.aristarco.it\\\/fr\\\/#website\"},\"primaryImageOfPage\":{\"@id\":\"https:\\\/\\\/www.aristarco.it\\\/fr\\\/lavage\\\/tipologie\\\/lavapiatti-frontali\\\/as-superior\\\/#primaryimage\"},\"image\":{\"@id\":\"https:\\\/\\\/www.aristarco.it\\\/fr\\\/lavage\\\/tipologie\\\/lavapiatti-frontali\\\/as-superior\\\/#primaryimage\"},\"thumbnailUrl\":\"https:\\\/\\\/www.aristarco.it\\\/wp-content\\\/uploads\\\/2020\\\/08\\\/As-1.png\",\"datePublished\":\"2018-08-10T10:26:06+00:00\",\"dateModified\":\"2025-02-11T12:48:39+00:00\",\"breadcrumb\":{\"@id\":\"https:\\\/\\\/www.aristarco.it\\\/fr\\\/lavage\\\/tipologie\\\/lavapiatti-frontali\\\/as-superior\\\/#breadcrumb\"},\"inLanguage\":\"fr-FR\",\"potentialAction\":[{\"@type\":\"ReadAction\",\"target\":[\"https:\\\/\\\/www.aristarco.it\\\/fr\\\/lavage\\\/tipologie\\\/lavapiatti-frontali\\\/as-superior\\\/\"]}]},{\"@type\":\"ImageObject\",\"inLanguage\":\"fr-FR\",\"@id\":\"https:\\\/\\\/www.aristarco.it\\\/fr\\\/lavage\\\/tipologie\\\/lavapiatti-frontali\\\/as-superior\\\/#primaryimage\",\"url\":\"https:\\\/\\\/www.aristarco.it\\\/wp-content\\\/uploads\\\/2020\\\/08\\\/As-1.png\",\"contentUrl\":\"https:\\\/\\\/www.aristarco.it\\\/wp-content\\\/uploads\\\/2020\\\/08\\\/As-1.png\",\"width\":1500,\"height\":1150},{\"@type\":\"BreadcrumbList\",\"@id\":\"https:\\\/\\\/www.aristarco.it\\\/fr\\\/lavage\\\/tipologie\\\/lavapiatti-frontali\\\/as-superior\\\/#breadcrumb\",\"itemListElement\":[{\"@type\":\"ListItem\",\"position\":1,\"name\":\"Home\",\"item\":\"https:\\\/\\\/www.aristarco.it\\\/fr\\\/\"},{\"@type\":\"ListItem\",\"position\":2,\"name\":\"Lavage\",\"item\":\"https:\\\/\\\/www.aristarco.it\\\/fr\\\/lavage\\\/\"},{\"@type\":\"ListItem\",\"position\":3,\"name\":\"Typologie\",\"item\":\"https:\\\/\\\/www.aristarco.it\\\/fr\\\/lavage\\\/tipologie\\\/\"},{\"@type\":\"ListItem\",\"position\":4,\"name\":\"Lave-vaisselle frontale\",\"item\":\"https:\\\/\\\/www.aristarco.it\\\/fr\\\/lavage\\\/tipologie\\\/lavapiatti-frontali\\\/\"},{\"@type\":\"ListItem\",\"position\":5,\"name\":\"AS Superior\"}]},{\"@type\":\"WebSite\",\"@id\":\"https:\\\/\\\/www.aristarco.it\\\/fr\\\/#website\",\"url\":\"https:\\\/\\\/www.aristarco.it\\\/fr\\\/\",\"name\":\"Aristarco\",\"description\":\"A family of washing &amp; ice\",\"publisher\":{\"@id\":\"https:\\\/\\\/www.aristarco.it\\\/fr\\\/#organization\"},\"potentialAction\":[{\"@type\":\"SearchAction\",\"target\":{\"@type\":\"EntryPoint\",\"urlTemplate\":\"https:\\\/\\\/www.aristarco.it\\\/fr\\\/?s={search_term_string}\"},\"query-input\":{\"@type\":\"PropertyValueSpecification\",\"valueRequired\":true,\"valueName\":\"search_term_string\"}}],\"inLanguage\":\"fr-FR\"},{\"@type\":\"Organization\",\"@id\":\"https:\\\/\\\/www.aristarco.it\\\/fr\\\/#organization\",\"name\":\"Aristarco S.p.A.\",\"url\":\"https:\\\/\\\/www.aristarco.it\\\/fr\\\/\",\"logo\":{\"@type\":\"ImageObject\",\"inLanguage\":\"fr-FR\",\"@id\":\"https:\\\/\\\/www.aristarco.it\\\/fr\\\/#\\\/schema\\\/logo\\\/image\\\/\",\"url\":\"https:\\\/\\\/www.aristarco.it\\\/wp-content\\\/uploads\\\/2018\\\/09\\\/logo.png\",\"contentUrl\":\"https:\\\/\\\/www.aristarco.it\\\/wp-content\\\/uploads\\\/2018\\\/09\\\/logo.png\",\"width\":560,\"height\":99,\"caption\":\"Aristarco S.p.A.\"},\"image\":{\"@id\":\"https:\\\/\\\/www.aristarco.it\\\/fr\\\/#\\\/schema\\\/logo\\\/image\\\/\"},\"sameAs\":[\"https:\\\/\\\/www.facebook.com\\\/aristarcospa\",\"https:\\\/\\\/www.linkedin.com\\\/company\\\/24691537\\\/admin\\\/\",\"https:\\\/\\\/www.instagram.com\\\/aristarco_spa\\\/\"]}]}<\/script>\n<!-- \/ Yoast SEO plugin. -->","yoast_head_json":{"title":"AS Superior - Aristarco","robots":{"index":"index","follow":"follow","max-snippet":"max-snippet:-1","max-image-preview":"max-image-preview:large","max-video-preview":"max-video-preview:-1"},"canonical":"https:\/\/www.aristarco.it\/fr\/lavage\/tipologie\/lavapiatti-frontali\/as-superior\/","og_locale":"fr_FR","og_type":"article","og_title":"AS Superior - Aristarco","og_description":"Gamme premium pour la qualit\u00e9 de fabrication et de fonctionnement, la s\u00e9rie AS est compos\u00e9e d\u2019appareils enti\u00e8rement r\u00e9alis\u00e9s en acier inoxydable et dot\u00e9s d\u2019une carrosserie \u00e0 double paroi qui les rend extr\u00eamement silencieux et thermiquement isol\u00e9s.","og_url":"https:\/\/www.aristarco.it\/fr\/lavage\/tipologie\/lavapiatti-frontali\/as-superior\/","og_site_name":"Aristarco","article_publisher":"https:\/\/www.facebook.com\/aristarcospa","article_modified_time":"2025-02-11T12:48:39+00:00","og_image":[{"width":1500,"height":1150,"url":"https:\/\/www.aristarco.it\/wp-content\/uploads\/2020\/08\/As-1.png","type":"image\/png"}],"twitter_card":"summary_large_image","twitter_misc":{"Dur\u00e9e de lecture estim\u00e9e":"1 minute"},"schema":{"@context":"https:\/\/schema.org","@graph":[{"@type":"WebPage","@id":"https:\/\/www.aristarco.it\/fr\/lavage\/tipologie\/lavapiatti-frontali\/as-superior\/","url":"https:\/\/www.aristarco.it\/fr\/lavage\/tipologie\/lavapiatti-frontali\/as-superior\/","name":"AS Superior - Aristarco","isPartOf":{"@id":"https:\/\/www.aristarco.it\/fr\/#website"},"primaryImageOfPage":{"@id":"https:\/\/www.aristarco.it\/fr\/lavage\/tipologie\/lavapiatti-frontali\/as-superior\/#primaryimage"},"image":{"@id":"https:\/\/www.aristarco.it\/fr\/lavage\/tipologie\/lavapiatti-frontali\/as-superior\/#primaryimage"},"thumbnailUrl":"https:\/\/www.aristarco.it\/wp-content\/uploads\/2020\/08\/As-1.png","datePublished":"2018-08-10T10:26:06+00:00","dateModified":"2025-02-11T12:48:39+00:00","breadcrumb":{"@id":"https:\/\/www.aristarco.it\/fr\/lavage\/tipologie\/lavapiatti-frontali\/as-superior\/#breadcrumb"},"inLanguage":"fr-FR","potentialAction":[{"@type":"ReadAction","target":["https:\/\/www.aristarco.it\/fr\/lavage\/tipologie\/lavapiatti-frontali\/as-superior\/"]}]},{"@type":"ImageObject","inLanguage":"fr-FR","@id":"https:\/\/www.aristarco.it\/fr\/lavage\/tipologie\/lavapiatti-frontali\/as-superior\/#primaryimage","url":"https:\/\/www.aristarco.it\/wp-content\/uploads\/2020\/08\/As-1.png","contentUrl":"https:\/\/www.aristarco.it\/wp-content\/uploads\/2020\/08\/As-1.png","width":1500,"height":1150},{"@type":"BreadcrumbList","@id":"https:\/\/www.aristarco.it\/fr\/lavage\/tipologie\/lavapiatti-frontali\/as-superior\/#breadcrumb","itemListElement":[{"@type":"ListItem","position":1,"name":"Home","item":"https:\/\/www.aristarco.it\/fr\/"},{"@type":"ListItem","position":2,"name":"Lavage","item":"https:\/\/www.aristarco.it\/fr\/lavage\/"},{"@type":"ListItem","position":3,"name":"Typologie","item":"https:\/\/www.aristarco.it\/fr\/lavage\/tipologie\/"},{"@type":"ListItem","position":4,"name":"Lave-vaisselle frontale","item":"https:\/\/www.aristarco.it\/fr\/lavage\/tipologie\/lavapiatti-frontali\/"},{"@type":"ListItem","position":5,"name":"AS Superior"}]},{"@type":"WebSite","@id":"https:\/\/www.aristarco.it\/fr\/#website","url":"https:\/\/www.aristarco.it\/fr\/","name":"Aristarco","description":"A family of washing &amp; ice","publisher":{"@id":"https:\/\/www.aristarco.it\/fr\/#organization"},"potentialAction":[{"@type":"SearchAction","target":{"@type":"EntryPoint","urlTemplate":"https:\/\/www.aristarco.it\/fr\/?s={search_term_string}"},"query-input":{"@type":"PropertyValueSpecification","valueRequired":true,"valueName":"search_term_string"}}],"inLanguage":"fr-FR"},{"@type":"Organization","@id":"https:\/\/www.aristarco.it\/fr\/#organization","name":"Aristarco S.p.A.","url":"https:\/\/www.aristarco.it\/fr\/","logo":{"@type":"ImageObject","inLanguage":"fr-FR","@id":"https:\/\/www.aristarco.it\/fr\/#\/schema\/logo\/image\/","url":"https:\/\/www.aristarco.it\/wp-content\/uploads\/2018\/09\/logo.png","contentUrl":"https:\/\/www.aristarco.it\/wp-content\/uploads\/2018\/09\/logo.png","width":560,"height":99,"caption":"Aristarco S.p.A."},"image":{"@id":"https:\/\/www.aristarco.it\/fr\/#\/schema\/logo\/image\/"},"sameAs":["https:\/\/www.facebook.com\/aristarcospa","https:\/\/www.linkedin.com\/company\/24691537\/admin\/","https:\/\/www.instagram.com\/aristarco_spa\/"]}]}},"_links":{"self":[{"href":"https:\/\/www.aristarco.it\/fr\/wp-json\/wp\/v2\/pages\/4539","targetHints":{"allow":["GET"]}}],"collection":[{"href":"https:\/\/www.aristarco.it\/fr\/wp-json\/wp\/v2\/pages"}],"about":[{"href":"https:\/\/www.aristarco.it\/fr\/wp-json\/wp\/v2\/types\/page"}],"author":[{"embeddable":true,"href":"https:\/\/www.aristarco.it\/fr\/wp-json\/wp\/v2\/users\/1"}],"replies":[{"embeddable":true,"href":"https:\/\/www.aristarco.it\/fr\/wp-json\/wp\/v2\/comments?post=4539"}],"version-history":[{"count":5,"href":"https:\/\/www.aristarco.it\/fr\/wp-json\/wp\/v2\/pages\/4539\/revisions"}],"predecessor-version":[{"id":23745,"href":"https:\/\/www.aristarco.it\/fr\/wp-json\/wp\/v2\/pages\/4539\/revisions\/23745"}],"up":[{"embeddable":true,"href":"https:\/\/www.aristarco.it\/fr\/wp-json\/wp\/v2\/pages\/4582"}],"wp:featuredmedia":[{"embeddable":true,"href":"https:\/\/www.aristarco.it\/fr\/wp-json\/wp\/v2\/media\/8267"}],"wp:attachment":[{"href":"https:\/\/www.aristarco.it\/fr\/wp-json\/wp\/v2\/media?parent=4539"}],"curies":[{"name":"wp","href":"https:\/\/api.w.org\/{rel}","templated":true}]}}