{"id":16728,"date":"2021-11-05T10:58:07","date_gmt":"2021-11-05T09:58:07","guid":{"rendered":"https:\/\/www.aristarco.it\/?page_id=16728"},"modified":"2021-11-05T11:03:25","modified_gmt":"2021-11-05T10:03:25","slug":"travailler-avec-nous","status":"publish","type":"page","link":"https:\/\/www.aristarco.it\/fr\/travailler-avec-nous\/","title":{"rendered":"Travailler avec nous"},"content":{"rendered":"\n\n\t<h1><strong>Pour Aristarco, les personnes sont la ressource la plus importante pour l&rsquo;avenir de l&rsquo;entreprise.<\/strong><\/h1>\n<h2>Si vous souhaitez rejoindre une \u00e9quipe exp\u00e9riment\u00e9e et soud\u00e9e, au sein d&rsquo;une entreprise active au niveau international, envoyez votre candidature spontan\u00e9e via le formulaire ci-dessous.<\/h2>\n\t\n<div class=\"wpcf7 no-js\" id=\"wpcf7-f5401-o1\" lang=\"fr-FR\" dir=\"ltr\" data-wpcf7-id=\"5401\">\n<div class=\"screen-reader-response\"><p role=\"status\" aria-live=\"polite\" aria-atomic=\"true\"><\/p> <ul><\/ul><\/div>\n<form action=\"\/fr\/wp-json\/wp\/v2\/pages\/16728#wpcf7-f5401-o1\" method=\"post\" class=\"wpcf7-form init\" aria-label=\"Formulaire de contact\" enctype=\"multipart\/form-data\" novalidate=\"novalidate\" data-status=\"init\">\n<fieldset class=\"hidden-fields-container\"><input type=\"hidden\" name=\"_wpcf7\" value=\"5401\" \/><input type=\"hidden\" name=\"_wpcf7_version\" value=\"6.1.5\" \/><input type=\"hidden\" name=\"_wpcf7_locale\" value=\"fr_FR\" \/><input type=\"hidden\" name=\"_wpcf7_unit_tag\" value=\"wpcf7-f5401-o1\" \/><input type=\"hidden\" name=\"_wpcf7_container_post\" value=\"0\" \/><input type=\"hidden\" name=\"_wpcf7_posted_data_hash\" value=\"\" \/>\n<\/fieldset>\n<section class=\"bg-white text-secondary py-5\">\n\t<div class=\"container\">\n\t\t<h1 class=\"font-weight-light\"><br \/>\nSoumettez votre candidature\n\t\t<\/h1>\n\t\t<div class=\"contact-us-form\">\n\t\t\t<div class=\"row\">\n\t\t\t\t<div class=\"col-12 col-sm-6\">\n\t\t\t\t\t<div class=\"form-group col-12 pl-0\">\n\t\t\t\t\t\t<p>[text* Pr\u00e9nom class:form-control class:rounded-0 class:border class:border-top-0 class:border-left-0 class:border-right-0 class:px-1 class:bg-transparent  placeholder \"Pr\u00e9nom *\"]\n\t\t\t\t\t\t<\/p>\n\t\t\t\t\t<\/div>\n\t\t\t\t\t<div class=\"form-group col-12 pl-0\">\n\t\t\t\t\t\t<p><span class=\"wpcf7-form-control-wrap\" data-name=\"Nom\"><input size=\"40\" maxlength=\"400\" class=\"wpcf7-form-control wpcf7-text wpcf7-validates-as-required form-control rounded-0 border border-top-0 border-left-0 border-right-0 px-1 bg-transparent\" aria-required=\"true\" aria-invalid=\"false\" placeholder=\"Nom *\" value=\"\" type=\"text\" name=\"Nom\" \/><\/span>\n\t\t\t\t\t\t<\/p>\n\t\t\t\t\t<\/div>\n\t\t\t\t\t<div class=\"form-group col-12 pl-0\">\n\t\t\t\t\t\t<p><span class=\"wpcf7-form-control-wrap\" data-name=\"E-mail\"><input size=\"40\" maxlength=\"400\" class=\"wpcf7-form-control wpcf7-email wpcf7-validates-as-required wpcf7-text wpcf7-validates-as-email form-control rounded-0 border border-top-0 border-left-0 border-right-0 px-1 bg-transparent\" aria-required=\"true\" aria-invalid=\"false\" placeholder=\"E-mail *\" value=\"\" type=\"email\" name=\"E-mail\" \/><\/span>\n\t\t\t\t\t\t<\/p>\n\t\t\t\t\t<\/div>\n\t\t\t\t\t<div class=\"form-group col-12 pl-0\">\n\t\t\t\t\t\t<p>[text* T\u00e9l\u00e9phone class:form-control class:rounded-0 class:border class:border-top-0 class:border-left-0 class:border-right-0 class:px-1 class:bg-transparent  placeholder \"T\u00e9l\u00e9phonem*\"]\n\t\t\t\t\t\t<\/p>\n\t\t\t\t\t<\/div>\n\t\t\t\t\t<div class=\"form-group col-12 pl-0\">\n\t\t\t\t\t\t<p><span class=\"wpcf7-form-control-wrap\" data-name=\"Adresse\"><input size=\"40\" maxlength=\"400\" class=\"wpcf7-form-control wpcf7-text form-control rounded-0 border border-top-0 border-left-0 border-right-0 px-1 bg-transparent\" aria-invalid=\"false\" placeholder=\"Adresse\" value=\"\" type=\"text\" name=\"Adresse\" \/><\/span>\n\t\t\t\t\t\t<\/p>\n\t\t\t\t\t<\/div>\n\t\t\t\t\t<div class=\"form-group col-12 pl-0\">\n\t\t\t\t\t\t<p><span class=\"wpcf7-form-control-wrap\" data-name=\"Ville\"><input size=\"40\" maxlength=\"400\" class=\"wpcf7-form-control wpcf7-text wpcf7-validates-as-required form-control rounded-0 border border-top-0 border-left-0 border-right-0 px-1 bg-transparent\" aria-required=\"true\" aria-invalid=\"false\" placeholder=\"Ville *\" value=\"\" type=\"text\" name=\"Ville\" \/><\/span>\n\t\t\t\t\t\t<\/p>\n\t\t\t\t\t<\/div>\n\t\t\t\t\t<div class=\"form-group col-12 pl-0\">\n\t\t\t\t\t\t<p><span class=\"wpcf7-form-control-wrap\" data-name=\"Code\"><input size=\"40\" maxlength=\"400\" class=\"wpcf7-form-control wpcf7-text wpcf7-validates-as-required form-control rounded-0 border border-top-0 border-left-0 border-right-0 px-1 bg-transparent\" aria-required=\"true\" aria-invalid=\"false\" placeholder=\"Code postal *\" value=\"\" type=\"text\" name=\"Code\" \/><\/span>\n\t\t\t\t\t\t<\/p>\n\t\t\t\t\t<\/div>\n\t\t\t\t\t<div class=\"form-group col-12 pl-0\">\n\t\t\t\t\t\t<p><span class=\"wpcf7-form-control-wrap\" data-name=\"Province\"><input size=\"40\" maxlength=\"400\" class=\"wpcf7-form-control wpcf7-text wpcf7-validates-as-required form-control rounded-0 border border-top-0 border-left-0 border-right-0 px-1 bg-transparent\" aria-required=\"true\" aria-invalid=\"false\" placeholder=\"Province *\" value=\"\" type=\"text\" name=\"Province\" \/><\/span>\n\t\t\t\t\t\t<\/p>\n\t\t\t\t\t<\/div>\n\t\t\t\t\t<div class=\"form-group col-12 pl-0\">\n\t\t\t\t\t\t<p><span class=\"wpcf7-form-control-wrap\" data-name=\"Nation\"><input size=\"40\" maxlength=\"400\" class=\"wpcf7-form-control wpcf7-text form-control rounded-0 border border-top-0 border-left-0 border-right-0 px-1 bg-transparent\" aria-invalid=\"false\" placeholder=\"Nation *\" value=\"\" type=\"text\" name=\"Nation\" \/><\/span>\n\t\t\t\t\t\t<\/p>\n\t\t\t\t\t<\/div>\n\t\t\t\t<\/div>\n\t\t\t\t<div class=\"col-12 col-sm-6 mb-4\">\n\t\t\t\t\t<div class=\"form-group col-12 pr-0\">\n\t\t\t\t\t\t<p><span class=\"wpcf7-form-control-wrap\" data-name=\"Message\"><textarea cols=\"40\" rows=\"12\" maxlength=\"2000\" class=\"wpcf7-form-control wpcf7-textarea wpcf7-validates-as-required form-control rounded-0 border border-top-0 border-left-0 border-right-0 px-1 bg-transparent\" aria-required=\"true\" aria-invalid=\"false\" placeholder=\"Br\u00e8ve pr\u00e9sentation *\" name=\"Message\"><\/textarea><\/span>\n\t\t\t\t\t\t<\/p>\n\t\t\t\t\t<\/div>\n\t\t\t\t\t<div class=\"form-group col-12 pr-0\">\n\t\t\t\t\t\t<p><span class=\"wpcf7-form-control-wrap\" data-name=\"curriculum\"><input size=\"40\" class=\"wpcf7-form-control wpcf7-file wpcf7-validates-as-required\" accept=\"image\/*,.txt,application\/pdf,application\/msword\" aria-required=\"true\" aria-invalid=\"false\" type=\"file\" name=\"curriculum\" \/><\/span>\n\t\t\t\t\t\t<\/p>\n\t\t\t\t\t<\/div>\n\t\t\t\t<\/div>\n\t\t\t\t<div class=\"form-group col-12 contact-privacy\">\n\t\t\t\t\t<p class=\"font-weight-bold mb-0\">Informations conform\u00e9ment \u00e0 l'art. 13 du d\u00e9cret l\u00e9gislatif 196\/2003 et ex art. 13-14 R\u00e8glement UE 2016\/679: <a href=\"\/privacy-cookies-policy\/\" target=\"_blank\"><br \/>\nLisez les informations compl\u00e8tes ici<\/a>.\n\t\t\t\t\t<\/p>\n\t\t\t\t<\/div>\n\t\t\t\t<div class=\"form-group col-12 contact-privacy\">\n\t\t\t\t\t<p class=\"mb-0\">Afin d'envoyer la demande de contact, il est n\u00e9cessaire d'accepter les conditions de confidentialit\u00e9\n\t\t\t\t\t<\/p>\n\t\t\t\t\t<div class=\"col-12 line-height-60 form-check\">\n\t\t\t\t\t\t<p><span class=\"wpcf7-form-control-wrap\" data-name=\"privacy-1\"><span class=\"wpcf7-form-control wpcf7-acceptance\"><span class=\"wpcf7-list-item\"><input type=\"checkbox\" name=\"privacy-1\" value=\"1\" class=\"theme-check\" aria-invalid=\"false\" \/><\/span><\/span><\/span><label class=\"form-check-label\" for=\"formCheck\">&nbsp;Je d\u00e9clare avoir lu les informations ci-dessus et autoriser le traitement de mes donn\u00e9es personnelles aux fins qui y sont indiqu\u00e9es.<\/label>\n\t\t\t\t\t\t<\/p>\n\t\t\t\t\t<\/div>\n\t\t\t\t\t<div class=\"col-12 line-height-60 form-check\">\n\t\t\t\t\t\t<p><span class=\"wpcf7-form-control-wrap\" data-name=\"privacy-2\"><span class=\"wpcf7-form-control wpcf7-acceptance optional\"><span class=\"wpcf7-list-item\"><input type=\"checkbox\" name=\"privacy-2\" value=\"1\" class=\"theme-check\" aria-invalid=\"false\" \/><\/span><\/span><\/span><label class=\"form-check-label\" for=\"formCheck2\">&nbsp;Je d\u00e9clare \u00e9galement que je donne mon consentement au traitement et \u00e0 la communication de mes donn\u00e9es personnelles \u00e9galement \u00e0 des fins de marketing.<\/label>\n\t\t\t\t\t\t<\/p>\n\t\t\t\t\t<\/div>\n\t\t\t\t\t<p><input class=\"wpcf7-form-control wpcf7-submit has-spinner btn text-uppercase text-white bg-tertiary px-4 py-2 mt-4 float-left\" type=\"submit\" value=\"Invia\" \/>\n\t\t\t\t\t<\/p>\n\t\t\t\t<\/div>\n\t\t\t<\/div>\n\t\t<\/div>\n\t<\/div>\n<\/section><input type='hidden' class='wpcf7-pum' value='{\"closepopup\":false,\"closedelay\":0,\"openpopup\":false,\"openpopup_id\":0}' \/><div class=\"wpcf7-response-output\" aria-hidden=\"true\"><\/div>\n<\/form>\n<\/div>\n\n\n","protected":false},"excerpt":{"rendered":"<p>Pour Aristarco, les personnes sont la ressource la plus importante pour l&rsquo;avenir de l&rsquo;entreprise. Si vous souhaitez rejoindre une \u00e9quipe exp\u00e9riment\u00e9e et soud\u00e9e, au sein d&rsquo;une entreprise active au niveau international, envoyez votre candidature spontan\u00e9e via le formulaire ci-dessous.<\/p>\n","protected":false},"author":1,"featured_media":0,"parent":0,"menu_order":1181,"comment_status":"closed","ping_status":"closed","template":"","meta":{"_acf_changed":false,"footnotes":""},"class_list":["post-16728","page","type-page","status-publish","hentry"],"acf":[],"yoast_head":"<!-- This site is optimized with the Yoast SEO plugin v27.4 - https:\/\/yoast.com\/product\/yoast-seo-wordpress\/ -->\n<title>Travailler avec nous - Aristarco<\/title>\n<meta name=\"robots\" content=\"index, follow, max-snippet:-1, max-image-preview:large, max-video-preview:-1\" \/>\n<link rel=\"canonical\" href=\"https:\/\/www.aristarco.it\/fr\/travailler-avec-nous\/\" \/>\n<meta property=\"og:locale\" content=\"fr_FR\" \/>\n<meta property=\"og:type\" content=\"article\" \/>\n<meta property=\"og:title\" content=\"Travailler avec nous - Aristarco\" \/>\n<meta property=\"og:description\" content=\"Pour Aristarco, les personnes sont la ressource la plus importante pour l&rsquo;avenir de l&rsquo;entreprise. Si vous souhaitez rejoindre une \u00e9quipe exp\u00e9riment\u00e9e et soud\u00e9e, au sein d&rsquo;une entreprise active au niveau international, envoyez votre candidature spontan\u00e9e via le formulaire ci-dessous.\" \/>\n<meta property=\"og:url\" content=\"https:\/\/www.aristarco.it\/fr\/travailler-avec-nous\/\" \/>\n<meta property=\"og:site_name\" content=\"Aristarco\" \/>\n<meta property=\"article:publisher\" content=\"https:\/\/www.facebook.com\/aristarcospa\" \/>\n<meta property=\"article:modified_time\" content=\"2021-11-05T10:03:25+00:00\" \/>\n<meta name=\"twitter:card\" content=\"summary_large_image\" \/>\n<script type=\"application\/ld+json\" class=\"yoast-schema-graph\">{\"@context\":\"https:\\\/\\\/schema.org\",\"@graph\":[{\"@type\":\"WebPage\",\"@id\":\"https:\\\/\\\/www.aristarco.it\\\/fr\\\/travailler-avec-nous\\\/\",\"url\":\"https:\\\/\\\/www.aristarco.it\\\/fr\\\/travailler-avec-nous\\\/\",\"name\":\"Travailler avec nous - Aristarco\",\"isPartOf\":{\"@id\":\"https:\\\/\\\/www.aristarco.it\\\/fr\\\/#website\"},\"datePublished\":\"2021-11-05T09:58:07+00:00\",\"dateModified\":\"2021-11-05T10:03:25+00:00\",\"breadcrumb\":{\"@id\":\"https:\\\/\\\/www.aristarco.it\\\/fr\\\/travailler-avec-nous\\\/#breadcrumb\"},\"inLanguage\":\"fr-FR\",\"potentialAction\":[{\"@type\":\"ReadAction\",\"target\":[\"https:\\\/\\\/www.aristarco.it\\\/fr\\\/travailler-avec-nous\\\/\"]}]},{\"@type\":\"BreadcrumbList\",\"@id\":\"https:\\\/\\\/www.aristarco.it\\\/fr\\\/travailler-avec-nous\\\/#breadcrumb\",\"itemListElement\":[{\"@type\":\"ListItem\",\"position\":1,\"name\":\"Home\",\"item\":\"https:\\\/\\\/www.aristarco.it\\\/fr\\\/\"},{\"@type\":\"ListItem\",\"position\":2,\"name\":\"Travailler avec nous\"}]},{\"@type\":\"WebSite\",\"@id\":\"https:\\\/\\\/www.aristarco.it\\\/fr\\\/#website\",\"url\":\"https:\\\/\\\/www.aristarco.it\\\/fr\\\/\",\"name\":\"Aristarco\",\"description\":\"A family of washing &amp; ice\",\"publisher\":{\"@id\":\"https:\\\/\\\/www.aristarco.it\\\/fr\\\/#organization\"},\"potentialAction\":[{\"@type\":\"SearchAction\",\"target\":{\"@type\":\"EntryPoint\",\"urlTemplate\":\"https:\\\/\\\/www.aristarco.it\\\/fr\\\/?s={search_term_string}\"},\"query-input\":{\"@type\":\"PropertyValueSpecification\",\"valueRequired\":true,\"valueName\":\"search_term_string\"}}],\"inLanguage\":\"fr-FR\"},{\"@type\":\"Organization\",\"@id\":\"https:\\\/\\\/www.aristarco.it\\\/fr\\\/#organization\",\"name\":\"Aristarco S.p.A.\",\"url\":\"https:\\\/\\\/www.aristarco.it\\\/fr\\\/\",\"logo\":{\"@type\":\"ImageObject\",\"inLanguage\":\"fr-FR\",\"@id\":\"https:\\\/\\\/www.aristarco.it\\\/fr\\\/#\\\/schema\\\/logo\\\/image\\\/\",\"url\":\"https:\\\/\\\/www.aristarco.it\\\/wp-content\\\/uploads\\\/2018\\\/09\\\/logo.png\",\"contentUrl\":\"https:\\\/\\\/www.aristarco.it\\\/wp-content\\\/uploads\\\/2018\\\/09\\\/logo.png\",\"width\":560,\"height\":99,\"caption\":\"Aristarco S.p.A.\"},\"image\":{\"@id\":\"https:\\\/\\\/www.aristarco.it\\\/fr\\\/#\\\/schema\\\/logo\\\/image\\\/\"},\"sameAs\":[\"https:\\\/\\\/www.facebook.com\\\/aristarcospa\",\"https:\\\/\\\/www.linkedin.com\\\/company\\\/24691537\\\/admin\\\/\",\"https:\\\/\\\/www.instagram.com\\\/aristarco_spa\\\/\"]}]}<\/script>\n<!-- \/ Yoast SEO plugin. -->","yoast_head_json":{"title":"Travailler avec nous - Aristarco","robots":{"index":"index","follow":"follow","max-snippet":"max-snippet:-1","max-image-preview":"max-image-preview:large","max-video-preview":"max-video-preview:-1"},"canonical":"https:\/\/www.aristarco.it\/fr\/travailler-avec-nous\/","og_locale":"fr_FR","og_type":"article","og_title":"Travailler avec nous - Aristarco","og_description":"Pour Aristarco, les personnes sont la ressource la plus importante pour l&rsquo;avenir de l&rsquo;entreprise. Si vous souhaitez rejoindre une \u00e9quipe exp\u00e9riment\u00e9e et soud\u00e9e, au sein d&rsquo;une entreprise active au niveau international, envoyez votre candidature spontan\u00e9e via le formulaire ci-dessous.","og_url":"https:\/\/www.aristarco.it\/fr\/travailler-avec-nous\/","og_site_name":"Aristarco","article_publisher":"https:\/\/www.facebook.com\/aristarcospa","article_modified_time":"2021-11-05T10:03:25+00:00","twitter_card":"summary_large_image","schema":{"@context":"https:\/\/schema.org","@graph":[{"@type":"WebPage","@id":"https:\/\/www.aristarco.it\/fr\/travailler-avec-nous\/","url":"https:\/\/www.aristarco.it\/fr\/travailler-avec-nous\/","name":"Travailler avec nous - Aristarco","isPartOf":{"@id":"https:\/\/www.aristarco.it\/fr\/#website"},"datePublished":"2021-11-05T09:58:07+00:00","dateModified":"2021-11-05T10:03:25+00:00","breadcrumb":{"@id":"https:\/\/www.aristarco.it\/fr\/travailler-avec-nous\/#breadcrumb"},"inLanguage":"fr-FR","potentialAction":[{"@type":"ReadAction","target":["https:\/\/www.aristarco.it\/fr\/travailler-avec-nous\/"]}]},{"@type":"BreadcrumbList","@id":"https:\/\/www.aristarco.it\/fr\/travailler-avec-nous\/#breadcrumb","itemListElement":[{"@type":"ListItem","position":1,"name":"Home","item":"https:\/\/www.aristarco.it\/fr\/"},{"@type":"ListItem","position":2,"name":"Travailler avec nous"}]},{"@type":"WebSite","@id":"https:\/\/www.aristarco.it\/fr\/#website","url":"https:\/\/www.aristarco.it\/fr\/","name":"Aristarco","description":"A family of washing &amp; ice","publisher":{"@id":"https:\/\/www.aristarco.it\/fr\/#organization"},"potentialAction":[{"@type":"SearchAction","target":{"@type":"EntryPoint","urlTemplate":"https:\/\/www.aristarco.it\/fr\/?s={search_term_string}"},"query-input":{"@type":"PropertyValueSpecification","valueRequired":true,"valueName":"search_term_string"}}],"inLanguage":"fr-FR"},{"@type":"Organization","@id":"https:\/\/www.aristarco.it\/fr\/#organization","name":"Aristarco S.p.A.","url":"https:\/\/www.aristarco.it\/fr\/","logo":{"@type":"ImageObject","inLanguage":"fr-FR","@id":"https:\/\/www.aristarco.it\/fr\/#\/schema\/logo\/image\/","url":"https:\/\/www.aristarco.it\/wp-content\/uploads\/2018\/09\/logo.png","contentUrl":"https:\/\/www.aristarco.it\/wp-content\/uploads\/2018\/09\/logo.png","width":560,"height":99,"caption":"Aristarco S.p.A."},"image":{"@id":"https:\/\/www.aristarco.it\/fr\/#\/schema\/logo\/image\/"},"sameAs":["https:\/\/www.facebook.com\/aristarcospa","https:\/\/www.linkedin.com\/company\/24691537\/admin\/","https:\/\/www.instagram.com\/aristarco_spa\/"]}]}},"_links":{"self":[{"href":"https:\/\/www.aristarco.it\/fr\/wp-json\/wp\/v2\/pages\/16728","targetHints":{"allow":["GET"]}}],"collection":[{"href":"https:\/\/www.aristarco.it\/fr\/wp-json\/wp\/v2\/pages"}],"about":[{"href":"https:\/\/www.aristarco.it\/fr\/wp-json\/wp\/v2\/types\/page"}],"author":[{"embeddable":true,"href":"https:\/\/www.aristarco.it\/fr\/wp-json\/wp\/v2\/users\/1"}],"replies":[{"embeddable":true,"href":"https:\/\/www.aristarco.it\/fr\/wp-json\/wp\/v2\/comments?post=16728"}],"version-history":[{"count":4,"href":"https:\/\/www.aristarco.it\/fr\/wp-json\/wp\/v2\/pages\/16728\/revisions"}],"predecessor-version":[{"id":16736,"href":"https:\/\/www.aristarco.it\/fr\/wp-json\/wp\/v2\/pages\/16728\/revisions\/16736"}],"wp:attachment":[{"href":"https:\/\/www.aristarco.it\/fr\/wp-json\/wp\/v2\/media?parent=16728"}],"curies":[{"name":"wp","href":"https:\/\/api.w.org\/{rel}","templated":true}]}}